{"id":95680,"date":"2025-02-25T00:30:10","date_gmt":"2025-02-24T21:30:10","guid":{"rendered":"https:\/\/privadohotels.com\/?page_id=95680"},"modified":"2025-03-03T22:43:59","modified_gmt":"2025-03-03T19:43:59","slug":"sertifikalarimiz","status":"publish","type":"page","link":"https:\/\/privadohotels.com\/en\/sertifikalarimiz\/","title":{"rendered":"Our certificates"},"content":{"rendered":"<div data-elementor-type=\"wp-page\" data-elementor-id=\"95680\" class=\"elementor elementor-95680\" data-elementor-post-type=\"page\">\n\t\t\t\t<div class=\"elementor-element elementor-element-1633724 e-flex e-con-boxed elementor-invisible e-con e-parent\" data-id=\"1633724\" data-element_type=\"container\" data-settings=\"{&quot;animation&quot;:&quot;fadeInUp&quot;}\">\n\t\t\t\t\t<div class=\"e-con-inner\">\n\t\t\t\t<div class=\"elementor-element elementor-element-8b9fe7f elementor-widget elementor-widget-heading\" data-id=\"8b9fe7f\" data-element_type=\"widget\" data-widget_type=\"heading.default\">\n\t\t\t\t<div class=\"elementor-widget-container\">\n\t\t\t\t\t<h2 class=\"elementor-heading-title elementor-size-default\">Our certificates<\/h2>\t\t\t\t<\/div>\n\t\t\t\t<\/div>\n\t\t\t\t\t<\/div>\n\t\t\t\t<\/div>\n\t\t<div class=\"elementor-element elementor-element-4f5e987 elementor-hidden-tablet elementor-hidden-mobile e-flex e-con-boxed elementor-invisible e-con e-parent\" data-id=\"4f5e987\" data-element_type=\"container\" data-settings=\"{&quot;animation&quot;:&quot;fadeInUp&quot;}\">\n\t\t\t\t\t<div class=\"e-con-inner\">\n\t\t<div class=\"elementor-element elementor-element-32b3faf e-con-full e-flex e-con e-child\" data-id=\"32b3faf\" data-element_type=\"container\">\n\t\t\t\t<div class=\"elementor-element elementor-element-b0dca44 elementor-widget elementor-widget-image\" data-id=\"b0dca44\" data-element_type=\"widget\" data-widget_type=\"image.default\">\n\t\t\t\t<div class=\"elementor-widget-container\">\n\t\t\t\t\t\t\t\t\t\t\t\t\t\t\t\t<a href=\"https:\/\/privadohotels.com\/wp-content\/uploads\/2025\/03\/SURDURULEBILIRLIK-VE-CEVRE-POLITIKASI-1.pdf\">\n\t\t\t\t\t\t\t<img fetchpriority=\"high\" decoding=\"async\" width=\"1024\" height=\"1024\" src=\"https:\/\/privadohotels.com\/wp-content\/uploads\/2025\/02\/Image_20250220_0002-1.webp\" class=\"attachment-large size-large wp-image-95682\" alt=\"\" srcset=\"https:\/\/privadohotels.com\/wp-content\/uploads\/2025\/02\/Image_20250220_0002-1.webp 1024w, https:\/\/privadohotels.com\/wp-content\/uploads\/2025\/02\/Image_20250220_0002-1-300x300.webp 300w, https:\/\/privadohotels.com\/wp-content\/uploads\/2025\/02\/Image_20250220_0002-1-150x150.webp 150w, https:\/\/privadohotels.com\/wp-content\/uploads\/2025\/02\/Image_20250220_0002-1-768x768.webp 768w, https:\/\/privadohotels.com\/wp-content\/uploads\/2025\/02\/Image_20250220_0002-1-12x12.webp 12w\" sizes=\"(max-width: 1024px) 100vw, 1024px\" \/>\t\t\t\t\t\t\t\t<\/a>\n\t\t\t\t\t\t\t\t\t\t\t\t\t\t\t<\/div>\n\t\t\t\t<\/div>\n\t\t\t\t<\/div>\n\t\t<div class=\"elementor-element elementor-element-ed5663c e-con-full e-flex e-con e-child\" data-id=\"ed5663c\" data-element_type=\"container\">\n\t\t\t\t<div class=\"elementor-element elementor-element-3d84680 elementor-widget elementor-widget-image\" data-id=\"3d84680\" data-element_type=\"widget\" data-widget_type=\"image.default\">\n\t\t\t\t<div class=\"elementor-widget-container\">\n\t\t\t\t\t\t\t\t\t\t\t\t\t\t\t\t<a href=\"https:\/\/privadohotels.com\/wp-content\/uploads\/2025\/03\/SURDURULEBILIRLIK-VE-CEVRE-POLITIKASI-1.pdf\">\n\t\t\t\t\t\t\t<img fetchpriority=\"high\" decoding=\"async\" width=\"1024\" height=\"1024\" src=\"https:\/\/privadohotels.com\/wp-content\/uploads\/2025\/02\/Image_20250220_0002-1.webp\" class=\"attachment-large size-large wp-image-95682\" alt=\"\" srcset=\"https:\/\/privadohotels.com\/wp-content\/uploads\/2025\/02\/Image_20250220_0002-1.webp 1024w, https:\/\/privadohotels.com\/wp-content\/uploads\/2025\/02\/Image_20250220_0002-1-300x300.webp 300w, https:\/\/privadohotels.com\/wp-content\/uploads\/2025\/02\/Image_20250220_0002-1-150x150.webp 150w, https:\/\/privadohotels.com\/wp-content\/uploads\/2025\/02\/Image_20250220_0002-1-768x768.webp 768w, https:\/\/privadohotels.com\/wp-content\/uploads\/2025\/02\/Image_20250220_0002-1-12x12.webp 12w\" sizes=\"(max-width: 1024px) 100vw, 1024px\" \/>\t\t\t\t\t\t\t\t<\/a>\n\t\t\t\t\t\t\t\t\t\t\t\t\t\t\t<\/div>\n\t\t\t\t<\/div>\n\t\t\t\t<\/div>\n\t\t<div class=\"elementor-element elementor-element-5a7e6e0 e-con-full e-flex e-con e-child\" data-id=\"5a7e6e0\" data-element_type=\"container\">\n\t\t\t\t<div class=\"elementor-element elementor-element-a96d452 elementor-widget elementor-widget-image\" data-id=\"a96d452\" data-element_type=\"widget\" data-widget_type=\"image.default\">\n\t\t\t\t<div class=\"elementor-widget-container\">\n\t\t\t\t\t\t\t\t\t\t\t\t\t\t\t\t<a href=\"https:\/\/privadohotels.com\/wp-content\/uploads\/2025\/03\/ENGELLI-OLANAKLARI.pdf\">\n\t\t\t\t\t\t\t<img decoding=\"async\" width=\"512\" height=\"512\" src=\"https:\/\/privadohotels.com\/wp-content\/uploads\/2025\/03\/unnamed.png\" class=\"attachment-large size-large wp-image-95767\" alt=\"\" srcset=\"https:\/\/privadohotels.com\/wp-content\/uploads\/2025\/03\/unnamed.png 512w, https:\/\/privadohotels.com\/wp-content\/uploads\/2025\/03\/unnamed-300x300.png 300w, https:\/\/privadohotels.com\/wp-content\/uploads\/2025\/03\/unnamed-150x150.png 150w, https:\/\/privadohotels.com\/wp-content\/uploads\/2025\/03\/unnamed-12x12.png 12w\" sizes=\"(max-width: 512px) 100vw, 512px\" \/>\t\t\t\t\t\t\t\t<\/a>\n\t\t\t\t\t\t\t\t\t\t\t\t\t\t\t<\/div>\n\t\t\t\t<\/div>\n\t\t\t\t<\/div>\n\t\t<div class=\"elementor-element elementor-element-5792fba e-con-full e-flex e-con e-child\" data-id=\"5792fba\" data-element_type=\"container\">\n\t\t\t\t<div class=\"elementor-element elementor-element-b090a08 elementor-widget elementor-widget-image\" data-id=\"b090a08\" data-element_type=\"widget\" data-widget_type=\"image.default\">\n\t\t\t\t<div class=\"elementor-widget-container\">\n\t\t\t\t\t\t\t\t\t\t\t\t\t\t\t<img decoding=\"async\" width=\"736\" height=\"736\" src=\"https:\/\/privadohotels.com\/wp-content\/uploads\/2025\/03\/image00002.jpeg\" class=\"attachment-large size-large wp-image-95761\" alt=\"\" srcset=\"https:\/\/privadohotels.com\/wp-content\/uploads\/2025\/03\/image00002.jpeg 736w, https:\/\/privadohotels.com\/wp-content\/uploads\/2025\/03\/image00002-300x300.jpeg 300w, https:\/\/privadohotels.com\/wp-content\/uploads\/2025\/03\/image00002-150x150.jpeg 150w, https:\/\/privadohotels.com\/wp-content\/uploads\/2025\/03\/image00002-12x12.jpeg 12w\" sizes=\"(max-width: 736px) 100vw, 736px\" \/>\t\t\t\t\t\t\t\t\t\t\t\t\t\t\t<\/div>\n\t\t\t\t<\/div>\n\t\t\t\t<\/div>\n\t\t\t\t\t<\/div>\n\t\t\t\t<\/div>\n\t\t<div class=\"elementor-element elementor-element-f146c5a e-grid elementor-hidden-desktop e-con-boxed elementor-invisible e-con e-parent\" data-id=\"f146c5a\" data-element_type=\"container\" data-settings=\"{&quot;animation&quot;:&quot;fadeInUp&quot;}\">\n\t\t\t\t\t<div class=\"e-con-inner\">\n\t\t<div class=\"elementor-element elementor-element-4c095d7 e-con-full e-flex e-con e-child\" data-id=\"4c095d7\" data-element_type=\"container\">\n\t\t\t\t<div class=\"elementor-element elementor-element-ee8726a elementor-widget elementor-widget-image\" data-id=\"ee8726a\" data-element_type=\"widget\" data-widget_type=\"image.default\">\n\t\t\t\t<div class=\"elementor-widget-container\">\n\t\t\t\t\t\t\t\t\t\t\t\t\t\t\t\t<a href=\"https:\/\/privadohotels.com\/wp-content\/uploads\/2025\/03\/SURDURULEBILIRLIK-VE-CEVRE-POLITIKASI-1.pdf\">\n\t\t\t\t\t\t\t<img fetchpriority=\"high\" decoding=\"async\" width=\"1024\" height=\"1024\" src=\"https:\/\/privadohotels.com\/wp-content\/uploads\/2025\/02\/Image_20250220_0002-1.webp\" class=\"attachment-large size-large wp-image-95682\" alt=\"\" srcset=\"https:\/\/privadohotels.com\/wp-content\/uploads\/2025\/02\/Image_20250220_0002-1.webp 1024w, https:\/\/privadohotels.com\/wp-content\/uploads\/2025\/02\/Image_20250220_0002-1-300x300.webp 300w, https:\/\/privadohotels.com\/wp-content\/uploads\/2025\/02\/Image_20250220_0002-1-150x150.webp 150w, https:\/\/privadohotels.com\/wp-content\/uploads\/2025\/02\/Image_20250220_0002-1-768x768.webp 768w, https:\/\/privadohotels.com\/wp-content\/uploads\/2025\/02\/Image_20250220_0002-1-12x12.webp 12w\" sizes=\"(max-width: 1024px) 100vw, 1024px\" \/>\t\t\t\t\t\t\t\t<\/a>\n\t\t\t\t\t\t\t\t\t\t\t\t\t\t\t<\/div>\n\t\t\t\t<\/div>\n\t\t\t\t<\/div>\n\t\t<div class=\"elementor-element elementor-element-6472bd8 e-con-full e-flex e-con e-child\" data-id=\"6472bd8\" data-element_type=\"container\">\n\t\t\t\t<div class=\"elementor-element elementor-element-b4beac7 elementor-widget elementor-widget-image\" data-id=\"b4beac7\" data-element_type=\"widget\" data-widget_type=\"image.default\">\n\t\t\t\t<div class=\"elementor-widget-container\">\n\t\t\t\t\t\t\t\t\t\t\t\t\t\t\t\t<a href=\"https:\/\/privadohotels.com\/wp-content\/uploads\/2025\/03\/SURDURULEBILIRLIK-VE-CEVRE-POLITIKASI-1.pdf\">\n\t\t\t\t\t\t\t<img fetchpriority=\"high\" decoding=\"async\" width=\"1024\" height=\"1024\" src=\"https:\/\/privadohotels.com\/wp-content\/uploads\/2025\/02\/Image_20250220_0002-1.webp\" class=\"attachment-large size-large wp-image-95682\" alt=\"\" srcset=\"https:\/\/privadohotels.com\/wp-content\/uploads\/2025\/02\/Image_20250220_0002-1.webp 1024w, https:\/\/privadohotels.com\/wp-content\/uploads\/2025\/02\/Image_20250220_0002-1-300x300.webp 300w, https:\/\/privadohotels.com\/wp-content\/uploads\/2025\/02\/Image_20250220_0002-1-150x150.webp 150w, https:\/\/privadohotels.com\/wp-content\/uploads\/2025\/02\/Image_20250220_0002-1-768x768.webp 768w, https:\/\/privadohotels.com\/wp-content\/uploads\/2025\/02\/Image_20250220_0002-1-12x12.webp 12w\" sizes=\"(max-width: 1024px) 100vw, 1024px\" \/>\t\t\t\t\t\t\t\t<\/a>\n\t\t\t\t\t\t\t\t\t\t\t\t\t\t\t<\/div>\n\t\t\t\t<\/div>\n\t\t\t\t<\/div>\n\t\t<div class=\"elementor-element elementor-element-0f5be7b e-con-full e-flex e-con e-child\" data-id=\"0f5be7b\" data-element_type=\"container\">\n\t\t\t\t<div class=\"elementor-element elementor-element-9dcdca4 elementor-widget elementor-widget-image\" data-id=\"9dcdca4\" data-element_type=\"widget\" data-widget_type=\"image.default\">\n\t\t\t\t<div class=\"elementor-widget-container\">\n\t\t\t\t\t\t\t\t\t\t\t\t\t\t\t\t<a href=\"https:\/\/privadohotels.com\/wp-content\/uploads\/2025\/03\/ENGELLI-OLANAKLARI.pdf\">\n\t\t\t\t\t\t\t<img decoding=\"async\" width=\"512\" height=\"512\" src=\"https:\/\/privadohotels.com\/wp-content\/uploads\/2025\/03\/unnamed.png\" class=\"attachment-large size-large wp-image-95767\" alt=\"\" srcset=\"https:\/\/privadohotels.com\/wp-content\/uploads\/2025\/03\/unnamed.png 512w, https:\/\/privadohotels.com\/wp-content\/uploads\/2025\/03\/unnamed-300x300.png 300w, https:\/\/privadohotels.com\/wp-content\/uploads\/2025\/03\/unnamed-150x150.png 150w, https:\/\/privadohotels.com\/wp-content\/uploads\/2025\/03\/unnamed-12x12.png 12w\" sizes=\"(max-width: 512px) 100vw, 512px\" \/>\t\t\t\t\t\t\t\t<\/a>\n\t\t\t\t\t\t\t\t\t\t\t\t\t\t\t<\/div>\n\t\t\t\t<\/div>\n\t\t\t\t<\/div>\n\t\t<div class=\"elementor-element elementor-element-a3c8b86 e-con-full e-flex e-con e-child\" data-id=\"a3c8b86\" data-element_type=\"container\">\n\t\t\t\t<div class=\"elementor-element elementor-element-eef4bba elementor-widget elementor-widget-image\" data-id=\"eef4bba\" data-element_type=\"widget\" data-widget_type=\"image.default\">\n\t\t\t\t<div class=\"elementor-widget-container\">\n\t\t\t\t\t\t\t\t\t\t\t\t\t\t\t<img decoding=\"async\" width=\"736\" height=\"736\" src=\"https:\/\/privadohotels.com\/wp-content\/uploads\/2025\/03\/image00002.jpeg\" class=\"attachment-large size-large wp-image-95761\" alt=\"\" srcset=\"https:\/\/privadohotels.com\/wp-content\/uploads\/2025\/03\/image00002.jpeg 736w, https:\/\/privadohotels.com\/wp-content\/uploads\/2025\/03\/image00002-300x300.jpeg 300w, https:\/\/privadohotels.com\/wp-content\/uploads\/2025\/03\/image00002-150x150.jpeg 150w, https:\/\/privadohotels.com\/wp-content\/uploads\/2025\/03\/image00002-12x12.jpeg 12w\" sizes=\"(max-width: 736px) 100vw, 736px\" \/>\t\t\t\t\t\t\t\t\t\t\t\t\t\t\t<\/div>\n\t\t\t\t<\/div>\n\t\t\t\t<\/div>\n\t\t\t\t\t<\/div>\n\t\t\t\t<\/div>\n\t\t\t\t<\/div>","protected":false},"excerpt":{"rendered":"<p>Our certificates<\/p>","protected":false},"author":1,"featured_media":0,"parent":0,"menu_order":0,"comment_status":"closed","ping_status":"closed","template":"elementor_header_footer","meta":{"footnotes":""},"class_list":["post-95680","page","type-page","status-publish","hentry"],"yoast_head":"<!-- This site is optimized with the Yoast SEO plugin v24.3 - https:\/\/yoast.com\/wordpress\/plugins\/seo\/ -->\n<title>Sertifikalar\u0131m\u0131z - Privado Hotels<\/title>\n<meta name=\"robots\" content=\"index, follow, max-snippet:-1, max-image-preview:large, max-video-preview:-1\" \/>\n<link rel=\"canonical\" href=\"https:\/\/privadohotels.com\/en\/sertifikalarimiz\/\" \/>\n<meta property=\"og:locale\" content=\"en_US\" \/>\n<meta property=\"og:type\" content=\"article\" \/>\n<meta property=\"og:title\" content=\"Sertifikalar\u0131m\u0131z - Privado Hotels\" \/>\n<meta property=\"og:description\" content=\"Sertifikalar\u0131m\u0131z\" \/>\n<meta property=\"og:url\" content=\"https:\/\/privadohotels.com\/en\/sertifikalarimiz\/\" \/>\n<meta property=\"og:site_name\" content=\"Privado Hotels\" \/>\n<meta property=\"article:modified_time\" content=\"2025-03-03T19:43:59+00:00\" \/>\n<meta property=\"og:image\" content=\"https:\/\/privadohotels.com\/wp-content\/uploads\/2025\/02\/Image_20250220_0002-1.webp\" \/>\n\t<meta property=\"og:image:width\" content=\"1024\" \/>\n\t<meta property=\"og:image:height\" content=\"1024\" \/>\n\t<meta property=\"og:image:type\" content=\"image\/webp\" \/>\n<meta name=\"twitter:card\" content=\"summary_large_image\" \/>\n<meta name=\"twitter:label1\" content=\"Est. reading time\" \/>\n\t<meta name=\"twitter:data1\" content=\"2 minutes\" \/>\n<script type=\"application\/ld+json\" class=\"yoast-schema-graph\">{\"@context\":\"https:\/\/schema.org\",\"@graph\":[{\"@type\":\"WebPage\",\"@id\":\"https:\/\/privadohotels.com\/sertifikalarimiz\/\",\"url\":\"https:\/\/privadohotels.com\/sertifikalarimiz\/\",\"name\":\"Sertifikalar\u0131m\u0131z - Privado Hotels\",\"isPartOf\":{\"@id\":\"https:\/\/privadohotels.com\/#website\"},\"primaryImageOfPage\":{\"@id\":\"https:\/\/privadohotels.com\/sertifikalarimiz\/#primaryimage\"},\"image\":{\"@id\":\"https:\/\/privadohotels.com\/sertifikalarimiz\/#primaryimage\"},\"thumbnailUrl\":\"https:\/\/privadohotels.com\/wp-content\/uploads\/2025\/02\/Image_20250220_0002-1.webp\",\"datePublished\":\"2025-02-24T21:30:10+00:00\",\"dateModified\":\"2025-03-03T19:43:59+00:00\",\"breadcrumb\":{\"@id\":\"https:\/\/privadohotels.com\/sertifikalarimiz\/#breadcrumb\"},\"inLanguage\":\"en-US\",\"potentialAction\":[{\"@type\":\"ReadAction\",\"target\":[\"https:\/\/privadohotels.com\/sertifikalarimiz\/\"]}]},{\"@type\":\"ImageObject\",\"inLanguage\":\"en-US\",\"@id\":\"https:\/\/privadohotels.com\/sertifikalarimiz\/#primaryimage\",\"url\":\"https:\/\/privadohotels.com\/wp-content\/uploads\/2025\/02\/Image_20250220_0002-1.webp\",\"contentUrl\":\"https:\/\/privadohotels.com\/wp-content\/uploads\/2025\/02\/Image_20250220_0002-1.webp\"},{\"@type\":\"BreadcrumbList\",\"@id\":\"https:\/\/privadohotels.com\/sertifikalarimiz\/#breadcrumb\",\"itemListElement\":[{\"@type\":\"ListItem\",\"position\":1,\"name\":\"Anasayfa\",\"item\":\"https:\/\/privadohotels.com\/\"},{\"@type\":\"ListItem\",\"position\":2,\"name\":\"Sertifikalar\u0131m\u0131z\"}]},{\"@type\":\"WebSite\",\"@id\":\"https:\/\/privadohotels.com\/#website\",\"url\":\"https:\/\/privadohotels.com\/\",\"name\":\"Privado Hotels\",\"description\":\"Privado Hotels - Antalya Hotel | Antalya Otel\",\"publisher\":{\"@id\":\"https:\/\/privadohotels.com\/#organization\"},\"potentialAction\":[{\"@type\":\"SearchAction\",\"target\":{\"@type\":\"EntryPoint\",\"urlTemplate\":\"https:\/\/privadohotels.com\/?s={search_term_string}\"},\"query-input\":{\"@type\":\"PropertyValueSpecification\",\"valueRequired\":true,\"valueName\":\"search_term_string\"}}],\"inLanguage\":\"en-US\"},{\"@type\":\"Organization\",\"@id\":\"https:\/\/privadohotels.com\/#organization\",\"name\":\"Privado Hotels\",\"url\":\"https:\/\/privadohotels.com\/\",\"logo\":{\"@type\":\"ImageObject\",\"inLanguage\":\"en-US\",\"@id\":\"https:\/\/privadohotels.com\/#\/schema\/logo\/image\/\",\"url\":\"https:\/\/privadohotels.com\/wp-content\/uploads\/2021\/12\/the7-logo-004.svg\",\"contentUrl\":\"https:\/\/privadohotels.com\/wp-content\/uploads\/2021\/12\/the7-logo-004.svg\",\"caption\":\"Privado Hotels\"},\"image\":{\"@id\":\"https:\/\/privadohotels.com\/#\/schema\/logo\/image\/\"}}]}<\/script>\n<!-- \/ Yoast SEO plugin. -->","yoast_head_json":{"title":"Sertifikalar\u0131m\u0131z - Privado Hotels","robots":{"index":"index","follow":"follow","max-snippet":"max-snippet:-1","max-image-preview":"max-image-preview:large","max-video-preview":"max-video-preview:-1"},"canonical":"https:\/\/privadohotels.com\/en\/sertifikalarimiz\/","og_locale":"en_US","og_type":"article","og_title":"Sertifikalar\u0131m\u0131z - Privado Hotels","og_description":"Sertifikalar\u0131m\u0131z","og_url":"https:\/\/privadohotels.com\/en\/sertifikalarimiz\/","og_site_name":"Privado Hotels","article_modified_time":"2025-03-03T19:43:59+00:00","og_image":[{"width":1024,"height":1024,"url":"https:\/\/privadohotels.com\/wp-content\/uploads\/2025\/02\/Image_20250220_0002-1.webp","type":"image\/webp"}],"twitter_card":"summary_large_image","twitter_misc":{"Est. reading time":"2 minutes"},"schema":{"@context":"https:\/\/schema.org","@graph":[{"@type":"WebPage","@id":"https:\/\/privadohotels.com\/sertifikalarimiz\/","url":"https:\/\/privadohotels.com\/sertifikalarimiz\/","name":"Sertifikalar\u0131m\u0131z - Privado Hotels","isPartOf":{"@id":"https:\/\/privadohotels.com\/#website"},"primaryImageOfPage":{"@id":"https:\/\/privadohotels.com\/sertifikalarimiz\/#primaryimage"},"image":{"@id":"https:\/\/privadohotels.com\/sertifikalarimiz\/#primaryimage"},"thumbnailUrl":"https:\/\/privadohotels.com\/wp-content\/uploads\/2025\/02\/Image_20250220_0002-1.webp","datePublished":"2025-02-24T21:30:10+00:00","dateModified":"2025-03-03T19:43:59+00:00","breadcrumb":{"@id":"https:\/\/privadohotels.com\/sertifikalarimiz\/#breadcrumb"},"inLanguage":"en-US","potentialAction":[{"@type":"ReadAction","target":["https:\/\/privadohotels.com\/sertifikalarimiz\/"]}]},{"@type":"ImageObject","inLanguage":"en-US","@id":"https:\/\/privadohotels.com\/sertifikalarimiz\/#primaryimage","url":"https:\/\/privadohotels.com\/wp-content\/uploads\/2025\/02\/Image_20250220_0002-1.webp","contentUrl":"https:\/\/privadohotels.com\/wp-content\/uploads\/2025\/02\/Image_20250220_0002-1.webp"},{"@type":"BreadcrumbList","@id":"https:\/\/privadohotels.com\/sertifikalarimiz\/#breadcrumb","itemListElement":[{"@type":"ListItem","position":1,"name":"Anasayfa","item":"https:\/\/privadohotels.com\/"},{"@type":"ListItem","position":2,"name":"Sertifikalar\u0131m\u0131z"}]},{"@type":"WebSite","@id":"https:\/\/privadohotels.com\/#website","url":"https:\/\/privadohotels.com\/","name":"Privado Hotels","description":"Privado Hotels - Antalya Hotel | Antalya Otel","publisher":{"@id":"https:\/\/privadohotels.com\/#organization"},"potentialAction":[{"@type":"SearchAction","target":{"@type":"EntryPoint","urlTemplate":"https:\/\/privadohotels.com\/?s={search_term_string}"},"query-input":{"@type":"PropertyValueSpecification","valueRequired":true,"valueName":"search_term_string"}}],"inLanguage":"en-US"},{"@type":"Organization","@id":"https:\/\/privadohotels.com\/#organization","name":"Privado Hotels","url":"https:\/\/privadohotels.com\/","logo":{"@type":"ImageObject","inLanguage":"en-US","@id":"https:\/\/privadohotels.com\/#\/schema\/logo\/image\/","url":"https:\/\/privadohotels.com\/wp-content\/uploads\/2021\/12\/the7-logo-004.svg","contentUrl":"https:\/\/privadohotels.com\/wp-content\/uploads\/2021\/12\/the7-logo-004.svg","caption":"Privado Hotels"},"image":{"@id":"https:\/\/privadohotels.com\/#\/schema\/logo\/image\/"}}]}},"_links":{"self":[{"href":"https:\/\/privadohotels.com\/en\/wp-json\/wp\/v2\/pages\/95680","targetHints":{"allow":["GET"]}}],"collection":[{"href":"https:\/\/privadohotels.com\/en\/wp-json\/wp\/v2\/pages"}],"about":[{"href":"https:\/\/privadohotels.com\/en\/wp-json\/wp\/v2\/types\/page"}],"author":[{"embeddable":true,"href":"https:\/\/privadohotels.com\/en\/wp-json\/wp\/v2\/users\/1"}],"replies":[{"embeddable":true,"href":"https:\/\/privadohotels.com\/en\/wp-json\/wp\/v2\/comments?post=95680"}],"version-history":[{"count":10,"href":"https:\/\/privadohotels.com\/en\/wp-json\/wp\/v2\/pages\/95680\/revisions"}],"predecessor-version":[{"id":95773,"href":"https:\/\/privadohotels.com\/en\/wp-json\/wp\/v2\/pages\/95680\/revisions\/95773"}],"wp:attachment":[{"href":"https:\/\/privadohotels.com\/en\/wp-json\/wp\/v2\/media?parent=95680"}],"curies":[{"name":"wp","href":"https:\/\/api.w.org\/{rel}","templated":true}]}}