{"id":94833,"date":"2025-02-08T00:11:36","date_gmt":"2025-02-07T21:11:36","guid":{"rendered":"https:\/\/privadohotels.com\/?page_id=94833"},"modified":"2025-03-14T03:31:26","modified_gmt":"2025-03-14T00:31:26","slug":"family-room","status":"publish","type":"page","link":"https:\/\/privadohotels.com\/en\/family-room\/","title":{"rendered":"Family Room"},"content":{"rendered":"<div data-elementor-type=\"wp-page\" data-elementor-id=\"94833\" class=\"elementor elementor-94833\" data-elementor-post-type=\"page\">\n\t\t\t\t<div class=\"elementor-element elementor-element-f11287f e-flex e-con-boxed elementor-invisible e-con e-parent\" data-id=\"f11287f\" data-element_type=\"container\" data-settings=\"{&quot;animation&quot;:&quot;fadeInUp&quot;}\">\n\t\t\t\t\t<div class=\"e-con-inner\">\n\t\t\t\t<div class=\"elementor-element elementor-element-f2d2eb2 elementor-widget elementor-widget-heading\" data-id=\"f2d2eb2\" data-element_type=\"widget\" data-widget_type=\"heading.default\">\n\t\t\t\t<div class=\"elementor-widget-container\">\n\t\t\t\t\t<h2 class=\"elementor-heading-title elementor-size-default\">Economical Family Room<\/h2>\t\t\t\t<\/div>\n\t\t\t\t<\/div>\n\t\t\t\t\t<\/div>\n\t\t\t\t<\/div>\n\t\t<div class=\"elementor-element elementor-element-68fc030 elementor-hidden-tablet elementor-hidden-mobile e-flex e-con-boxed elementor-invisible e-con e-parent\" data-id=\"68fc030\" data-element_type=\"container\" data-settings=\"{&quot;animation&quot;:&quot;fadeInUp&quot;}\">\n\t\t\t\t\t<div class=\"e-con-inner\">\n\t\t<div class=\"elementor-element elementor-element-dc05b95 e-con-full e-flex e-con e-child\" data-id=\"dc05b95\" data-element_type=\"container\">\n\t\t\t\t<div class=\"elementor-element elementor-element-5fde8dd elementor-arrows-position-outside elementor-widget elementor-widget-image-carousel\" data-id=\"5fde8dd\" data-element_type=\"widget\" data-settings=\"{&quot;slides_to_show&quot;:&quot;1&quot;,&quot;navigation&quot;:&quot;arrows&quot;,&quot;autoplay&quot;:&quot;yes&quot;,&quot;pause_on_hover&quot;:&quot;yes&quot;,&quot;pause_on_interaction&quot;:&quot;yes&quot;,&quot;autoplay_speed&quot;:5000,&quot;infinite&quot;:&quot;yes&quot;,&quot;effect&quot;:&quot;slide&quot;,&quot;speed&quot;:500}\" data-widget_type=\"image-carousel.default\">\n\t\t\t\t<div class=\"elementor-widget-container\">\n\t\t\t\t\t\t\t<div class=\"elementor-image-carousel-wrapper swiper\" role=\"region\" aria-roledescription=\"carousel\" aria-label=\"Picture Cycle\" dir=\"ltr\">\n\t\t\t<div class=\"elementor-image-carousel swiper-wrapper\" aria-live=\"off\">\n\t\t\t\t\t\t\t\t<div class=\"swiper-slide\" role=\"group\" aria-roledescription=\"slide\" aria-label=\"1 \u0438\u0437 6\"><figure class=\"swiper-slide-inner\"><img decoding=\"async\" class=\"swiper-slide-image\" src=\"https:\/\/privadohotels.com\/wp-content\/uploads\/2025\/02\/1-8.png\" alt=\"1\" \/><\/figure><\/div><div class=\"swiper-slide\" role=\"group\" aria-roledescription=\"slide\" aria-label=\"2 \u0438\u0437 6\"><figure class=\"swiper-slide-inner\"><img decoding=\"async\" class=\"swiper-slide-image\" src=\"https:\/\/privadohotels.com\/wp-content\/uploads\/2025\/02\/2-8.png\" alt=\"2\" \/><\/figure><\/div><div class=\"swiper-slide\" role=\"group\" aria-roledescription=\"slide\" aria-label=\"3 \u0438\u0437 6\"><figure class=\"swiper-slide-inner\"><img decoding=\"async\" class=\"swiper-slide-image\" src=\"https:\/\/privadohotels.com\/wp-content\/uploads\/2025\/02\/3-8.png\" alt=\"3\" \/><\/figure><\/div><div class=\"swiper-slide\" role=\"group\" aria-roledescription=\"slide\" aria-label=\"4 \u0438\u0437 6\"><figure class=\"swiper-slide-inner\"><img decoding=\"async\" class=\"swiper-slide-image\" src=\"https:\/\/privadohotels.com\/wp-content\/uploads\/2025\/02\/4-7.png\" alt=\"4\" \/><\/figure><\/div><div class=\"swiper-slide\" role=\"group\" aria-roledescription=\"slide\" aria-label=\"5 \u0438\u0437 6\"><figure class=\"swiper-slide-inner\"><img decoding=\"async\" class=\"swiper-slide-image\" src=\"https:\/\/privadohotels.com\/wp-content\/uploads\/2025\/02\/5-6.png\" alt=\"5\" \/><\/figure><\/div><div class=\"swiper-slide\" role=\"group\" aria-roledescription=\"slide\" aria-label=\"6 \u0438\u0437 6\"><figure class=\"swiper-slide-inner\"><img decoding=\"async\" class=\"swiper-slide-image\" src=\"https:\/\/privadohotels.com\/wp-content\/uploads\/2025\/02\/6-5.png\" alt=\"6\" \/><\/figure><\/div>\t\t\t<\/div>\n\t\t\t\t\t\t\t\t\t\t\t\t<div class=\"elementor-swiper-button elementor-swiper-button-prev\" role=\"button\" tabindex=\"0\">\n\t\t\t\t\t\t<svg aria-hidden=\"true\" class=\"e-font-icon-svg e-eicon-chevron-left\" viewbox=\"0 0 1000 1000\" xmlns=\"http:\/\/www.w3.org\/2000\/svg\"><path d=\"M646 125C629 125 613 133 604 142L308 442C296 454 292 471 292 487 292 504 296 521 308 533L604 854C617 867 629 875 646 875 663 875 679 871 692 858 704 846 713 829 713 812 713 796 708 779 692 767L438 487 692 225C700 217 708 204 708 187 708 171 704 154 692 142 675 129 663 125 646 125Z\"><\/path><\/svg>\t\t\t\t\t<\/div>\n\t\t\t\t\t<div class=\"elementor-swiper-button elementor-swiper-button-next\" role=\"button\" tabindex=\"0\">\n\t\t\t\t\t\t<svg aria-hidden=\"true\" class=\"e-font-icon-svg e-eicon-chevron-right\" viewbox=\"0 0 1000 1000\" xmlns=\"http:\/\/www.w3.org\/2000\/svg\"><path d=\"M696 533C708 521 713 504 713 487 713 471 708 454 696 446L400 146C388 133 375 125 354 125 338 125 325 129 313 142 300 154 292 171 292 187 292 204 296 221 308 233L563 492 304 771C292 783 288 800 288 817 288 833 296 850 308 863 321 871 338 875 354 875 371 875 388 867 400 854L696 533Z\"><\/path><\/svg>\t\t\t\t\t<\/div>\n\t\t\t\t\n\t\t\t\t\t\t\t\t\t<\/div>\n\t\t\t\t\t\t<\/div>\n\t\t\t\t<\/div>\n\t\t\t\t<\/div>\n\t\t<div class=\"elementor-element elementor-element-bd51c47 e-con-full e-flex e-con e-child\" data-id=\"bd51c47\" data-element_type=\"container\">\n\t\t\t\t<div class=\"elementor-element elementor-element-d3362c6 elementor-widget elementor-widget-heading\" data-id=\"d3362c6\" data-element_type=\"widget\" data-widget_type=\"heading.default\">\n\t\t\t\t<div class=\"elementor-widget-container\">\n\t\t\t\t\t<h2 class=\"elementor-heading-title elementor-size-default\">Economical Family Room: Large Space and Special Design for the Family\n\n<\/h2>\t\t\t\t<\/div>\n\t\t\t\t<\/div>\n\t\t\t\t<div class=\"elementor-element elementor-element-d9f7796 elementor-widget elementor-widget-text-editor\" data-id=\"d9f7796\" data-element_type=\"widget\" data-widget_type=\"text-editor.default\">\n\t\t\t\t<div class=\"elementor-widget-container\">\n\t\t\t\t\t\t\t\t\t<p data-start=\"128\" data-end=\"532\">Privado Hotels&#039; Economic Family Rooms are equipped with spacious living areas and modern furniture, providing comfortable accommodation for large families or groups. The rooms have different bed arrangements. In addition, families can have a pleasant time thanks to high-speed internet, satellite channels and content for children.<\/p><p>The bathrooms are equipped with all the necessary amenities and offer extended toiletries and extra towels. Privado Hotels prioritizes the comfort of families, ensuring they have a peaceful and comfortable stay while discovering the beauties of Antalya.<\/p>\t\t\t\t\t\t\t\t<\/div>\n\t\t\t\t<\/div>\n\t\t\t\t<\/div>\n\t\t\t\t\t<\/div>\n\t\t\t\t<\/div>\n\t\t<div class=\"elementor-element elementor-element-2a20124 e-grid elementor-hidden-desktop e-con-boxed elementor-invisible e-con e-parent\" data-id=\"2a20124\" data-element_type=\"container\" data-settings=\"{&quot;animation&quot;:&quot;fadeInUp&quot;}\">\n\t\t\t\t\t<div class=\"e-con-inner\">\n\t\t<div class=\"elementor-element elementor-element-3572669 e-con-full e-flex e-con e-child\" data-id=\"3572669\" data-element_type=\"container\">\n\t\t\t\t<div class=\"elementor-element elementor-element-e8e899e elementor-arrows-position-outside elementor-widget elementor-widget-image-carousel\" data-id=\"e8e899e\" data-element_type=\"widget\" data-settings=\"{&quot;slides_to_show&quot;:&quot;1&quot;,&quot;navigation&quot;:&quot;arrows&quot;,&quot;autoplay&quot;:&quot;yes&quot;,&quot;pause_on_hover&quot;:&quot;yes&quot;,&quot;pause_on_interaction&quot;:&quot;yes&quot;,&quot;autoplay_speed&quot;:5000,&quot;infinite&quot;:&quot;yes&quot;,&quot;effect&quot;:&quot;slide&quot;,&quot;speed&quot;:500}\" data-widget_type=\"image-carousel.default\">\n\t\t\t\t<div class=\"elementor-widget-container\">\n\t\t\t\t\t\t\t<div class=\"elementor-image-carousel-wrapper swiper\" role=\"region\" aria-roledescription=\"carousel\" aria-label=\"Picture Cycle\" dir=\"ltr\">\n\t\t\t<div class=\"elementor-image-carousel swiper-wrapper\" aria-live=\"off\">\n\t\t\t\t\t\t\t\t<div class=\"swiper-slide\" role=\"group\" aria-roledescription=\"slide\" aria-label=\"1 \u0438\u0437 6\"><figure class=\"swiper-slide-inner\"><img decoding=\"async\" class=\"swiper-slide-image\" src=\"https:\/\/privadohotels.com\/wp-content\/uploads\/2025\/02\/6-5.png\" alt=\"6\" \/><\/figure><\/div><div class=\"swiper-slide\" role=\"group\" aria-roledescription=\"slide\" aria-label=\"2 \u0438\u0437 6\"><figure class=\"swiper-slide-inner\"><img decoding=\"async\" class=\"swiper-slide-image\" src=\"https:\/\/privadohotels.com\/wp-content\/uploads\/2025\/02\/5-6.png\" alt=\"5\" \/><\/figure><\/div><div class=\"swiper-slide\" role=\"group\" aria-roledescription=\"slide\" aria-label=\"3 \u0438\u0437 6\"><figure class=\"swiper-slide-inner\"><img decoding=\"async\" class=\"swiper-slide-image\" src=\"https:\/\/privadohotels.com\/wp-content\/uploads\/2025\/02\/4-7.png\" alt=\"4\" \/><\/figure><\/div><div class=\"swiper-slide\" role=\"group\" aria-roledescription=\"slide\" aria-label=\"4 \u0438\u0437 6\"><figure class=\"swiper-slide-inner\"><img decoding=\"async\" class=\"swiper-slide-image\" src=\"https:\/\/privadohotels.com\/wp-content\/uploads\/2025\/02\/3-8.png\" alt=\"3\" \/><\/figure><\/div><div class=\"swiper-slide\" role=\"group\" aria-roledescription=\"slide\" aria-label=\"5 \u0438\u0437 6\"><figure class=\"swiper-slide-inner\"><img decoding=\"async\" class=\"swiper-slide-image\" src=\"https:\/\/privadohotels.com\/wp-content\/uploads\/2025\/02\/2-8.png\" alt=\"2\" \/><\/figure><\/div><div class=\"swiper-slide\" role=\"group\" aria-roledescription=\"slide\" aria-label=\"6 \u0438\u0437 6\"><figure class=\"swiper-slide-inner\"><img decoding=\"async\" class=\"swiper-slide-image\" src=\"https:\/\/privadohotels.com\/wp-content\/uploads\/2025\/02\/1-8.png\" alt=\"1\" \/><\/figure><\/div>\t\t\t<\/div>\n\t\t\t\t\t\t\t\t\t\t\t\t<div class=\"elementor-swiper-button elementor-swiper-button-prev\" role=\"button\" tabindex=\"0\">\n\t\t\t\t\t\t<svg aria-hidden=\"true\" class=\"e-font-icon-svg e-eicon-chevron-left\" viewbox=\"0 0 1000 1000\" xmlns=\"http:\/\/www.w3.org\/2000\/svg\"><path d=\"M646 125C629 125 613 133 604 142L308 442C296 454 292 471 292 487 292 504 296 521 308 533L604 854C617 867 629 875 646 875 663 875 679 871 692 858 704 846 713 829 713 812 713 796 708 779 692 767L438 487 692 225C700 217 708 204 708 187 708 171 704 154 692 142 675 129 663 125 646 125Z\"><\/path><\/svg>\t\t\t\t\t<\/div>\n\t\t\t\t\t<div class=\"elementor-swiper-button elementor-swiper-button-next\" role=\"button\" tabindex=\"0\">\n\t\t\t\t\t\t<svg aria-hidden=\"true\" class=\"e-font-icon-svg e-eicon-chevron-right\" viewbox=\"0 0 1000 1000\" xmlns=\"http:\/\/www.w3.org\/2000\/svg\"><path d=\"M696 533C708 521 713 504 713 487 713 471 708 454 696 446L400 146C388 133 375 125 354 125 338 125 325 129 313 142 300 154 292 171 292 187 292 204 296 221 308 233L563 492 304 771C292 783 288 800 288 817 288 833 296 850 308 863 321 871 338 875 354 875 371 875 388 867 400 854L696 533Z\"><\/path><\/svg>\t\t\t\t\t<\/div>\n\t\t\t\t\n\t\t\t\t\t\t\t\t\t<\/div>\n\t\t\t\t\t\t<\/div>\n\t\t\t\t<\/div>\n\t\t\t\t<\/div>\n\t\t<div class=\"elementor-element elementor-element-92f0be9 e-con-full e-flex e-con e-child\" data-id=\"92f0be9\" data-element_type=\"container\">\n\t\t\t\t<div class=\"elementor-element elementor-element-59df964 elementor-widget elementor-widget-heading\" data-id=\"59df964\" data-element_type=\"widget\" data-widget_type=\"heading.default\">\n\t\t\t\t<div class=\"elementor-widget-container\">\n\t\t\t\t\t<h2 class=\"elementor-heading-title elementor-size-default\">Economical Family Room: Large Space and Special Design for the Family\n\n<\/h2>\t\t\t\t<\/div>\n\t\t\t\t<\/div>\n\t\t\t\t<div class=\"elementor-element elementor-element-93080ab elementor-widget elementor-widget-text-editor\" data-id=\"93080ab\" data-element_type=\"widget\" data-widget_type=\"text-editor.default\">\n\t\t\t\t<div class=\"elementor-widget-container\">\n\t\t\t\t\t\t\t\t\t<p data-start=\"128\" data-end=\"532\">Privado Hotels&#039; Economic Family Rooms are equipped with spacious living areas and modern furniture, providing comfortable accommodation for large families or groups. The rooms have different bed arrangements. In addition, families can have a pleasant time thanks to high-speed internet, satellite channels and content for children.<\/p><p>The bathrooms are equipped with all the necessary amenities and offer extended toiletries and extra towels. Privado Hotels prioritizes the comfort of families, ensuring they have a peaceful and comfortable stay while discovering the beauties of Antalya.<\/p>\t\t\t\t\t\t\t\t<\/div>\n\t\t\t\t<\/div>\n\t\t\t\t<\/div>\n\t\t\t\t\t<\/div>\n\t\t\t\t<\/div>\n\t\t\t\t<\/div>","protected":false},"excerpt":{"rendered":"<p>Ekonomik Aile Odas\u0131 Ekonomik Aile Odas\u0131 : Geni\u015f Alan ve Aileye \u00d6zel Tasar\u0131m Privado Hotels\u2019in Ekonomik Aile Odalar\u0131, geni\u015f ya\u015fam alan\u0131 ve modern mobilyalarla donat\u0131lm\u0131\u015f olup b\u00fcy\u00fck aileler veya gruplar i\u00e7in konforlu bir konaklama sunar. Odalarda, farkl\u0131 yatak d\u00fczenlemeleri bulunur. Ayr\u0131ca, y\u00fcksek h\u0131zl\u0131 internet, uydu kanallar\u0131 ve \u00e7ocuklara \u00f6zel i\u00e7erikler sayesinde aileler keyifli vakit ge\u00e7irebilir.&hellip;<\/p>","protected":false},"author":1,"featured_media":0,"parent":0,"menu_order":0,"comment_status":"closed","ping_status":"closed","template":"elementor_header_footer","meta":{"footnotes":""},"class_list":["post-94833","page","type-page","status-publish","hentry"],"yoast_head":"<!-- This site is optimized with the Yoast SEO plugin v24.3 - https:\/\/yoast.com\/wordpress\/plugins\/seo\/ -->\n<title>Family Room - Privado Hotels<\/title>\n<meta name=\"robots\" content=\"index, follow, max-snippet:-1, max-image-preview:large, max-video-preview:-1\" \/>\n<link rel=\"canonical\" href=\"https:\/\/privadohotels.com\/en\/family-room\/\" \/>\n<meta property=\"og:locale\" content=\"en_US\" \/>\n<meta property=\"og:type\" content=\"article\" \/>\n<meta property=\"og:title\" content=\"Family Room - Privado Hotels\" \/>\n<meta property=\"og:description\" content=\"Ekonomik Aile Odas\u0131 Ekonomik Aile Odas\u0131 : Geni\u015f Alan ve Aileye \u00d6zel Tasar\u0131m Privado Hotels\u2019in Ekonomik Aile Odalar\u0131, geni\u015f ya\u015fam alan\u0131 ve modern mobilyalarla donat\u0131lm\u0131\u015f olup b\u00fcy\u00fck aileler veya gruplar i\u00e7in konforlu bir konaklama sunar. Odalarda, farkl\u0131 yatak d\u00fczenlemeleri bulunur. Ayr\u0131ca, y\u00fcksek h\u0131zl\u0131 internet, uydu kanallar\u0131 ve \u00e7ocuklara \u00f6zel i\u00e7erikler sayesinde aileler keyifli vakit ge\u00e7irebilir.&hellip;\" \/>\n<meta property=\"og:url\" content=\"https:\/\/privadohotels.com\/en\/family-room\/\" \/>\n<meta property=\"og:site_name\" content=\"Privado Hotels\" \/>\n<meta property=\"article:modified_time\" content=\"2025-03-14T00:31:26+00:00\" \/>\n<meta property=\"og:image\" content=\"https:\/\/privadohotels.com\/wp-content\/uploads\/2025\/02\/1-8.png\" \/>\n<meta name=\"twitter:card\" content=\"summary_large_image\" \/>\n<meta name=\"twitter:label1\" content=\"Est. reading time\" \/>\n\t<meta name=\"twitter:data1\" content=\"5 minutes\" \/>\n<script type=\"application\/ld+json\" class=\"yoast-schema-graph\">{\"@context\":\"https:\/\/schema.org\",\"@graph\":[{\"@type\":\"WebPage\",\"@id\":\"https:\/\/privadohotels.com\/family-room\/\",\"url\":\"https:\/\/privadohotels.com\/family-room\/\",\"name\":\"Family Room - Privado Hotels\",\"isPartOf\":{\"@id\":\"https:\/\/privadohotels.com\/#website\"},\"primaryImageOfPage\":{\"@id\":\"https:\/\/privadohotels.com\/family-room\/#primaryimage\"},\"image\":{\"@id\":\"https:\/\/privadohotels.com\/family-room\/#primaryimage\"},\"thumbnailUrl\":\"https:\/\/privadohotels.com\/wp-content\/uploads\/2025\/02\/1-8.png\",\"datePublished\":\"2025-02-07T21:11:36+00:00\",\"dateModified\":\"2025-03-14T00:31:26+00:00\",\"breadcrumb\":{\"@id\":\"https:\/\/privadohotels.com\/family-room\/#breadcrumb\"},\"inLanguage\":\"en-US\",\"potentialAction\":[{\"@type\":\"ReadAction\",\"target\":[\"https:\/\/privadohotels.com\/family-room\/\"]}]},{\"@type\":\"ImageObject\",\"inLanguage\":\"en-US\",\"@id\":\"https:\/\/privadohotels.com\/family-room\/#primaryimage\",\"url\":\"https:\/\/privadohotels.com\/wp-content\/uploads\/2025\/02\/1-8.png\",\"contentUrl\":\"https:\/\/privadohotels.com\/wp-content\/uploads\/2025\/02\/1-8.png\"},{\"@type\":\"BreadcrumbList\",\"@id\":\"https:\/\/privadohotels.com\/family-room\/#breadcrumb\",\"itemListElement\":[{\"@type\":\"ListItem\",\"position\":1,\"name\":\"Anasayfa\",\"item\":\"https:\/\/privadohotels.com\/\"},{\"@type\":\"ListItem\",\"position\":2,\"name\":\"Family Room\"}]},{\"@type\":\"WebSite\",\"@id\":\"https:\/\/privadohotels.com\/#website\",\"url\":\"https:\/\/privadohotels.com\/\",\"name\":\"Privado Hotels\",\"description\":\"Privado Hotels - Antalya Hotel | Antalya Otel\",\"publisher\":{\"@id\":\"https:\/\/privadohotels.com\/#organization\"},\"potentialAction\":[{\"@type\":\"SearchAction\",\"target\":{\"@type\":\"EntryPoint\",\"urlTemplate\":\"https:\/\/privadohotels.com\/?s={search_term_string}\"},\"query-input\":{\"@type\":\"PropertyValueSpecification\",\"valueRequired\":true,\"valueName\":\"search_term_string\"}}],\"inLanguage\":\"en-US\"},{\"@type\":\"Organization\",\"@id\":\"https:\/\/privadohotels.com\/#organization\",\"name\":\"Privado Hotels\",\"url\":\"https:\/\/privadohotels.com\/\",\"logo\":{\"@type\":\"ImageObject\",\"inLanguage\":\"en-US\",\"@id\":\"https:\/\/privadohotels.com\/#\/schema\/logo\/image\/\",\"url\":\"https:\/\/privadohotels.com\/wp-content\/uploads\/2021\/12\/the7-logo-004.svg\",\"contentUrl\":\"https:\/\/privadohotels.com\/wp-content\/uploads\/2021\/12\/the7-logo-004.svg\",\"caption\":\"Privado Hotels\"},\"image\":{\"@id\":\"https:\/\/privadohotels.com\/#\/schema\/logo\/image\/\"}}]}<\/script>\n<!-- \/ Yoast SEO plugin. -->","yoast_head_json":{"title":"Family Room - Privado Hotels","robots":{"index":"index","follow":"follow","max-snippet":"max-snippet:-1","max-image-preview":"max-image-preview:large","max-video-preview":"max-video-preview:-1"},"canonical":"https:\/\/privadohotels.com\/en\/family-room\/","og_locale":"en_US","og_type":"article","og_title":"Family Room - Privado Hotels","og_description":"Ekonomik Aile Odas\u0131 Ekonomik Aile Odas\u0131 : Geni\u015f Alan ve Aileye \u00d6zel Tasar\u0131m Privado Hotels\u2019in Ekonomik Aile Odalar\u0131, geni\u015f ya\u015fam alan\u0131 ve modern mobilyalarla donat\u0131lm\u0131\u015f olup b\u00fcy\u00fck aileler veya gruplar i\u00e7in konforlu bir konaklama sunar. Odalarda, farkl\u0131 yatak d\u00fczenlemeleri bulunur. Ayr\u0131ca, y\u00fcksek h\u0131zl\u0131 internet, uydu kanallar\u0131 ve \u00e7ocuklara \u00f6zel i\u00e7erikler sayesinde aileler keyifli vakit ge\u00e7irebilir.&hellip;","og_url":"https:\/\/privadohotels.com\/en\/family-room\/","og_site_name":"Privado Hotels","article_modified_time":"2025-03-14T00:31:26+00:00","og_image":[{"url":"https:\/\/privadohotels.com\/wp-content\/uploads\/2025\/02\/1-8.png","type":"","width":"","height":""}],"twitter_card":"summary_large_image","twitter_misc":{"Est. reading time":"5 minutes"},"schema":{"@context":"https:\/\/schema.org","@graph":[{"@type":"WebPage","@id":"https:\/\/privadohotels.com\/family-room\/","url":"https:\/\/privadohotels.com\/family-room\/","name":"Family Room - Privado Hotels","isPartOf":{"@id":"https:\/\/privadohotels.com\/#website"},"primaryImageOfPage":{"@id":"https:\/\/privadohotels.com\/family-room\/#primaryimage"},"image":{"@id":"https:\/\/privadohotels.com\/family-room\/#primaryimage"},"thumbnailUrl":"https:\/\/privadohotels.com\/wp-content\/uploads\/2025\/02\/1-8.png","datePublished":"2025-02-07T21:11:36+00:00","dateModified":"2025-03-14T00:31:26+00:00","breadcrumb":{"@id":"https:\/\/privadohotels.com\/family-room\/#breadcrumb"},"inLanguage":"en-US","potentialAction":[{"@type":"ReadAction","target":["https:\/\/privadohotels.com\/family-room\/"]}]},{"@type":"ImageObject","inLanguage":"en-US","@id":"https:\/\/privadohotels.com\/family-room\/#primaryimage","url":"https:\/\/privadohotels.com\/wp-content\/uploads\/2025\/02\/1-8.png","contentUrl":"https:\/\/privadohotels.com\/wp-content\/uploads\/2025\/02\/1-8.png"},{"@type":"BreadcrumbList","@id":"https:\/\/privadohotels.com\/family-room\/#breadcrumb","itemListElement":[{"@type":"ListItem","position":1,"name":"Anasayfa","item":"https:\/\/privadohotels.com\/"},{"@type":"ListItem","position":2,"name":"Family Room"}]},{"@type":"WebSite","@id":"https:\/\/privadohotels.com\/#website","url":"https:\/\/privadohotels.com\/","name":"Privado Hotels","description":"Privado Hotels - Antalya Hotel | Antalya Otel","publisher":{"@id":"https:\/\/privadohotels.com\/#organization"},"potentialAction":[{"@type":"SearchAction","target":{"@type":"EntryPoint","urlTemplate":"https:\/\/privadohotels.com\/?s={search_term_string}"},"query-input":{"@type":"PropertyValueSpecification","valueRequired":true,"valueName":"search_term_string"}}],"inLanguage":"en-US"},{"@type":"Organization","@id":"https:\/\/privadohotels.com\/#organization","name":"Privado Hotels","url":"https:\/\/privadohotels.com\/","logo":{"@type":"ImageObject","inLanguage":"en-US","@id":"https:\/\/privadohotels.com\/#\/schema\/logo\/image\/","url":"https:\/\/privadohotels.com\/wp-content\/uploads\/2021\/12\/the7-logo-004.svg","contentUrl":"https:\/\/privadohotels.com\/wp-content\/uploads\/2021\/12\/the7-logo-004.svg","caption":"Privado Hotels"},"image":{"@id":"https:\/\/privadohotels.com\/#\/schema\/logo\/image\/"}}]}},"_links":{"self":[{"href":"https:\/\/privadohotels.com\/en\/wp-json\/wp\/v2\/pages\/94833","targetHints":{"allow":["GET"]}}],"collection":[{"href":"https:\/\/privadohotels.com\/en\/wp-json\/wp\/v2\/pages"}],"about":[{"href":"https:\/\/privadohotels.com\/en\/wp-json\/wp\/v2\/types\/page"}],"author":[{"embeddable":true,"href":"https:\/\/privadohotels.com\/en\/wp-json\/wp\/v2\/users\/1"}],"replies":[{"embeddable":true,"href":"https:\/\/privadohotels.com\/en\/wp-json\/wp\/v2\/comments?post=94833"}],"version-history":[{"count":37,"href":"https:\/\/privadohotels.com\/en\/wp-json\/wp\/v2\/pages\/94833\/revisions"}],"predecessor-version":[{"id":96180,"href":"https:\/\/privadohotels.com\/en\/wp-json\/wp\/v2\/pages\/94833\/revisions\/96180"}],"wp:attachment":[{"href":"https:\/\/privadohotels.com\/en\/wp-json\/wp\/v2\/media?parent=94833"}],"curies":[{"name":"wp","href":"https:\/\/api.w.org\/{rel}","templated":true}]}}