{"id":94633,"date":"2025-02-07T00:53:58","date_gmt":"2025-02-06T21:53:58","guid":{"rendered":"https:\/\/privadohotels.com\/?page_id=94633"},"modified":"2025-02-13T01:08:15","modified_gmt":"2025-02-12T22:08:15","slug":"privacy-policy","status":"publish","type":"page","link":"https:\/\/privadohotels.com\/en\/privacy-policy\/","title":{"rendered":"Our Privacy Policy"},"content":{"rendered":"<div data-elementor-type=\"wp-page\" data-elementor-id=\"94633\" class=\"elementor elementor-94633\" data-elementor-post-type=\"page\">\n\t\t\t\t<div class=\"elementor-element elementor-element-bf85ba6 e-flex e-con-boxed elementor-invisible e-con e-parent\" data-id=\"bf85ba6\" data-element_type=\"container\" data-settings=\"{&quot;animation&quot;:&quot;fadeInUp&quot;}\">\n\t\t\t\t\t<div class=\"e-con-inner\">\n\t\t\t\t<div class=\"elementor-element elementor-element-1ec47a3 elementor-widget elementor-widget-heading\" data-id=\"1ec47a3\" data-element_type=\"widget\" data-widget_type=\"heading.default\">\n\t\t\t\t<div class=\"elementor-widget-container\">\n\t\t\t\t\t<h2 class=\"elementor-heading-title elementor-size-default\">OUR PRIVACY POLICY<\/h2>\t\t\t\t<\/div>\n\t\t\t\t<\/div>\n\t\t\t\t\t<\/div>\n\t\t\t\t<\/div>\n\t\t<div class=\"elementor-element elementor-element-a880843 e-flex e-con-boxed elementor-invisible e-con e-parent\" data-id=\"a880843\" data-element_type=\"container\" data-settings=\"{&quot;animation&quot;:&quot;fadeInUp&quot;}\">\n\t\t\t\t\t<div class=\"e-con-inner\">\n\t\t\t\t<div class=\"elementor-element elementor-element-baf2e17 elementor-widget elementor-widget-text-editor\" data-id=\"baf2e17\" data-element_type=\"widget\" data-widget_type=\"text-editor.default\">\n\t\t\t\t<div class=\"elementor-widget-container\">\n\t\t\t\t\t\t\t\t\t<p data-start=\"0\" data-end=\"360\">Welcome to PROVADO HOTELS. Your privacy is important to us and we are fully committed to protecting the personal information we share with you. This Privacy Policy explains how we collect, use and protect your personal data when you visit our website, interact with our services or stay at our hotel.<\/p><ol data-start=\"362\" data-end=\"386\"><li data-start=\"362\" data-end=\"386\">Information We Collect<\/li><\/ol><p data-start=\"388\" data-end=\"443\">We may collect the following types of personal data from you:<\/p><p data-start=\"445\" data-end=\"907\">Personal Identification Information: Name, surname, date of birth, nationality, ID\/passport details. Contact Information: Email address, telephone number, postal address. Booking and Payment Information: Credit card details, transaction history, reservation details. Technical and Usage Data: IP address, browser type, device information, cookies and website usage details. Marketing Preferences: Your preferences in receiving promotional communications. 2. How We Collect Your Information<\/p><p data-start=\"909\" data-end=\"950\">We collect your data in the following ways:<\/p><p data-start=\"952\" data-end=\"1305\">When you make a reservation, check into our hotel or use our services. When you contact us by phone, email or social media. When you visit our website and interact with our online platforms. Through cookies and similar tracking technologies. 3. How We Use Your Information<\/p><p data-start=\"1307\" data-end=\"1359\">We process your personal data for the following purposes:<\/p><p data-start=\"1361\" data-end=\"1800\">To provide and manage hotel services, including reservations and check-in. To securely process payments and invoices. To communicate with you about your reservations, questions and requests. To send you promotional and marketing materials if you have requested them. To comply with legal and regulatory obligations. To improve our website, services and customer experience. 4. Sharing and Transferring Your Data<\/p><p data-start=\"1802\" data-end=\"1852\">Your personal data may be shared with:<\/p><p data-start=\"1854\" data-end=\"2187\">Authorized hotel personnel to manage and provide hotel services. Service providers and business partners to help manage reservations, payments, and marketing campaigns. Government authorities and legal entities, as required by law. Third-party analytics and security providers to improve our website and services.<\/p><p data-start=\"2189\" data-end=\"2357\">Your data may be transferred to other countries where necessary. In these cases, we will ensure that appropriate safeguards are in place to ensure the protection of your personal data.<\/p><ol start=\"5\" data-start=\"2359\" data-end=\"2376\"><li data-start=\"2359\" data-end=\"2376\">Data Security<\/li><\/ol><p data-start=\"2378\" data-end=\"2622\">We take appropriate technical and organizational measures to protect your personal data from unauthorized access, disclosure, alteration or destruction. These measures include secure servers, encryption, access control and cybersecurity protocols.<\/p><ol start=\"6\" data-start=\"2624\" data-end=\"2637\"><li data-start=\"2624\" data-end=\"2637\">Your rights<\/li><\/ol><p data-start=\"2639\" data-end=\"2704\">Under applicable data protection laws, you have the right to:<\/p><p data-start=\"2706\" data-end=\"3041\">Request access to and copies of your personal data. Request correction of incomplete or inaccurate information. Request erasure of your personal data, within legal limits. Object to or request restrictions on your data processing in certain circumstances. Withdraw your consent for marketing communications at any time.<\/p><p data-start=\"3043\" data-end=\"3140\">To exercise these rights, please [<a rel=\"noopener\">info@privadohotels.com<\/a>Contact us at ].<\/p><ol start=\"7\" data-start=\"3142\" data-end=\"3159\"><li data-start=\"3142\" data-end=\"3159\">Storage Period<\/li><\/ol><p data-start=\"3161\" data-end=\"3330\">We keep your personal data for as long as necessary to fulfil the purposes outlined in this policy, unless a longer retention period is legally required.<\/p><ol start=\"8\" data-start=\"3332\" data-end=\"3367\"><li data-start=\"3332\" data-end=\"3367\">Cookies and Tracking Technologies<\/li><\/ol><p data-start=\"3369\" data-end=\"3615\">We use cookies to enhance your browsing experience. These cookies help us analyse website traffic, personalise content and improve functionality. You can manage your cookie preferences in your browser settings.<\/p><ol start=\"9\" data-start=\"3617\" data-end=\"3644\"><li data-start=\"3617\" data-end=\"3644\">Third Party Links<\/li><\/ol><p data-start=\"3646\" data-end=\"3825\">Our website may contain links to third-party websites. We are not responsible for the privacy practices of these external sites and encourage you to review their privacy policies.<\/p><ol start=\"10\" data-start=\"3827\" data-end=\"3870\"><li data-start=\"3827\" data-end=\"3870\">Changes to this Privacy Policy<\/li><\/ol><p data-start=\"3872\" data-end=\"4065\">We may update this Privacy Policy from time to time to reflect changes in our practices or legal requirements. The most current version will always be available on our website.<\/p><ol start=\"11\" data-start=\"4067\" data-end=\"4089\"><li data-start=\"4067\" data-end=\"4089\">Contact Information<\/li><\/ol><p data-start=\"4091\" data-end=\"4208\">If you have any questions about this Privacy Policy or how your data is processed, please contact us:<\/p><p data-start=\"4210\" data-end=\"4340\">\ud83d\udccd PROVADO HOTELS Balbey Mh. Fahrettin Altay Cd, 441. Sk. No:2\/201, 07040 Muratpa\u015fa\/Antalya, T\u00fcrkiye \ud83d\udce7 [<a rel=\"noopener\">info@privadohotels.com<\/a>]<\/p><p data-start=\"4342\" data-end=\"4456\" data-is-last-node=\"\">By using our services, you acknowledge that you have read this Privacy Policy and agree to its terms.<\/p>\t\t\t\t\t\t\t\t<\/div>\n\t\t\t\t<\/div>\n\t\t\t\t\t<\/div>\n\t\t\t\t<\/div>\n\t\t\t\t<\/div>","protected":false},"excerpt":{"rendered":"<p>PRIVACY POLICY Welcome to PROVADO HOTELS. Your privacy is important to us, and we are fully committed to protecting the personal information we share with you. This Privacy Policy describes how we collect, use, and protect your personal data when you visit our website, interact with our services, or stay at our hotel. Information We Collect We may collect the following types of personal data from you: Personally Identifiable Information: Name, surname, date of birth,\u2026<\/p>","protected":false},"author":1,"featured_media":0,"parent":0,"menu_order":0,"comment_status":"closed","ping_status":"closed","template":"elementor_header_footer","meta":{"footnotes":""},"class_list":["post-94633","page","type-page","status-publish","hentry"],"yoast_head":"<!-- This site is optimized with the Yoast SEO plugin v24.3 - https:\/\/yoast.com\/wordpress\/plugins\/seo\/ -->\n<title>Gizlilik Politikam\u0131z - Privado Hotels<\/title>\n<meta name=\"robots\" content=\"index, follow, max-snippet:-1, max-image-preview:large, max-video-preview:-1\" \/>\n<link rel=\"canonical\" href=\"https:\/\/privadohotels.com\/en\/privacy-policy\/\" \/>\n<meta property=\"og:locale\" content=\"en_US\" \/>\n<meta property=\"og:type\" content=\"article\" \/>\n<meta property=\"og:title\" content=\"Gizlilik Politikam\u0131z - Privado Hotels\" \/>\n<meta property=\"og:description\" content=\"G\u0130ZL\u0130L\u0130K POL\u0130T\u0130KAMIZ PROVADO OTELLER\u0130&#8217;ne Ho\u015f Geldiniz. Gizlili\u011finiz bizim i\u00e7in \u00f6nemlidir ve sizinle payla\u015ft\u0131\u011f\u0131m\u0131z ki\u015fisel bilgilerin korunmas\u0131na y\u00f6nelik taahh\u00fcd\u00fcm\u00fcz tamd\u0131r. Bu Gizlilik Politikas\u0131, web sitemizi ziyaret etti\u011finizde, hizmetlerimizle etkile\u015fime girdi\u011finizde veya otelimizde kald\u0131\u011f\u0131n\u0131zda ki\u015fisel verilerinizi nas\u0131l toplad\u0131\u011f\u0131m\u0131z\u0131, kulland\u0131\u011f\u0131m\u0131z\u0131 ve korudu\u011fumuzu a\u00e7\u0131klar. Toplad\u0131\u011f\u0131m\u0131z Bilgiler Sizden a\u015fa\u011f\u0131daki t\u00fcrde ki\u015fisel verileri toplayabiliriz: Ki\u015fisel Tan\u0131mlama Bilgileri: Ad, soyad, do\u011fum tarihi,&hellip;\" \/>\n<meta property=\"og:url\" content=\"https:\/\/privadohotels.com\/en\/privacy-policy\/\" \/>\n<meta property=\"og:site_name\" content=\"Privado Hotels\" \/>\n<meta property=\"article:modified_time\" content=\"2025-02-12T22:08:15+00:00\" \/>\n<meta name=\"twitter:card\" content=\"summary_large_image\" \/>\n<meta name=\"twitter:label1\" content=\"Est. reading time\" \/>\n\t<meta name=\"twitter:data1\" content=\"4 minutes\" \/>\n<script type=\"application\/ld+json\" class=\"yoast-schema-graph\">{\"@context\":\"https:\/\/schema.org\",\"@graph\":[{\"@type\":\"WebPage\",\"@id\":\"https:\/\/privadohotels.com\/privacy-policy\/\",\"url\":\"https:\/\/privadohotels.com\/privacy-policy\/\",\"name\":\"Gizlilik Politikam\u0131z - Privado Hotels\",\"isPartOf\":{\"@id\":\"https:\/\/privadohotels.com\/#website\"},\"datePublished\":\"2025-02-06T21:53:58+00:00\",\"dateModified\":\"2025-02-12T22:08:15+00:00\",\"breadcrumb\":{\"@id\":\"https:\/\/privadohotels.com\/privacy-policy\/#breadcrumb\"},\"inLanguage\":\"en-US\",\"potentialAction\":[{\"@type\":\"ReadAction\",\"target\":[\"https:\/\/privadohotels.com\/privacy-policy\/\"]}]},{\"@type\":\"BreadcrumbList\",\"@id\":\"https:\/\/privadohotels.com\/privacy-policy\/#breadcrumb\",\"itemListElement\":[{\"@type\":\"ListItem\",\"position\":1,\"name\":\"Anasayfa\",\"item\":\"https:\/\/privadohotels.com\/\"},{\"@type\":\"ListItem\",\"position\":2,\"name\":\"Gizlilik Politikam\u0131z\"}]},{\"@type\":\"WebSite\",\"@id\":\"https:\/\/privadohotels.com\/#website\",\"url\":\"https:\/\/privadohotels.com\/\",\"name\":\"Privado Hotels\",\"description\":\"Privado Hotels - Antalya Hotel | Antalya Otel\",\"publisher\":{\"@id\":\"https:\/\/privadohotels.com\/#organization\"},\"potentialAction\":[{\"@type\":\"SearchAction\",\"target\":{\"@type\":\"EntryPoint\",\"urlTemplate\":\"https:\/\/privadohotels.com\/?s={search_term_string}\"},\"query-input\":{\"@type\":\"PropertyValueSpecification\",\"valueRequired\":true,\"valueName\":\"search_term_string\"}}],\"inLanguage\":\"en-US\"},{\"@type\":\"Organization\",\"@id\":\"https:\/\/privadohotels.com\/#organization\",\"name\":\"Privado Hotels\",\"url\":\"https:\/\/privadohotels.com\/\",\"logo\":{\"@type\":\"ImageObject\",\"inLanguage\":\"en-US\",\"@id\":\"https:\/\/privadohotels.com\/#\/schema\/logo\/image\/\",\"url\":\"https:\/\/privadohotels.com\/wp-content\/uploads\/2021\/12\/the7-logo-004.svg\",\"contentUrl\":\"https:\/\/privadohotels.com\/wp-content\/uploads\/2021\/12\/the7-logo-004.svg\",\"caption\":\"Privado Hotels\"},\"image\":{\"@id\":\"https:\/\/privadohotels.com\/#\/schema\/logo\/image\/\"}}]}<\/script>\n<!-- \/ Yoast SEO plugin. -->","yoast_head_json":{"title":"Gizlilik Politikam\u0131z - Privado Hotels","robots":{"index":"index","follow":"follow","max-snippet":"max-snippet:-1","max-image-preview":"max-image-preview:large","max-video-preview":"max-video-preview:-1"},"canonical":"https:\/\/privadohotels.com\/en\/privacy-policy\/","og_locale":"en_US","og_type":"article","og_title":"Gizlilik Politikam\u0131z - Privado Hotels","og_description":"G\u0130ZL\u0130L\u0130K POL\u0130T\u0130KAMIZ PROVADO OTELLER\u0130&#8217;ne Ho\u015f Geldiniz. Gizlili\u011finiz bizim i\u00e7in \u00f6nemlidir ve sizinle payla\u015ft\u0131\u011f\u0131m\u0131z ki\u015fisel bilgilerin korunmas\u0131na y\u00f6nelik taahh\u00fcd\u00fcm\u00fcz tamd\u0131r. Bu Gizlilik Politikas\u0131, web sitemizi ziyaret etti\u011finizde, hizmetlerimizle etkile\u015fime girdi\u011finizde veya otelimizde kald\u0131\u011f\u0131n\u0131zda ki\u015fisel verilerinizi nas\u0131l toplad\u0131\u011f\u0131m\u0131z\u0131, kulland\u0131\u011f\u0131m\u0131z\u0131 ve korudu\u011fumuzu a\u00e7\u0131klar. Toplad\u0131\u011f\u0131m\u0131z Bilgiler Sizden a\u015fa\u011f\u0131daki t\u00fcrde ki\u015fisel verileri toplayabiliriz: Ki\u015fisel Tan\u0131mlama Bilgileri: Ad, soyad, do\u011fum tarihi,&hellip;","og_url":"https:\/\/privadohotels.com\/en\/privacy-policy\/","og_site_name":"Privado Hotels","article_modified_time":"2025-02-12T22:08:15+00:00","twitter_card":"summary_large_image","twitter_misc":{"Est. reading time":"4 minutes"},"schema":{"@context":"https:\/\/schema.org","@graph":[{"@type":"WebPage","@id":"https:\/\/privadohotels.com\/privacy-policy\/","url":"https:\/\/privadohotels.com\/privacy-policy\/","name":"Gizlilik Politikam\u0131z - Privado Hotels","isPartOf":{"@id":"https:\/\/privadohotels.com\/#website"},"datePublished":"2025-02-06T21:53:58+00:00","dateModified":"2025-02-12T22:08:15+00:00","breadcrumb":{"@id":"https:\/\/privadohotels.com\/privacy-policy\/#breadcrumb"},"inLanguage":"en-US","potentialAction":[{"@type":"ReadAction","target":["https:\/\/privadohotels.com\/privacy-policy\/"]}]},{"@type":"BreadcrumbList","@id":"https:\/\/privadohotels.com\/privacy-policy\/#breadcrumb","itemListElement":[{"@type":"ListItem","position":1,"name":"Anasayfa","item":"https:\/\/privadohotels.com\/"},{"@type":"ListItem","position":2,"name":"Gizlilik Politikam\u0131z"}]},{"@type":"WebSite","@id":"https:\/\/privadohotels.com\/#website","url":"https:\/\/privadohotels.com\/","name":"Privado Hotels","description":"Privado Hotels - Antalya Hotel | Antalya Otel","publisher":{"@id":"https:\/\/privadohotels.com\/#organization"},"potentialAction":[{"@type":"SearchAction","target":{"@type":"EntryPoint","urlTemplate":"https:\/\/privadohotels.com\/?s={search_term_string}"},"query-input":{"@type":"PropertyValueSpecification","valueRequired":true,"valueName":"search_term_string"}}],"inLanguage":"en-US"},{"@type":"Organization","@id":"https:\/\/privadohotels.com\/#organization","name":"Privado Hotels","url":"https:\/\/privadohotels.com\/","logo":{"@type":"ImageObject","inLanguage":"en-US","@id":"https:\/\/privadohotels.com\/#\/schema\/logo\/image\/","url":"https:\/\/privadohotels.com\/wp-content\/uploads\/2021\/12\/the7-logo-004.svg","contentUrl":"https:\/\/privadohotels.com\/wp-content\/uploads\/2021\/12\/the7-logo-004.svg","caption":"Privado Hotels"},"image":{"@id":"https:\/\/privadohotels.com\/#\/schema\/logo\/image\/"}}]}},"_links":{"self":[{"href":"https:\/\/privadohotels.com\/en\/wp-json\/wp\/v2\/pages\/94633","targetHints":{"allow":["GET"]}}],"collection":[{"href":"https:\/\/privadohotels.com\/en\/wp-json\/wp\/v2\/pages"}],"about":[{"href":"https:\/\/privadohotels.com\/en\/wp-json\/wp\/v2\/types\/page"}],"author":[{"embeddable":true,"href":"https:\/\/privadohotels.com\/en\/wp-json\/wp\/v2\/users\/1"}],"replies":[{"embeddable":true,"href":"https:\/\/privadohotels.com\/en\/wp-json\/wp\/v2\/comments?post=94633"}],"version-history":[{"count":8,"href":"https:\/\/privadohotels.com\/en\/wp-json\/wp\/v2\/pages\/94633\/revisions"}],"predecessor-version":[{"id":94938,"href":"https:\/\/privadohotels.com\/en\/wp-json\/wp\/v2\/pages\/94633\/revisions\/94938"}],"wp:attachment":[{"href":"https:\/\/privadohotels.com\/en\/wp-json\/wp\/v2\/media?parent=94633"}],"curies":[{"name":"wp","href":"https:\/\/api.w.org\/{rel}","templated":true}]}}