{"id":94631,"date":"2025-02-07T00:53:36","date_gmt":"2025-02-06T21:53:36","guid":{"rendered":"https:\/\/privadohotels.com\/?page_id=94631"},"modified":"2025-02-13T01:05:43","modified_gmt":"2025-02-12T22:05:43","slug":"kvkk","status":"publish","type":"page","link":"https:\/\/privadohotels.com\/en\/kvkk\/","title":{"rendered":"KVKK"},"content":{"rendered":"<div data-elementor-type=\"wp-page\" data-elementor-id=\"94631\" class=\"elementor elementor-94631\" data-elementor-post-type=\"page\">\n\t\t\t\t<div class=\"elementor-element elementor-element-56a483b e-flex e-con-boxed elementor-invisible e-con e-parent\" data-id=\"56a483b\" data-element_type=\"container\" data-settings=\"{&quot;animation&quot;:&quot;fadeInUp&quot;}\">\n\t\t\t\t\t<div class=\"e-con-inner\">\n\t\t\t\t<div class=\"elementor-element elementor-element-8fbde5c elementor-widget elementor-widget-heading\" data-id=\"8fbde5c\" data-element_type=\"widget\" data-widget_type=\"heading.default\">\n\t\t\t\t<div class=\"elementor-widget-container\">\n\t\t\t\t\t<h2 class=\"elementor-heading-title elementor-size-default\">INFORMATION NOTE ON PERSONAL DATA\n\n<\/h2>\t\t\t\t<\/div>\n\t\t\t\t<\/div>\n\t\t\t\t\t<\/div>\n\t\t\t\t<\/div>\n\t\t<div class=\"elementor-element elementor-element-7756a9d e-flex e-con-boxed elementor-invisible e-con e-parent\" data-id=\"7756a9d\" data-element_type=\"container\" data-settings=\"{&quot;animation&quot;:&quot;fadeInUp&quot;}\">\n\t\t\t\t\t<div class=\"e-con-inner\">\n\t\t\t\t<div class=\"elementor-element elementor-element-ab77259 elementor-widget elementor-widget-text-editor\" data-id=\"ab77259\" data-element_type=\"widget\" data-widget_type=\"text-editor.default\">\n\t\t\t\t<div class=\"elementor-widget-container\">\n\t\t\t\t\t\t\t\t\t<p data-start=\"44\" data-end=\"187\">Data Controller: PROVADO HOTELS Tuba Hatice SARI Our company, PROVADO HOTELS Tuba Hatice SARI, is the owner and operator of PROVADO HOTELS.<\/p><p data-start=\"189\" data-end=\"738\">At PROVADO HOTELS, the protection and processing of personal data is approached with utmost sensitivity. The personal data of our customers, consumers, employees and all individuals associated with our company are protected within the framework of the Constitution of the Republic of Turkey, international human rights agreements to which T\u00fcrkiye is a party and other relevant legislation, especially the Law on the Protection of Personal Data No. 6698 (KVKK). In this context, as the data controller, we would like to inform you about the processing of your personal data.<\/p><p data-start=\"740\" data-end=\"1491\">Your personal data that you share with us in the context of consumer, subscriber, customer, supplier, employee or other relationships will be processed in accordance with the KVKK. Processing will be carried out in connection with clear and legitimate purposes, determined in a way that is legal, fair, limited, proportionate, accurate and up-to-date. Your data may be collected, recorded, stored, preserved and transferred to business partners, dealers, suppliers, subcontractors, service providers, relevant regulatory authorities, official institutions and other third parties in and outside Turkey. Your personal data may be stored, updated, periodically reviewed, restructured, classified and processed within the scope of the law.<\/p><p data-start=\"1493\" data-end=\"1717\">As the data controller, our company may send you informative and promotional e-mails or SMS messages and make telephone calls. This service may also be provided through third-party service providers.<\/p><p data-start=\"1719\" data-end=\"1754\">Purpose of Processing Your Personal Data<\/p><p data-start=\"1756\" data-end=\"1801\">Your personal data may be processed for the following purposes:<\/p><p data-start=\"1803\" data-end=\"1938\">In a lawful and fair manner, Limited and proportionate to the purposes for which it is processed, Accurate and up-to-date, For specific, clear and legitimate purposes.<\/p><p data-start=\"1940\" data-end=\"1977\">Your data may be processed for the following purposes:<\/p><p data-start=\"1979\" data-end=\"3171\">Communicate with you and others as part of our business; Inform you about important updates to the terms of service, changes to electronic services and other administrative matters; Improve quality, provide training and security (for example, recording or monitoring telephone conversations to our contact numbers); Resolve complaints and process data access or correction requests; Comply with applicable laws and regulations, particularly anti-money laundering and anti-terrorism laws; Manage and oversee our infrastructure and business operations, including audits, finance, accounting, billing, IT systems, website hosting, business continuity, records, documentation and print management; Protect our operations, rights, privacy, security, property and those of our business partners, employees, customers or others; Conduct market research and analysis, including customer satisfaction surveys; Facilitate social media sharing functions; Personalise your experience with electronic services by providing information and advertising that is relevant to your preferences and needs.<\/p><p data-start=\"3173\" data-end=\"3231\">To Whom and For What Purposes Can Personal Data Be Transferred?<\/p><p data-start=\"3233\" data-end=\"3814\">Your collected personal data may be transferred to business partners, suppliers, shareholders, legally authorized public institutions and private individuals in order to ensure the legal and commercial security of our company and the people we do business with, to carry out the necessary operational work to provide you with our products and services, to personalize and recommend our products and services according to your preferences, usage habits and needs, to determine and implement our company&#039;s commercial and business strategies, and to ensure the implementation of our company&#039;s human resources policies.<\/p><p data-start=\"3816\" data-end=\"4108\">Your personal data may be collected verbally, in writing or electronically through contracts with our company, our social media accounts, mobile applications, e-mails, application forms and verbal or written communications with our company. Your approvals may be obtained when necessary.<\/p><p data-start=\"4110\" data-end=\"4147\">Your Rights as a Personal Data Owner<\/p><p data-start=\"4149\" data-end=\"4302\">Within the scope of the Personal Data Protection Law No. 6698 (KVKK) and other relevant legislation that entered into force on October 7, 2016, you have the following rights:<\/p><p data-start=\"4304\" data-end=\"5245\">To learn whether your personal data has been processed, To request information if your personal data has been processed, To learn the purpose of processing your personal data and whether it is used in accordance with its purpose, To learn to which third parties your personal data has been transferred domestically or abroad, To request correction of your personal data if it is processed incompletely or incorrectly, To request the deletion or destruction of your personal data in accordance with Article 7 of the KVKK and to request notification of these operations to third parties to whom these data are transferred, To object if a result arises against you as a result of the processing of your data by fully automated systems, To request compensation for your damages if you suffer damages as a result of the processing of your personal data in violation of the law, To request notification of this situation to third parties to whom the data is transferred in the event of correction or deletion of your personal data. How Can You Exercise Your Rights<\/p><p data-start=\"5247\" data-end=\"5372\">You can submit your written requests regarding your above rights, with wet signature, to the address below or via e-mail:<\/p><p data-start=\"5374\" data-end=\"5476\">\ud83d\udccd PROVADO HOTELS Balbey District Fahrettin Altay St, 441. Street No:2\/201, 07040 Muratpa\u015fa\/Antalya, T\u00fcrkiye<\/p><p data-start=\"5478\" data-end=\"5738\">Our company will process your request free of charge as soon as possible and within thirty (30) days at the most. However, if a fee has been determined by the Personal Data Protection Board, the fee determined by our company will be charged.<\/p><p data-start=\"5740\" data-end=\"5833\" data-is-last-node=\"\">For more information, you can contact us through our official communication channels.<\/p>\t\t\t\t\t\t\t\t<\/div>\n\t\t\t\t<\/div>\n\t\t\t\t\t<\/div>\n\t\t\t\t<\/div>\n\t\t\t\t<\/div>","protected":false},"excerpt":{"rendered":"<p>INFORMATION NOTE ON PERSONAL DATA Data Controller: PROVADO HOTELS Tuba Hatice SARI Our company, PROVADO HOTELS Tuba Hatice SARI, is the owner and operator of PROVADO HOTELS. At PROVADO HOTELS, the protection and processing of personal data is approached with the utmost care. The personal data of our customers, consumers, employees, and all individuals associated with our company are protected in accordance with the Constitution of the Republic of T\u00fcrkiye, international human rights conventions to which T\u00fcrkiye is a party, and in particular\u2026<\/p>","protected":false},"author":1,"featured_media":0,"parent":0,"menu_order":0,"comment_status":"closed","ping_status":"closed","template":"elementor_header_footer","meta":{"footnotes":""},"class_list":["post-94631","page","type-page","status-publish","hentry"],"yoast_head":"<!-- This site is optimized with the Yoast SEO plugin v24.3 - https:\/\/yoast.com\/wordpress\/plugins\/seo\/ -->\n<title>KVKK - Privado Hotels<\/title>\n<meta name=\"robots\" content=\"index, follow, max-snippet:-1, max-image-preview:large, max-video-preview:-1\" \/>\n<link rel=\"canonical\" href=\"https:\/\/privadohotels.com\/en\/kvkk\/\" \/>\n<meta property=\"og:locale\" content=\"en_US\" \/>\n<meta property=\"og:type\" content=\"article\" \/>\n<meta property=\"og:title\" content=\"KVKK - Privado Hotels\" \/>\n<meta property=\"og:description\" content=\"K\u0130\u015e\u0130SEL VER\u0130LER \u00dcZER\u0130NE B\u0130LG\u0130LEND\u0130RME NOTU Veri Sorumlusu: PROVADO OTELLER\u0130 Tuba Hatice SARI \u015eirketimiz, PROVADO OTELLER\u0130 Tuba Hatice SARI, PROVADO OTELLER\u0130&#8217;nin sahibi ve i\u015fletmecisidir. PROVADO OTELLER\u0130&#8217;nde, ki\u015fisel verilerin korunmas\u0131 ve i\u015flenmesine azami hassasiyetle yakla\u015f\u0131lmaktad\u0131r. M\u00fc\u015fterilerimizin, t\u00fcketicilerimizin, \u00e7al\u0131\u015fanlar\u0131m\u0131z\u0131n ve \u015firketimizle ili\u015fkili t\u00fcm bireylerin ki\u015fisel verileri, T\u00fcrkiye Cumhuriyeti Anayasas\u0131, T\u00fcrkiye&#8217;nin taraf oldu\u011fu uluslararas\u0131 insan haklar\u0131 s\u00f6zle\u015fmeleri ve \u00f6zellikle&hellip;\" \/>\n<meta property=\"og:url\" content=\"https:\/\/privadohotels.com\/en\/kvkk\/\" \/>\n<meta property=\"og:site_name\" content=\"Privado Hotels\" \/>\n<meta property=\"article:modified_time\" content=\"2025-02-12T22:05:43+00:00\" \/>\n<meta name=\"twitter:card\" content=\"summary_large_image\" \/>\n<meta name=\"twitter:label1\" content=\"Est. reading time\" \/>\n\t<meta name=\"twitter:data1\" content=\"4 minutes\" \/>\n<script type=\"application\/ld+json\" class=\"yoast-schema-graph\">{\"@context\":\"https:\/\/schema.org\",\"@graph\":[{\"@type\":\"WebPage\",\"@id\":\"https:\/\/privadohotels.com\/kvkk\/\",\"url\":\"https:\/\/privadohotels.com\/kvkk\/\",\"name\":\"KVKK - Privado Hotels\",\"isPartOf\":{\"@id\":\"https:\/\/privadohotels.com\/#website\"},\"datePublished\":\"2025-02-06T21:53:36+00:00\",\"dateModified\":\"2025-02-12T22:05:43+00:00\",\"breadcrumb\":{\"@id\":\"https:\/\/privadohotels.com\/kvkk\/#breadcrumb\"},\"inLanguage\":\"en-US\",\"potentialAction\":[{\"@type\":\"ReadAction\",\"target\":[\"https:\/\/privadohotels.com\/kvkk\/\"]}]},{\"@type\":\"BreadcrumbList\",\"@id\":\"https:\/\/privadohotels.com\/kvkk\/#breadcrumb\",\"itemListElement\":[{\"@type\":\"ListItem\",\"position\":1,\"name\":\"Anasayfa\",\"item\":\"https:\/\/privadohotels.com\/\"},{\"@type\":\"ListItem\",\"position\":2,\"name\":\"KVKK\"}]},{\"@type\":\"WebSite\",\"@id\":\"https:\/\/privadohotels.com\/#website\",\"url\":\"https:\/\/privadohotels.com\/\",\"name\":\"Privado Hotels\",\"description\":\"Privado Hotels - Antalya Hotel | Antalya Otel\",\"publisher\":{\"@id\":\"https:\/\/privadohotels.com\/#organization\"},\"potentialAction\":[{\"@type\":\"SearchAction\",\"target\":{\"@type\":\"EntryPoint\",\"urlTemplate\":\"https:\/\/privadohotels.com\/?s={search_term_string}\"},\"query-input\":{\"@type\":\"PropertyValueSpecification\",\"valueRequired\":true,\"valueName\":\"search_term_string\"}}],\"inLanguage\":\"en-US\"},{\"@type\":\"Organization\",\"@id\":\"https:\/\/privadohotels.com\/#organization\",\"name\":\"Privado Hotels\",\"url\":\"https:\/\/privadohotels.com\/\",\"logo\":{\"@type\":\"ImageObject\",\"inLanguage\":\"en-US\",\"@id\":\"https:\/\/privadohotels.com\/#\/schema\/logo\/image\/\",\"url\":\"https:\/\/privadohotels.com\/wp-content\/uploads\/2021\/12\/the7-logo-004.svg\",\"contentUrl\":\"https:\/\/privadohotels.com\/wp-content\/uploads\/2021\/12\/the7-logo-004.svg\",\"caption\":\"Privado Hotels\"},\"image\":{\"@id\":\"https:\/\/privadohotels.com\/#\/schema\/logo\/image\/\"}}]}<\/script>\n<!-- \/ Yoast SEO plugin. -->","yoast_head_json":{"title":"KVKK - Privado Hotels","robots":{"index":"index","follow":"follow","max-snippet":"max-snippet:-1","max-image-preview":"max-image-preview:large","max-video-preview":"max-video-preview:-1"},"canonical":"https:\/\/privadohotels.com\/en\/kvkk\/","og_locale":"en_US","og_type":"article","og_title":"KVKK - Privado Hotels","og_description":"K\u0130\u015e\u0130SEL VER\u0130LER \u00dcZER\u0130NE B\u0130LG\u0130LEND\u0130RME NOTU Veri Sorumlusu: PROVADO OTELLER\u0130 Tuba Hatice SARI \u015eirketimiz, PROVADO OTELLER\u0130 Tuba Hatice SARI, PROVADO OTELLER\u0130&#8217;nin sahibi ve i\u015fletmecisidir. PROVADO OTELLER\u0130&#8217;nde, ki\u015fisel verilerin korunmas\u0131 ve i\u015flenmesine azami hassasiyetle yakla\u015f\u0131lmaktad\u0131r. M\u00fc\u015fterilerimizin, t\u00fcketicilerimizin, \u00e7al\u0131\u015fanlar\u0131m\u0131z\u0131n ve \u015firketimizle ili\u015fkili t\u00fcm bireylerin ki\u015fisel verileri, T\u00fcrkiye Cumhuriyeti Anayasas\u0131, T\u00fcrkiye&#8217;nin taraf oldu\u011fu uluslararas\u0131 insan haklar\u0131 s\u00f6zle\u015fmeleri ve \u00f6zellikle&hellip;","og_url":"https:\/\/privadohotels.com\/en\/kvkk\/","og_site_name":"Privado Hotels","article_modified_time":"2025-02-12T22:05:43+00:00","twitter_card":"summary_large_image","twitter_misc":{"Est. reading time":"4 minutes"},"schema":{"@context":"https:\/\/schema.org","@graph":[{"@type":"WebPage","@id":"https:\/\/privadohotels.com\/kvkk\/","url":"https:\/\/privadohotels.com\/kvkk\/","name":"KVKK - Privado Hotels","isPartOf":{"@id":"https:\/\/privadohotels.com\/#website"},"datePublished":"2025-02-06T21:53:36+00:00","dateModified":"2025-02-12T22:05:43+00:00","breadcrumb":{"@id":"https:\/\/privadohotels.com\/kvkk\/#breadcrumb"},"inLanguage":"en-US","potentialAction":[{"@type":"ReadAction","target":["https:\/\/privadohotels.com\/kvkk\/"]}]},{"@type":"BreadcrumbList","@id":"https:\/\/privadohotels.com\/kvkk\/#breadcrumb","itemListElement":[{"@type":"ListItem","position":1,"name":"Anasayfa","item":"https:\/\/privadohotels.com\/"},{"@type":"ListItem","position":2,"name":"KVKK"}]},{"@type":"WebSite","@id":"https:\/\/privadohotels.com\/#website","url":"https:\/\/privadohotels.com\/","name":"Privado Hotels","description":"Privado Hotels - Antalya Hotel | Antalya Otel","publisher":{"@id":"https:\/\/privadohotels.com\/#organization"},"potentialAction":[{"@type":"SearchAction","target":{"@type":"EntryPoint","urlTemplate":"https:\/\/privadohotels.com\/?s={search_term_string}"},"query-input":{"@type":"PropertyValueSpecification","valueRequired":true,"valueName":"search_term_string"}}],"inLanguage":"en-US"},{"@type":"Organization","@id":"https:\/\/privadohotels.com\/#organization","name":"Privado Hotels","url":"https:\/\/privadohotels.com\/","logo":{"@type":"ImageObject","inLanguage":"en-US","@id":"https:\/\/privadohotels.com\/#\/schema\/logo\/image\/","url":"https:\/\/privadohotels.com\/wp-content\/uploads\/2021\/12\/the7-logo-004.svg","contentUrl":"https:\/\/privadohotels.com\/wp-content\/uploads\/2021\/12\/the7-logo-004.svg","caption":"Privado Hotels"},"image":{"@id":"https:\/\/privadohotels.com\/#\/schema\/logo\/image\/"}}]}},"_links":{"self":[{"href":"https:\/\/privadohotels.com\/en\/wp-json\/wp\/v2\/pages\/94631","targetHints":{"allow":["GET"]}}],"collection":[{"href":"https:\/\/privadohotels.com\/en\/wp-json\/wp\/v2\/pages"}],"about":[{"href":"https:\/\/privadohotels.com\/en\/wp-json\/wp\/v2\/types\/page"}],"author":[{"embeddable":true,"href":"https:\/\/privadohotels.com\/en\/wp-json\/wp\/v2\/users\/1"}],"replies":[{"embeddable":true,"href":"https:\/\/privadohotels.com\/en\/wp-json\/wp\/v2\/comments?post=94631"}],"version-history":[{"count":7,"href":"https:\/\/privadohotels.com\/en\/wp-json\/wp\/v2\/pages\/94631\/revisions"}],"predecessor-version":[{"id":94933,"href":"https:\/\/privadohotels.com\/en\/wp-json\/wp\/v2\/pages\/94631\/revisions\/94933"}],"wp:attachment":[{"href":"https:\/\/privadohotels.com\/en\/wp-json\/wp\/v2\/media?parent=94631"}],"curies":[{"name":"wp","href":"https:\/\/api.w.org\/{rel}","templated":true}]}}