{"id":94622,"date":"2025-02-07T00:50:55","date_gmt":"2025-02-06T21:50:55","guid":{"rendered":"https:\/\/privadohotels.com\/?page_id=94622"},"modified":"2025-03-14T03:30:20","modified_gmt":"2025-03-14T00:30:20","slug":"economic-double","status":"publish","type":"page","link":"https:\/\/privadohotels.com\/en\/economic-double\/","title":{"rendered":"Economic Double"},"content":{"rendered":"<div data-elementor-type=\"wp-page\" data-elementor-id=\"94622\" class=\"elementor elementor-94622\" data-elementor-post-type=\"page\">\n\t\t\t\t<div class=\"elementor-element elementor-element-a9c0ffc e-flex e-con-boxed elementor-invisible e-con e-parent\" data-id=\"a9c0ffc\" data-element_type=\"container\" data-settings=\"{&quot;animation&quot;:&quot;fadeInUp&quot;}\">\n\t\t\t\t\t<div class=\"e-con-inner\">\n\t\t\t\t<div class=\"elementor-element elementor-element-10a2e97 elementor-widget elementor-widget-heading\" data-id=\"10a2e97\" data-element_type=\"widget\" data-widget_type=\"heading.default\">\n\t\t\t\t<div class=\"elementor-widget-container\">\n\t\t\t\t\t<h2 class=\"elementor-heading-title elementor-size-default\">Economy Double Room<\/h2>\t\t\t\t<\/div>\n\t\t\t\t<\/div>\n\t\t\t\t\t<\/div>\n\t\t\t\t<\/div>\n\t\t<div class=\"elementor-element elementor-element-dc2b608 elementor-hidden-tablet elementor-hidden-mobile e-flex e-con-boxed elementor-invisible e-con e-parent\" data-id=\"dc2b608\" data-element_type=\"container\" data-settings=\"{&quot;animation&quot;:&quot;fadeInUp&quot;}\">\n\t\t\t\t\t<div class=\"e-con-inner\">\n\t\t<div class=\"elementor-element elementor-element-a8afb7c e-con-full e-flex e-con e-child\" data-id=\"a8afb7c\" data-element_type=\"container\">\n\t\t\t\t<div class=\"elementor-element elementor-element-a01094b elementor-arrows-position-outside elementor-widget elementor-widget-image-carousel\" data-id=\"a01094b\" data-element_type=\"widget\" data-settings=\"{&quot;slides_to_show&quot;:&quot;1&quot;,&quot;navigation&quot;:&quot;arrows&quot;,&quot;autoplay&quot;:&quot;yes&quot;,&quot;pause_on_hover&quot;:&quot;yes&quot;,&quot;pause_on_interaction&quot;:&quot;yes&quot;,&quot;autoplay_speed&quot;:5000,&quot;infinite&quot;:&quot;yes&quot;,&quot;effect&quot;:&quot;slide&quot;,&quot;speed&quot;:500}\" data-widget_type=\"image-carousel.default\">\n\t\t\t\t<div class=\"elementor-widget-container\">\n\t\t\t\t\t\t\t<div class=\"elementor-image-carousel-wrapper swiper\" role=\"region\" aria-roledescription=\"carousel\" aria-label=\"Picture Cycle\" dir=\"ltr\">\n\t\t\t<div class=\"elementor-image-carousel swiper-wrapper\" aria-live=\"off\">\n\t\t\t\t\t\t\t\t<div class=\"swiper-slide\" role=\"group\" aria-roledescription=\"slide\" aria-label=\"1 \/ 10\"><figure class=\"swiper-slide-inner\"><img decoding=\"async\" class=\"swiper-slide-image\" src=\"https:\/\/privadohotels.com\/wp-content\/uploads\/2025\/02\/01-02.png\" alt=\"01-02\" \/><\/figure><\/div><div class=\"swiper-slide\" role=\"group\" aria-roledescription=\"slide\" aria-label=\"2 \/ 10\"><figure class=\"swiper-slide-inner\"><img decoding=\"async\" class=\"swiper-slide-image\" src=\"https:\/\/privadohotels.com\/wp-content\/uploads\/2025\/02\/01-06.png\" alt=\"01-06\" \/><\/figure><\/div><div class=\"swiper-slide\" role=\"group\" aria-roledescription=\"slide\" aria-label=\"3 \/ 10\"><figure class=\"swiper-slide-inner\"><img decoding=\"async\" class=\"swiper-slide-image\" src=\"https:\/\/privadohotels.com\/wp-content\/uploads\/2025\/02\/01-09.png\" alt=\"01-09\" \/><\/figure><\/div><div class=\"swiper-slide\" role=\"group\" aria-roledescription=\"slide\" aria-label=\"4 \/ 10\"><figure class=\"swiper-slide-inner\"><img decoding=\"async\" class=\"swiper-slide-image\" src=\"https:\/\/privadohotels.com\/wp-content\/uploads\/2025\/02\/01-W2.png\" alt=\"01-W2\" \/><\/figure><\/div><div class=\"swiper-slide\" role=\"group\" aria-roledescription=\"slide\" aria-label=\"5 \/ 10\"><figure class=\"swiper-slide-inner\"><img decoding=\"async\" class=\"swiper-slide-image\" src=\"https:\/\/privadohotels.com\/wp-content\/uploads\/2025\/02\/02-03.png\" alt=\"02-03\" \/><\/figure><\/div><div class=\"swiper-slide\" role=\"group\" aria-roledescription=\"slide\" aria-label=\"6 \/ 10\"><figure class=\"swiper-slide-inner\"><img decoding=\"async\" class=\"swiper-slide-image\" src=\"https:\/\/privadohotels.com\/wp-content\/uploads\/2025\/02\/02-W0.png\" alt=\"02-W0\" \/><\/figure><\/div><div class=\"swiper-slide\" role=\"group\" aria-roledescription=\"slide\" aria-label=\"7 \/ 10\"><figure class=\"swiper-slide-inner\"><img decoding=\"async\" class=\"swiper-slide-image\" src=\"https:\/\/privadohotels.com\/wp-content\/uploads\/2025\/02\/03-01.png\" alt=\"03-01\" \/><\/figure><\/div><div class=\"swiper-slide\" role=\"group\" aria-roledescription=\"slide\" aria-label=\"8 \/ 10\"><figure class=\"swiper-slide-inner\"><img decoding=\"async\" class=\"swiper-slide-image\" src=\"https:\/\/privadohotels.com\/wp-content\/uploads\/2025\/02\/03-03.png\" alt=\"03-03\" \/><\/figure><\/div><div class=\"swiper-slide\" role=\"group\" aria-roledescription=\"slide\" aria-label=\"9 \/ 10\"><figure class=\"swiper-slide-inner\"><img decoding=\"async\" class=\"swiper-slide-image\" src=\"https:\/\/privadohotels.com\/wp-content\/uploads\/2025\/02\/03-04.png\" alt=\"03-04\" \/><\/figure><\/div><div class=\"swiper-slide\" role=\"group\" aria-roledescription=\"slide\" aria-label=\"10 \/ 10\"><figure class=\"swiper-slide-inner\"><img decoding=\"async\" class=\"swiper-slide-image\" src=\"https:\/\/privadohotels.com\/wp-content\/uploads\/2025\/02\/03-07.png\" alt=\"03-07\" \/><\/figure><\/div>\t\t\t<\/div>\n\t\t\t\t\t\t\t\t\t\t\t\t<div class=\"elementor-swiper-button elementor-swiper-button-prev\" role=\"button\" tabindex=\"0\">\n\t\t\t\t\t\t<svg aria-hidden=\"true\" class=\"e-font-icon-svg e-eicon-chevron-left\" viewbox=\"0 0 1000 1000\" xmlns=\"http:\/\/www.w3.org\/2000\/svg\"><path d=\"M646 125C629 125 613 133 604 142L308 442C296 454 292 471 292 487 292 504 296 521 308 533L604 854C617 867 629 875 646 875 663 875 679 871 692 858 704 846 713 829 713 812 713 796 708 779 692 767L438 487 692 225C700 217 708 204 708 187 708 171 704 154 692 142 675 129 663 125 646 125Z\"><\/path><\/svg>\t\t\t\t\t<\/div>\n\t\t\t\t\t<div class=\"elementor-swiper-button elementor-swiper-button-next\" role=\"button\" tabindex=\"0\">\n\t\t\t\t\t\t<svg aria-hidden=\"true\" class=\"e-font-icon-svg e-eicon-chevron-right\" viewbox=\"0 0 1000 1000\" xmlns=\"http:\/\/www.w3.org\/2000\/svg\"><path d=\"M696 533C708 521 713 504 713 487 713 471 708 454 696 446L400 146C388 133 375 125 354 125 338 125 325 129 313 142 300 154 292 171 292 187 292 204 296 221 308 233L563 492 304 771C292 783 288 800 288 817 288 833 296 850 308 863 321 871 338 875 354 875 371 875 388 867 400 854L696 533Z\"><\/path><\/svg>\t\t\t\t\t<\/div>\n\t\t\t\t\n\t\t\t\t\t\t\t\t\t<\/div>\n\t\t\t\t\t\t<\/div>\n\t\t\t\t<\/div>\n\t\t\t\t<\/div>\n\t\t<div class=\"elementor-element elementor-element-291668b e-con-full e-flex e-con e-child\" data-id=\"291668b\" data-element_type=\"container\">\n\t\t\t\t<div class=\"elementor-element elementor-element-8493f5a elementor-widget elementor-widget-heading\" data-id=\"8493f5a\" data-element_type=\"widget\" data-widget_type=\"heading.default\">\n\t\t\t\t<div class=\"elementor-widget-container\">\n\t\t\t\t\t<h2 class=\"elementor-heading-title elementor-size-default\">Economic Double Room: Perfect Harmony of Comfort and Savings\n\n<\/h2>\t\t\t\t<\/div>\n\t\t\t\t<\/div>\n\t\t\t\t<div class=\"elementor-element elementor-element-0d1dfc1 elementor-widget elementor-widget-text-editor\" data-id=\"0d1dfc1\" data-element_type=\"widget\" data-widget_type=\"text-editor.default\">\n\t\t\t\t<div class=\"elementor-widget-container\">\n\t\t\t\t\t\t\t\t\t<p style=\"background: white; margin: 0cm 0cm 11.25pt 0cm;\">Privado Hotels&#039; Economy Double Rooms combine comfort and budget-friendly accommodation. The rooms are simply and stylishly decorated and feature a large double bed, high-quality bedding and soft pillows. The rooms feature modern technological amenities such as free high-speed Wi-Fi, flat-screen TVs and satellite channels.<br \/><br \/>The bathrooms provide a hygienic environment with modern fixtures and meticulous cleaning, while the comfort of the guests is considered with hot shower facilities, fresh towels and free toiletries. Privado Hotels offers quality accommodation at affordable prices with its Economic Double Rooms, while providing its guests with easy access to the historical and cultural beauties of Antalya.<\/p>\t\t\t\t\t\t\t\t<\/div>\n\t\t\t\t<\/div>\n\t\t\t\t<\/div>\n\t\t\t\t\t<\/div>\n\t\t\t\t<\/div>\n\t\t<div class=\"elementor-element elementor-element-f3d2fa9 e-grid elementor-hidden-desktop e-con-boxed elementor-invisible e-con e-parent\" data-id=\"f3d2fa9\" data-element_type=\"container\" data-settings=\"{&quot;animation&quot;:&quot;fadeInUp&quot;}\">\n\t\t\t\t\t<div class=\"e-con-inner\">\n\t\t<div class=\"elementor-element elementor-element-5a35ee0 e-con-full e-flex e-con e-child\" data-id=\"5a35ee0\" data-element_type=\"container\">\n\t\t\t\t<div class=\"elementor-element elementor-element-a3ca0a1 elementor-arrows-position-outside elementor-widget elementor-widget-image-carousel\" data-id=\"a3ca0a1\" data-element_type=\"widget\" data-settings=\"{&quot;slides_to_show&quot;:&quot;1&quot;,&quot;navigation&quot;:&quot;arrows&quot;,&quot;autoplay&quot;:&quot;yes&quot;,&quot;pause_on_hover&quot;:&quot;yes&quot;,&quot;pause_on_interaction&quot;:&quot;yes&quot;,&quot;autoplay_speed&quot;:5000,&quot;infinite&quot;:&quot;yes&quot;,&quot;effect&quot;:&quot;slide&quot;,&quot;speed&quot;:500}\" data-widget_type=\"image-carousel.default\">\n\t\t\t\t<div class=\"elementor-widget-container\">\n\t\t\t\t\t\t\t<div class=\"elementor-image-carousel-wrapper swiper\" role=\"region\" aria-roledescription=\"carousel\" aria-label=\"Picture Cycle\" dir=\"ltr\">\n\t\t\t<div class=\"elementor-image-carousel swiper-wrapper\" aria-live=\"off\">\n\t\t\t\t\t\t\t\t<div class=\"swiper-slide\" role=\"group\" aria-roledescription=\"slide\" aria-label=\"1 \/ 10\"><figure class=\"swiper-slide-inner\"><img decoding=\"async\" class=\"swiper-slide-image\" src=\"https:\/\/privadohotels.com\/wp-content\/uploads\/2025\/02\/01-02.png\" alt=\"01-02\" \/><\/figure><\/div><div class=\"swiper-slide\" role=\"group\" aria-roledescription=\"slide\" aria-label=\"2 \/ 10\"><figure class=\"swiper-slide-inner\"><img decoding=\"async\" class=\"swiper-slide-image\" src=\"https:\/\/privadohotels.com\/wp-content\/uploads\/2025\/02\/01-06.png\" alt=\"01-06\" \/><\/figure><\/div><div class=\"swiper-slide\" role=\"group\" aria-roledescription=\"slide\" aria-label=\"3 \/ 10\"><figure class=\"swiper-slide-inner\"><img decoding=\"async\" class=\"swiper-slide-image\" src=\"https:\/\/privadohotels.com\/wp-content\/uploads\/2025\/02\/01-09.png\" alt=\"01-09\" \/><\/figure><\/div><div class=\"swiper-slide\" role=\"group\" aria-roledescription=\"slide\" aria-label=\"4 \/ 10\"><figure class=\"swiper-slide-inner\"><img decoding=\"async\" class=\"swiper-slide-image\" src=\"https:\/\/privadohotels.com\/wp-content\/uploads\/2025\/02\/01-W2.png\" alt=\"01-W2\" \/><\/figure><\/div><div class=\"swiper-slide\" role=\"group\" aria-roledescription=\"slide\" aria-label=\"5 \/ 10\"><figure class=\"swiper-slide-inner\"><img decoding=\"async\" class=\"swiper-slide-image\" src=\"https:\/\/privadohotels.com\/wp-content\/uploads\/2025\/02\/02-03.png\" alt=\"02-03\" \/><\/figure><\/div><div class=\"swiper-slide\" role=\"group\" aria-roledescription=\"slide\" aria-label=\"6 \/ 10\"><figure class=\"swiper-slide-inner\"><img decoding=\"async\" class=\"swiper-slide-image\" src=\"https:\/\/privadohotels.com\/wp-content\/uploads\/2025\/02\/02-W0.png\" alt=\"02-W0\" \/><\/figure><\/div><div class=\"swiper-slide\" role=\"group\" aria-roledescription=\"slide\" aria-label=\"7 \/ 10\"><figure class=\"swiper-slide-inner\"><img decoding=\"async\" class=\"swiper-slide-image\" src=\"https:\/\/privadohotels.com\/wp-content\/uploads\/2025\/02\/03-01.png\" alt=\"03-01\" \/><\/figure><\/div><div class=\"swiper-slide\" role=\"group\" aria-roledescription=\"slide\" aria-label=\"8 \/ 10\"><figure class=\"swiper-slide-inner\"><img decoding=\"async\" class=\"swiper-slide-image\" src=\"https:\/\/privadohotels.com\/wp-content\/uploads\/2025\/02\/03-03.png\" alt=\"03-03\" \/><\/figure><\/div><div class=\"swiper-slide\" role=\"group\" aria-roledescription=\"slide\" aria-label=\"9 \/ 10\"><figure class=\"swiper-slide-inner\"><img decoding=\"async\" class=\"swiper-slide-image\" src=\"https:\/\/privadohotels.com\/wp-content\/uploads\/2025\/02\/03-04.png\" alt=\"03-04\" \/><\/figure><\/div><div class=\"swiper-slide\" role=\"group\" aria-roledescription=\"slide\" aria-label=\"10 \/ 10\"><figure class=\"swiper-slide-inner\"><img decoding=\"async\" class=\"swiper-slide-image\" src=\"https:\/\/privadohotels.com\/wp-content\/uploads\/2025\/02\/03-07.png\" alt=\"03-07\" \/><\/figure><\/div>\t\t\t<\/div>\n\t\t\t\t\t\t\t\t\t\t\t\t<div class=\"elementor-swiper-button elementor-swiper-button-prev\" role=\"button\" tabindex=\"0\">\n\t\t\t\t\t\t<svg aria-hidden=\"true\" class=\"e-font-icon-svg e-eicon-chevron-left\" viewbox=\"0 0 1000 1000\" xmlns=\"http:\/\/www.w3.org\/2000\/svg\"><path d=\"M646 125C629 125 613 133 604 142L308 442C296 454 292 471 292 487 292 504 296 521 308 533L604 854C617 867 629 875 646 875 663 875 679 871 692 858 704 846 713 829 713 812 713 796 708 779 692 767L438 487 692 225C700 217 708 204 708 187 708 171 704 154 692 142 675 129 663 125 646 125Z\"><\/path><\/svg>\t\t\t\t\t<\/div>\n\t\t\t\t\t<div class=\"elementor-swiper-button elementor-swiper-button-next\" role=\"button\" tabindex=\"0\">\n\t\t\t\t\t\t<svg aria-hidden=\"true\" class=\"e-font-icon-svg e-eicon-chevron-right\" viewbox=\"0 0 1000 1000\" xmlns=\"http:\/\/www.w3.org\/2000\/svg\"><path d=\"M696 533C708 521 713 504 713 487 713 471 708 454 696 446L400 146C388 133 375 125 354 125 338 125 325 129 313 142 300 154 292 171 292 187 292 204 296 221 308 233L563 492 304 771C292 783 288 800 288 817 288 833 296 850 308 863 321 871 338 875 354 875 371 875 388 867 400 854L696 533Z\"><\/path><\/svg>\t\t\t\t\t<\/div>\n\t\t\t\t\n\t\t\t\t\t\t\t\t\t<\/div>\n\t\t\t\t\t\t<\/div>\n\t\t\t\t<\/div>\n\t\t\t\t<\/div>\n\t\t<div class=\"elementor-element elementor-element-1724c1d e-con-full e-flex e-con e-child\" data-id=\"1724c1d\" data-element_type=\"container\">\n\t\t\t\t<div class=\"elementor-element elementor-element-a16f742 elementor-widget elementor-widget-heading\" data-id=\"a16f742\" data-element_type=\"widget\" data-widget_type=\"heading.default\">\n\t\t\t\t<div class=\"elementor-widget-container\">\n\t\t\t\t\t<h2 class=\"elementor-heading-title elementor-size-default\">Economic Double Room: Perfect Harmony of Comfort and Savings\n\n<\/h2>\t\t\t\t<\/div>\n\t\t\t\t<\/div>\n\t\t\t\t<div class=\"elementor-element elementor-element-ab1e823 elementor-widget elementor-widget-text-editor\" data-id=\"ab1e823\" data-element_type=\"widget\" data-widget_type=\"text-editor.default\">\n\t\t\t\t<div class=\"elementor-widget-container\">\n\t\t\t\t\t\t\t\t\t<p style=\"background: white; margin: 0cm 0cm 11.25pt 0cm;\">Privado Hotels&#039; Economy Double Rooms combine comfort and budget-friendly accommodation. The rooms are simply and stylishly decorated and feature a large double bed, high-quality bedding and soft pillows. The rooms feature modern technological amenities such as free high-speed Wi-Fi, flat-screen TVs and satellite channels.<\/p><p>The bathrooms provide a hygienic environment with modern fixtures and meticulous cleaning, while the comfort of the guests is considered with hot shower facilities, fresh towels and free toiletries. Privado Hotels offers quality accommodation at affordable prices with its Economic Double Rooms, while providing its guests with easy access to the historical and cultural beauties of Antalya.<\/p>\t\t\t\t\t\t\t\t<\/div>\n\t\t\t\t<\/div>\n\t\t\t\t<\/div>\n\t\t\t\t\t<\/div>\n\t\t\t\t<\/div>\n\t\t\t\t<\/div>","protected":false},"excerpt":{"rendered":"<p>Economy Double Room Economy Double Room: The Perfect Blend of Comfort and Savings Privado Hotels&#039; Economy Double Rooms combine comfort with a budget-friendly accommodation. Featuring simple yet elegant decor, the rooms are fitted with a large double bed, high-quality bedding, and plush pillows. They also feature free high-speed Wi-Fi, a flat-screen TV, and\u2026<\/p>","protected":false},"author":1,"featured_media":0,"parent":0,"menu_order":0,"comment_status":"closed","ping_status":"closed","template":"elementor_header_footer","meta":{"footnotes":""},"class_list":["post-94622","page","type-page","status-publish","hentry"],"yoast_head":"<!-- This site is optimized with the Yoast SEO plugin v24.3 - https:\/\/yoast.com\/wordpress\/plugins\/seo\/ -->\n<title>Economic Double - Privado Hotels<\/title>\n<meta name=\"robots\" content=\"index, follow, max-snippet:-1, max-image-preview:large, max-video-preview:-1\" \/>\n<link rel=\"canonical\" href=\"https:\/\/privadohotels.com\/en\/economic-double\/\" \/>\n<meta property=\"og:locale\" content=\"en_US\" \/>\n<meta property=\"og:type\" content=\"article\" \/>\n<meta property=\"og:title\" content=\"Economic Double - Privado Hotels\" \/>\n<meta property=\"og:description\" content=\"Ekonomik \u00c7ift Ki\u015filik Oda Ekonomik \u00c7ift Ki\u015filik Oda: Konfor ve Tasarrufun M\u00fckemmel Uyumu Privado Hotels\u2019in Ekonomik \u00c7ift Ki\u015filik Odalar\u0131, konforu ve b\u00fct\u00e7e dostu bir konaklama deneyimini bir araya getirir. Sade ve \u015f\u0131k dekorasyona sahip odalar, geni\u015f \u00e7ift ki\u015filik yatak, y\u00fcksek kaliteli yatak tak\u0131mlar\u0131 ve yumu\u015fak yast\u0131klarla donat\u0131lm\u0131\u015ft\u0131r. Odalarda \u00fccretsiz y\u00fcksek h\u0131zl\u0131 Wi-Fi, d\u00fcz ekran televizyon&hellip;\" \/>\n<meta property=\"og:url\" content=\"https:\/\/privadohotels.com\/en\/economic-double\/\" \/>\n<meta property=\"og:site_name\" content=\"Privado Hotels\" \/>\n<meta property=\"article:modified_time\" content=\"2025-03-14T00:30:20+00:00\" \/>\n<meta property=\"og:image\" content=\"https:\/\/privadohotels.com\/wp-content\/uploads\/2025\/02\/01-02.png\" \/>\n<meta name=\"twitter:card\" content=\"summary_large_image\" \/>\n<meta name=\"twitter:label1\" content=\"Est. reading time\" \/>\n\t<meta name=\"twitter:data1\" content=\"7 minutes\" \/>\n<script type=\"application\/ld+json\" class=\"yoast-schema-graph\">{\"@context\":\"https:\/\/schema.org\",\"@graph\":[{\"@type\":\"WebPage\",\"@id\":\"https:\/\/privadohotels.com\/economic-double\/\",\"url\":\"https:\/\/privadohotels.com\/economic-double\/\",\"name\":\"Economic Double - Privado Hotels\",\"isPartOf\":{\"@id\":\"https:\/\/privadohotels.com\/#website\"},\"primaryImageOfPage\":{\"@id\":\"https:\/\/privadohotels.com\/economic-double\/#primaryimage\"},\"image\":{\"@id\":\"https:\/\/privadohotels.com\/economic-double\/#primaryimage\"},\"thumbnailUrl\":\"https:\/\/privadohotels.com\/wp-content\/uploads\/2025\/02\/01-02.png\",\"datePublished\":\"2025-02-06T21:50:55+00:00\",\"dateModified\":\"2025-03-14T00:30:20+00:00\",\"breadcrumb\":{\"@id\":\"https:\/\/privadohotels.com\/economic-double\/#breadcrumb\"},\"inLanguage\":\"en-US\",\"potentialAction\":[{\"@type\":\"ReadAction\",\"target\":[\"https:\/\/privadohotels.com\/economic-double\/\"]}]},{\"@type\":\"ImageObject\",\"inLanguage\":\"en-US\",\"@id\":\"https:\/\/privadohotels.com\/economic-double\/#primaryimage\",\"url\":\"https:\/\/privadohotels.com\/wp-content\/uploads\/2025\/02\/01-02.png\",\"contentUrl\":\"https:\/\/privadohotels.com\/wp-content\/uploads\/2025\/02\/01-02.png\"},{\"@type\":\"BreadcrumbList\",\"@id\":\"https:\/\/privadohotels.com\/economic-double\/#breadcrumb\",\"itemListElement\":[{\"@type\":\"ListItem\",\"position\":1,\"name\":\"Anasayfa\",\"item\":\"https:\/\/privadohotels.com\/\"},{\"@type\":\"ListItem\",\"position\":2,\"name\":\"Economic Double\"}]},{\"@type\":\"WebSite\",\"@id\":\"https:\/\/privadohotels.com\/#website\",\"url\":\"https:\/\/privadohotels.com\/\",\"name\":\"Privado Hotels\",\"description\":\"Privado Hotels - Antalya Hotel | Antalya Otel\",\"publisher\":{\"@id\":\"https:\/\/privadohotels.com\/#organization\"},\"potentialAction\":[{\"@type\":\"SearchAction\",\"target\":{\"@type\":\"EntryPoint\",\"urlTemplate\":\"https:\/\/privadohotels.com\/?s={search_term_string}\"},\"query-input\":{\"@type\":\"PropertyValueSpecification\",\"valueRequired\":true,\"valueName\":\"search_term_string\"}}],\"inLanguage\":\"en-US\"},{\"@type\":\"Organization\",\"@id\":\"https:\/\/privadohotels.com\/#organization\",\"name\":\"Privado Hotels\",\"url\":\"https:\/\/privadohotels.com\/\",\"logo\":{\"@type\":\"ImageObject\",\"inLanguage\":\"en-US\",\"@id\":\"https:\/\/privadohotels.com\/#\/schema\/logo\/image\/\",\"url\":\"https:\/\/privadohotels.com\/wp-content\/uploads\/2021\/12\/the7-logo-004.svg\",\"contentUrl\":\"https:\/\/privadohotels.com\/wp-content\/uploads\/2021\/12\/the7-logo-004.svg\",\"caption\":\"Privado Hotels\"},\"image\":{\"@id\":\"https:\/\/privadohotels.com\/#\/schema\/logo\/image\/\"}}]}<\/script>\n<!-- \/ Yoast SEO plugin. -->","yoast_head_json":{"title":"Economic Double - Privado Hotels","robots":{"index":"index","follow":"follow","max-snippet":"max-snippet:-1","max-image-preview":"max-image-preview:large","max-video-preview":"max-video-preview:-1"},"canonical":"https:\/\/privadohotels.com\/en\/economic-double\/","og_locale":"en_US","og_type":"article","og_title":"Economic Double - Privado Hotels","og_description":"Ekonomik \u00c7ift Ki\u015filik Oda Ekonomik \u00c7ift Ki\u015filik Oda: Konfor ve Tasarrufun M\u00fckemmel Uyumu Privado Hotels\u2019in Ekonomik \u00c7ift Ki\u015filik Odalar\u0131, konforu ve b\u00fct\u00e7e dostu bir konaklama deneyimini bir araya getirir. Sade ve \u015f\u0131k dekorasyona sahip odalar, geni\u015f \u00e7ift ki\u015filik yatak, y\u00fcksek kaliteli yatak tak\u0131mlar\u0131 ve yumu\u015fak yast\u0131klarla donat\u0131lm\u0131\u015ft\u0131r. Odalarda \u00fccretsiz y\u00fcksek h\u0131zl\u0131 Wi-Fi, d\u00fcz ekran televizyon&hellip;","og_url":"https:\/\/privadohotels.com\/en\/economic-double\/","og_site_name":"Privado Hotels","article_modified_time":"2025-03-14T00:30:20+00:00","og_image":[{"url":"https:\/\/privadohotels.com\/wp-content\/uploads\/2025\/02\/01-02.png","type":"","width":"","height":""}],"twitter_card":"summary_large_image","twitter_misc":{"Est. reading time":"7 minutes"},"schema":{"@context":"https:\/\/schema.org","@graph":[{"@type":"WebPage","@id":"https:\/\/privadohotels.com\/economic-double\/","url":"https:\/\/privadohotels.com\/economic-double\/","name":"Economic Double - Privado Hotels","isPartOf":{"@id":"https:\/\/privadohotels.com\/#website"},"primaryImageOfPage":{"@id":"https:\/\/privadohotels.com\/economic-double\/#primaryimage"},"image":{"@id":"https:\/\/privadohotels.com\/economic-double\/#primaryimage"},"thumbnailUrl":"https:\/\/privadohotels.com\/wp-content\/uploads\/2025\/02\/01-02.png","datePublished":"2025-02-06T21:50:55+00:00","dateModified":"2025-03-14T00:30:20+00:00","breadcrumb":{"@id":"https:\/\/privadohotels.com\/economic-double\/#breadcrumb"},"inLanguage":"en-US","potentialAction":[{"@type":"ReadAction","target":["https:\/\/privadohotels.com\/economic-double\/"]}]},{"@type":"ImageObject","inLanguage":"en-US","@id":"https:\/\/privadohotels.com\/economic-double\/#primaryimage","url":"https:\/\/privadohotels.com\/wp-content\/uploads\/2025\/02\/01-02.png","contentUrl":"https:\/\/privadohotels.com\/wp-content\/uploads\/2025\/02\/01-02.png"},{"@type":"BreadcrumbList","@id":"https:\/\/privadohotels.com\/economic-double\/#breadcrumb","itemListElement":[{"@type":"ListItem","position":1,"name":"Anasayfa","item":"https:\/\/privadohotels.com\/"},{"@type":"ListItem","position":2,"name":"Economic Double"}]},{"@type":"WebSite","@id":"https:\/\/privadohotels.com\/#website","url":"https:\/\/privadohotels.com\/","name":"Privado Hotels","description":"Privado Hotels - Antalya Hotel | Antalya Otel","publisher":{"@id":"https:\/\/privadohotels.com\/#organization"},"potentialAction":[{"@type":"SearchAction","target":{"@type":"EntryPoint","urlTemplate":"https:\/\/privadohotels.com\/?s={search_term_string}"},"query-input":{"@type":"PropertyValueSpecification","valueRequired":true,"valueName":"search_term_string"}}],"inLanguage":"en-US"},{"@type":"Organization","@id":"https:\/\/privadohotels.com\/#organization","name":"Privado Hotels","url":"https:\/\/privadohotels.com\/","logo":{"@type":"ImageObject","inLanguage":"en-US","@id":"https:\/\/privadohotels.com\/#\/schema\/logo\/image\/","url":"https:\/\/privadohotels.com\/wp-content\/uploads\/2021\/12\/the7-logo-004.svg","contentUrl":"https:\/\/privadohotels.com\/wp-content\/uploads\/2021\/12\/the7-logo-004.svg","caption":"Privado Hotels"},"image":{"@id":"https:\/\/privadohotels.com\/#\/schema\/logo\/image\/"}}]}},"_links":{"self":[{"href":"https:\/\/privadohotels.com\/en\/wp-json\/wp\/v2\/pages\/94622","targetHints":{"allow":["GET"]}}],"collection":[{"href":"https:\/\/privadohotels.com\/en\/wp-json\/wp\/v2\/pages"}],"about":[{"href":"https:\/\/privadohotels.com\/en\/wp-json\/wp\/v2\/types\/page"}],"author":[{"embeddable":true,"href":"https:\/\/privadohotels.com\/en\/wp-json\/wp\/v2\/users\/1"}],"replies":[{"embeddable":true,"href":"https:\/\/privadohotels.com\/en\/wp-json\/wp\/v2\/comments?post=94622"}],"version-history":[{"count":50,"href":"https:\/\/privadohotels.com\/en\/wp-json\/wp\/v2\/pages\/94622\/revisions"}],"predecessor-version":[{"id":96171,"href":"https:\/\/privadohotels.com\/en\/wp-json\/wp\/v2\/pages\/94622\/revisions\/96171"}],"wp:attachment":[{"href":"https:\/\/privadohotels.com\/en\/wp-json\/wp\/v2\/media?parent=94622"}],"curies":[{"name":"wp","href":"https:\/\/api.w.org\/{rel}","templated":true}]}}