{"id":94310,"date":"2025-02-06T03:58:37","date_gmt":"2025-02-06T00:58:37","guid":{"rendered":"https:\/\/privadohotels.com\/?page_id=94310"},"modified":"2025-03-14T03:22:32","modified_gmt":"2025-03-14T00:22:32","slug":"our-rooms","status":"publish","type":"page","link":"https:\/\/privadohotels.com\/en\/our-rooms\/","title":{"rendered":"Our rooms"},"content":{"rendered":"<div data-elementor-type=\"wp-page\" data-elementor-id=\"94310\" class=\"elementor elementor-94310\" data-elementor-post-type=\"page\">\n\t\t\t\t<div class=\"elementor-element elementor-element-158ca8c e-flex e-con-boxed elementor-invisible e-con e-parent\" data-id=\"158ca8c\" data-element_type=\"container\" data-settings=\"{&quot;animation&quot;:&quot;fadeInUp&quot;}\">\n\t\t\t\t\t<div class=\"e-con-inner\">\n\t\t\t\t<div class=\"elementor-element elementor-element-7493ff5 elementor-widget elementor-widget-heading\" data-id=\"7493ff5\" data-element_type=\"widget\" data-widget_type=\"heading.default\">\n\t\t\t\t<div class=\"elementor-widget-container\">\n\t\t\t\t\t<h2 class=\"elementor-heading-title elementor-size-default\">Rooms &amp; Suites\n<\/h2>\t\t\t\t<\/div>\n\t\t\t\t<\/div>\n\t\t\t\t\t<\/div>\n\t\t\t\t<\/div>\n\t\t<div class=\"elementor-element elementor-element-f29da7c elementor-hidden-tablet elementor-hidden-mobile e-flex e-con-boxed elementor-invisible e-con e-parent\" data-id=\"f29da7c\" data-element_type=\"container\" data-settings=\"{&quot;animation&quot;:&quot;fadeInUp&quot;}\">\n\t\t\t\t\t<div class=\"e-con-inner\">\n\t\t<div class=\"elementor-element elementor-element-4941d14 e-con-full e-flex e-con e-child\" data-id=\"4941d14\" data-element_type=\"container\" data-settings=\"{&quot;background_background&quot;:&quot;classic&quot;}\">\n\t\t\t\t<div class=\"elementor-element elementor-element-36e06b1 elementor-absolute elementor-widget elementor-widget-heading\" data-id=\"36e06b1\" data-element_type=\"widget\" data-settings=\"{&quot;_position&quot;:&quot;absolute&quot;}\" data-widget_type=\"heading.default\">\n\t\t\t\t<div class=\"elementor-widget-container\">\n\t\t\t\t\t<h2 class=\"elementor-heading-title elementor-size-default\"><a href=\"https:\/\/privadohotels.com\/en\/economic-double\/\">Economy Double Room<\/a><\/h2>\t\t\t\t<\/div>\n\t\t\t\t<\/div>\n\t\t\t\t<\/div>\n\t\t<div class=\"elementor-element elementor-element-1acadac e-con-full e-flex e-con e-child\" data-id=\"1acadac\" data-element_type=\"container\" data-settings=\"{&quot;background_background&quot;:&quot;classic&quot;}\">\n\t\t\t\t<div class=\"elementor-element elementor-element-9891136 elementor-absolute elementor-widget elementor-widget-heading\" data-id=\"9891136\" data-element_type=\"widget\" data-settings=\"{&quot;_position&quot;:&quot;absolute&quot;}\" data-widget_type=\"heading.default\">\n\t\t\t\t<div class=\"elementor-widget-container\">\n\t\t\t\t\t<h2 class=\"elementor-heading-title elementor-size-default\"><a href=\"https:\/\/privadohotels.com\/en\/standard-double\/\">Standard Double Room<\/a><\/h2>\t\t\t\t<\/div>\n\t\t\t\t<\/div>\n\t\t\t\t<\/div>\n\t\t<div class=\"elementor-element elementor-element-1ac1eb3 e-con-full e-flex e-con e-child\" data-id=\"1ac1eb3\" data-element_type=\"container\" data-settings=\"{&quot;background_background&quot;:&quot;classic&quot;}\">\n\t\t\t\t<div class=\"elementor-element elementor-element-c65f0e8 elementor-absolute elementor-widget elementor-widget-heading\" data-id=\"c65f0e8\" data-element_type=\"widget\" data-settings=\"{&quot;_position&quot;:&quot;absolute&quot;}\" data-widget_type=\"heading.default\">\n\t\t\t\t<div class=\"elementor-widget-container\">\n\t\t\t\t\t<h2 class=\"elementor-heading-title elementor-size-default\"><a href=\"https:\/\/privadohotels.com\/en\/luxury-room\/\">Suite<\/a><\/h2>\t\t\t\t<\/div>\n\t\t\t\t<\/div>\n\t\t\t\t<\/div>\n\t\t<div class=\"elementor-element elementor-element-1b300f8 e-con-full e-flex e-con e-child\" data-id=\"1b300f8\" data-element_type=\"container\" data-settings=\"{&quot;background_background&quot;:&quot;classic&quot;}\">\n\t\t\t\t<div class=\"elementor-element elementor-element-e2bbf07 elementor-absolute elementor-widget elementor-widget-heading\" data-id=\"e2bbf07\" data-element_type=\"widget\" data-settings=\"{&quot;_position&quot;:&quot;absolute&quot;}\" data-widget_type=\"heading.default\">\n\t\t\t\t<div class=\"elementor-widget-container\">\n\t\t\t\t\t<h2 class=\"elementor-heading-title elementor-size-default\"><a href=\"https:\/\/privadohotels.com\/en\/family-room\/\">Economical Family Room<\/a><\/h2>\t\t\t\t<\/div>\n\t\t\t\t<\/div>\n\t\t\t\t<\/div>\n\t\t\t\t\t<\/div>\n\t\t\t\t<\/div>\n\t\t<div class=\"elementor-element elementor-element-55b3cbc elementor-hidden-tablet elementor-hidden-mobile e-flex e-con-boxed elementor-invisible e-con e-parent\" data-id=\"55b3cbc\" data-element_type=\"container\" data-settings=\"{&quot;animation&quot;:&quot;fadeInUp&quot;}\">\n\t\t\t\t\t<div class=\"e-con-inner\">\n\t\t<div class=\"elementor-element elementor-element-439c9c1 e-con-full e-flex e-con e-child\" data-id=\"439c9c1\" data-element_type=\"container\" data-settings=\"{&quot;background_background&quot;:&quot;classic&quot;}\">\n\t\t\t\t<div class=\"elementor-element elementor-element-2c6c958 elementor-absolute elementor-widget elementor-widget-heading\" data-id=\"2c6c958\" data-element_type=\"widget\" data-settings=\"{&quot;_position&quot;:&quot;absolute&quot;}\" data-widget_type=\"heading.default\">\n\t\t\t\t<div class=\"elementor-widget-container\">\n\t\t\t\t\t<h2 class=\"elementor-heading-title elementor-size-default\"><a href=\"https:\/\/privadohotels.com\/en\/standard-suite-room\/\">Standard Family Room<\/a><\/h2>\t\t\t\t<\/div>\n\t\t\t\t<\/div>\n\t\t\t\t<\/div>\n\t\t<div class=\"elementor-element elementor-element-eb31b10 e-con-full e-flex e-con e-child\" data-id=\"eb31b10\" data-element_type=\"container\" data-settings=\"{&quot;background_background&quot;:&quot;classic&quot;}\">\n\t\t\t\t<div class=\"elementor-element elementor-element-94b276a elementor-absolute elementor-widget elementor-widget-heading\" data-id=\"94b276a\" data-element_type=\"widget\" data-settings=\"{&quot;_position&quot;:&quot;absolute&quot;}\" data-widget_type=\"heading.default\">\n\t\t\t\t<div class=\"elementor-widget-container\">\n\t\t\t\t\t<h2 class=\"elementor-heading-title elementor-size-default\"><a href=\"https:\/\/privadohotels.com\/en\/economic-single\/\">Deluxe Family Room<\/a><\/h2>\t\t\t\t<\/div>\n\t\t\t\t<\/div>\n\t\t\t\t<\/div>\n\t\t<div class=\"elementor-element elementor-element-f03d3a5 e-con-full e-flex e-con e-child\" data-id=\"f03d3a5\" data-element_type=\"container\" data-settings=\"{&quot;background_background&quot;:&quot;classic&quot;}\">\n\t\t\t\t<div class=\"elementor-element elementor-element-7e3793c elementor-absolute elementor-widget elementor-widget-heading\" data-id=\"7e3793c\" data-element_type=\"widget\" data-settings=\"{&quot;_position&quot;:&quot;absolute&quot;}\" data-widget_type=\"heading.default\">\n\t\t\t\t<div class=\"elementor-widget-container\">\n\t\t\t\t\t<h2 class=\"elementor-heading-title elementor-size-default\"><a href=\"https:\/\/privadohotels.com\/en\/deluxe-family-room-duplex\/\">VIP Room<\/a><\/h2>\t\t\t\t<\/div>\n\t\t\t\t<\/div>\n\t\t\t\t<\/div>\n\t\t\t\t\t<\/div>\n\t\t\t\t<\/div>\n\t\t<div class=\"elementor-element elementor-element-bafbec9 elementor-hidden-desktop e-flex e-con-boxed elementor-invisible e-con e-parent\" data-id=\"bafbec9\" data-element_type=\"container\" data-settings=\"{&quot;animation&quot;:&quot;fadeInUp&quot;}\">\n\t\t\t\t\t<div class=\"e-con-inner\">\n\t\t<div class=\"elementor-element elementor-element-2543c4e e-con-full e-grid e-con e-child\" data-id=\"2543c4e\" data-element_type=\"container\" data-settings=\"{&quot;background_background&quot;:&quot;classic&quot;}\">\n\t\t\t\t<div class=\"elementor-element elementor-element-3fbd4f4 elementor-absolute elementor-widget elementor-widget-heading\" data-id=\"3fbd4f4\" data-element_type=\"widget\" data-settings=\"{&quot;_position&quot;:&quot;absolute&quot;}\" data-widget_type=\"heading.default\">\n\t\t\t\t<div class=\"elementor-widget-container\">\n\t\t\t\t\t<h2 class=\"elementor-heading-title elementor-size-default\"><a href=\"https:\/\/privadohotels.com\/en\/economic-double\/\">Economy Double Room<\/a><\/h2>\t\t\t\t<\/div>\n\t\t\t\t<\/div>\n\t\t\t\t<\/div>\n\t\t<div class=\"elementor-element elementor-element-702738d e-con-full e-grid e-con e-child\" data-id=\"702738d\" data-element_type=\"container\" data-settings=\"{&quot;background_background&quot;:&quot;classic&quot;}\">\n\t\t\t\t<div class=\"elementor-element elementor-element-0171309 elementor-absolute elementor-widget elementor-widget-heading\" data-id=\"0171309\" data-element_type=\"widget\" data-settings=\"{&quot;_position&quot;:&quot;absolute&quot;}\" data-widget_type=\"heading.default\">\n\t\t\t\t<div class=\"elementor-widget-container\">\n\t\t\t\t\t<h2 class=\"elementor-heading-title elementor-size-default\"><a href=\"https:\/\/privadohotels.com\/en\/standard-double\/\">Standard Double Room<\/a><\/h2>\t\t\t\t<\/div>\n\t\t\t\t<\/div>\n\t\t\t\t<\/div>\n\t\t<div class=\"elementor-element elementor-element-03cbf0e e-con-full e-grid e-con e-child\" data-id=\"03cbf0e\" data-element_type=\"container\" data-settings=\"{&quot;background_background&quot;:&quot;classic&quot;}\">\n\t\t\t\t<div class=\"elementor-element elementor-element-5e1916b elementor-absolute elementor-widget elementor-widget-heading\" data-id=\"5e1916b\" data-element_type=\"widget\" data-settings=\"{&quot;_position&quot;:&quot;absolute&quot;}\" data-widget_type=\"heading.default\">\n\t\t\t\t<div class=\"elementor-widget-container\">\n\t\t\t\t\t<h2 class=\"elementor-heading-title elementor-size-default\"><a href=\"https:\/\/privadohotels.com\/en\/luxury-room\/\">Suite<\/a><\/h2>\t\t\t\t<\/div>\n\t\t\t\t<\/div>\n\t\t\t\t<\/div>\n\t\t<div class=\"elementor-element elementor-element-f9df954 e-con-full e-grid e-con e-child\" data-id=\"f9df954\" data-element_type=\"container\" data-settings=\"{&quot;background_background&quot;:&quot;classic&quot;}\">\n\t\t\t\t<div class=\"elementor-element elementor-element-5664e3e elementor-absolute elementor-widget elementor-widget-heading\" data-id=\"5664e3e\" data-element_type=\"widget\" data-settings=\"{&quot;_position&quot;:&quot;absolute&quot;}\" data-widget_type=\"heading.default\">\n\t\t\t\t<div class=\"elementor-widget-container\">\n\t\t\t\t\t<h2 class=\"elementor-heading-title elementor-size-default\"><a href=\"https:\/\/privadohotels.com\/en\/family-room\/\">Economical Family Room<\/a><\/h2>\t\t\t\t<\/div>\n\t\t\t\t<\/div>\n\t\t\t\t<\/div>\n\t\t\t\t\t<\/div>\n\t\t\t\t<\/div>\n\t\t<div class=\"elementor-element elementor-element-39b7463 elementor-hidden-desktop e-flex e-con-boxed elementor-invisible e-con e-parent\" data-id=\"39b7463\" data-element_type=\"container\" data-settings=\"{&quot;animation&quot;:&quot;fadeInUp&quot;}\">\n\t\t\t\t\t<div class=\"e-con-inner\">\n\t\t<div class=\"elementor-element elementor-element-2ce356d e-con-full e-grid e-con e-child\" data-id=\"2ce356d\" data-element_type=\"container\" data-settings=\"{&quot;background_background&quot;:&quot;classic&quot;}\">\n\t\t\t\t<div class=\"elementor-element elementor-element-bc07cf5 elementor-absolute elementor-widget elementor-widget-heading\" data-id=\"bc07cf5\" data-element_type=\"widget\" data-settings=\"{&quot;_position&quot;:&quot;absolute&quot;}\" data-widget_type=\"heading.default\">\n\t\t\t\t<div class=\"elementor-widget-container\">\n\t\t\t\t\t<h2 class=\"elementor-heading-title elementor-size-default\"><a href=\"https:\/\/privadohotels.com\/en\/standard-suite-room\/\">Standard Family Room<\/a><\/h2>\t\t\t\t<\/div>\n\t\t\t\t<\/div>\n\t\t\t\t<\/div>\n\t\t<div class=\"elementor-element elementor-element-c6ea6ca e-con-full e-grid e-con e-child\" data-id=\"c6ea6ca\" data-element_type=\"container\" data-settings=\"{&quot;background_background&quot;:&quot;classic&quot;}\">\n\t\t\t\t<div class=\"elementor-element elementor-element-e552d53 elementor-absolute elementor-widget elementor-widget-heading\" data-id=\"e552d53\" data-element_type=\"widget\" data-settings=\"{&quot;_position&quot;:&quot;absolute&quot;}\" data-widget_type=\"heading.default\">\n\t\t\t\t<div class=\"elementor-widget-container\">\n\t\t\t\t\t<h2 class=\"elementor-heading-title elementor-size-default\"><a href=\"https:\/\/privadohotels.com\/en\/economic-single\/\">Deluxe Family Room<\/a><\/h2>\t\t\t\t<\/div>\n\t\t\t\t<\/div>\n\t\t\t\t<\/div>\n\t\t<div class=\"elementor-element elementor-element-f91499b e-con-full e-grid e-con e-child\" data-id=\"f91499b\" data-element_type=\"container\" data-settings=\"{&quot;background_background&quot;:&quot;classic&quot;}\">\n\t\t\t\t<div class=\"elementor-element elementor-element-0624ce3 elementor-absolute elementor-widget elementor-widget-heading\" data-id=\"0624ce3\" data-element_type=\"widget\" data-settings=\"{&quot;_position&quot;:&quot;absolute&quot;}\" data-widget_type=\"heading.default\">\n\t\t\t\t<div class=\"elementor-widget-container\">\n\t\t\t\t\t<h2 class=\"elementor-heading-title elementor-size-default\"><a href=\"https:\/\/privadohotels.com\/en\/deluxe-family-room-duplex\/\">VIP Room<\/a><\/h2>\t\t\t\t<\/div>\n\t\t\t\t<\/div>\n\t\t\t\t<\/div>\n\t\t\t\t\t<\/div>\n\t\t\t\t<\/div>\n\t\t\t\t<\/div>","protected":false},"excerpt":{"rendered":"<p>Rooms &amp; Suites Economic Double Room Standard Double Room Suite Room Economic Family Room Standard Family Room Deluxe Family Room VIP Room Economic Double Room Standard Double Room Suite Room Economic Family Room Standard Family Room Deluxe Family Room VIP Room<\/p>","protected":false},"author":1,"featured_media":0,"parent":0,"menu_order":0,"comment_status":"closed","ping_status":"closed","template":"elementor_header_footer","meta":{"footnotes":""},"class_list":["post-94310","page","type-page","status-publish","hentry"],"yoast_head":"<!-- This site is optimized with the Yoast SEO plugin v24.3 - https:\/\/yoast.com\/wordpress\/plugins\/seo\/ -->\n<title>Odalar\u0131m\u0131z - Privado Hotels<\/title>\n<meta name=\"robots\" content=\"index, follow, max-snippet:-1, max-image-preview:large, max-video-preview:-1\" \/>\n<link rel=\"canonical\" href=\"https:\/\/privadohotels.com\/en\/our-rooms\/\" \/>\n<meta property=\"og:locale\" content=\"en_US\" \/>\n<meta property=\"og:type\" content=\"article\" \/>\n<meta property=\"og:title\" content=\"Odalar\u0131m\u0131z - Privado Hotels\" \/>\n<meta property=\"og:description\" content=\"Odalar &amp; S\u00fcitler Ekonomik \u00c7ift Ki\u015filik Oda Standart \u00c7ift Ki\u015filik Oda Suit Oda Ekonomik Aile Odas\u0131 Standart Aile Odas\u0131 Deluxe Aile Odas\u0131 VIP Oda Ekonomik \u00c7ift Ki\u015filik Oda Standart \u00c7ift Ki\u015filik Oda Suit Oda Ekonomik Aile Odas\u0131 Standart Aile Odas\u0131 Deluxe Aile Odas\u0131 VIP Oda\" \/>\n<meta property=\"og:url\" content=\"https:\/\/privadohotels.com\/en\/our-rooms\/\" \/>\n<meta property=\"og:site_name\" content=\"Privado Hotels\" \/>\n<meta property=\"article:modified_time\" content=\"2025-03-14T00:22:32+00:00\" \/>\n<meta name=\"twitter:card\" content=\"summary_large_image\" \/>\n<meta name=\"twitter:label1\" content=\"Est. reading time\" \/>\n\t<meta name=\"twitter:data1\" content=\"1 minute\" \/>\n<script type=\"application\/ld+json\" class=\"yoast-schema-graph\">{\"@context\":\"https:\/\/schema.org\",\"@graph\":[{\"@type\":\"WebPage\",\"@id\":\"https:\/\/privadohotels.com\/our-rooms\/\",\"url\":\"https:\/\/privadohotels.com\/our-rooms\/\",\"name\":\"Odalar\u0131m\u0131z - Privado Hotels\",\"isPartOf\":{\"@id\":\"https:\/\/privadohotels.com\/#website\"},\"datePublished\":\"2025-02-06T00:58:37+00:00\",\"dateModified\":\"2025-03-14T00:22:32+00:00\",\"breadcrumb\":{\"@id\":\"https:\/\/privadohotels.com\/our-rooms\/#breadcrumb\"},\"inLanguage\":\"en-US\",\"potentialAction\":[{\"@type\":\"ReadAction\",\"target\":[\"https:\/\/privadohotels.com\/our-rooms\/\"]}]},{\"@type\":\"BreadcrumbList\",\"@id\":\"https:\/\/privadohotels.com\/our-rooms\/#breadcrumb\",\"itemListElement\":[{\"@type\":\"ListItem\",\"position\":1,\"name\":\"Anasayfa\",\"item\":\"https:\/\/privadohotels.com\/\"},{\"@type\":\"ListItem\",\"position\":2,\"name\":\"Odalar\u0131m\u0131z\"}]},{\"@type\":\"WebSite\",\"@id\":\"https:\/\/privadohotels.com\/#website\",\"url\":\"https:\/\/privadohotels.com\/\",\"name\":\"Privado Hotels\",\"description\":\"Privado Hotels - Antalya Hotel | Antalya Otel\",\"publisher\":{\"@id\":\"https:\/\/privadohotels.com\/#organization\"},\"potentialAction\":[{\"@type\":\"SearchAction\",\"target\":{\"@type\":\"EntryPoint\",\"urlTemplate\":\"https:\/\/privadohotels.com\/?s={search_term_string}\"},\"query-input\":{\"@type\":\"PropertyValueSpecification\",\"valueRequired\":true,\"valueName\":\"search_term_string\"}}],\"inLanguage\":\"en-US\"},{\"@type\":\"Organization\",\"@id\":\"https:\/\/privadohotels.com\/#organization\",\"name\":\"Privado Hotels\",\"url\":\"https:\/\/privadohotels.com\/\",\"logo\":{\"@type\":\"ImageObject\",\"inLanguage\":\"en-US\",\"@id\":\"https:\/\/privadohotels.com\/#\/schema\/logo\/image\/\",\"url\":\"https:\/\/privadohotels.com\/wp-content\/uploads\/2021\/12\/the7-logo-004.svg\",\"contentUrl\":\"https:\/\/privadohotels.com\/wp-content\/uploads\/2021\/12\/the7-logo-004.svg\",\"caption\":\"Privado Hotels\"},\"image\":{\"@id\":\"https:\/\/privadohotels.com\/#\/schema\/logo\/image\/\"}}]}<\/script>\n<!-- \/ Yoast SEO plugin. -->","yoast_head_json":{"title":"Odalar\u0131m\u0131z - Privado Hotels","robots":{"index":"index","follow":"follow","max-snippet":"max-snippet:-1","max-image-preview":"max-image-preview:large","max-video-preview":"max-video-preview:-1"},"canonical":"https:\/\/privadohotels.com\/en\/our-rooms\/","og_locale":"en_US","og_type":"article","og_title":"Odalar\u0131m\u0131z - Privado Hotels","og_description":"Odalar &amp; S\u00fcitler Ekonomik \u00c7ift Ki\u015filik Oda Standart \u00c7ift Ki\u015filik Oda Suit Oda Ekonomik Aile Odas\u0131 Standart Aile Odas\u0131 Deluxe Aile Odas\u0131 VIP Oda Ekonomik \u00c7ift Ki\u015filik Oda Standart \u00c7ift Ki\u015filik Oda Suit Oda Ekonomik Aile Odas\u0131 Standart Aile Odas\u0131 Deluxe Aile Odas\u0131 VIP Oda","og_url":"https:\/\/privadohotels.com\/en\/our-rooms\/","og_site_name":"Privado Hotels","article_modified_time":"2025-03-14T00:22:32+00:00","twitter_card":"summary_large_image","twitter_misc":{"Est. reading time":"1 minute"},"schema":{"@context":"https:\/\/schema.org","@graph":[{"@type":"WebPage","@id":"https:\/\/privadohotels.com\/our-rooms\/","url":"https:\/\/privadohotels.com\/our-rooms\/","name":"Odalar\u0131m\u0131z - Privado Hotels","isPartOf":{"@id":"https:\/\/privadohotels.com\/#website"},"datePublished":"2025-02-06T00:58:37+00:00","dateModified":"2025-03-14T00:22:32+00:00","breadcrumb":{"@id":"https:\/\/privadohotels.com\/our-rooms\/#breadcrumb"},"inLanguage":"en-US","potentialAction":[{"@type":"ReadAction","target":["https:\/\/privadohotels.com\/our-rooms\/"]}]},{"@type":"BreadcrumbList","@id":"https:\/\/privadohotels.com\/our-rooms\/#breadcrumb","itemListElement":[{"@type":"ListItem","position":1,"name":"Anasayfa","item":"https:\/\/privadohotels.com\/"},{"@type":"ListItem","position":2,"name":"Odalar\u0131m\u0131z"}]},{"@type":"WebSite","@id":"https:\/\/privadohotels.com\/#website","url":"https:\/\/privadohotels.com\/","name":"Privado Hotels","description":"Privado Hotels - Antalya Hotel | Antalya Otel","publisher":{"@id":"https:\/\/privadohotels.com\/#organization"},"potentialAction":[{"@type":"SearchAction","target":{"@type":"EntryPoint","urlTemplate":"https:\/\/privadohotels.com\/?s={search_term_string}"},"query-input":{"@type":"PropertyValueSpecification","valueRequired":true,"valueName":"search_term_string"}}],"inLanguage":"en-US"},{"@type":"Organization","@id":"https:\/\/privadohotels.com\/#organization","name":"Privado Hotels","url":"https:\/\/privadohotels.com\/","logo":{"@type":"ImageObject","inLanguage":"en-US","@id":"https:\/\/privadohotels.com\/#\/schema\/logo\/image\/","url":"https:\/\/privadohotels.com\/wp-content\/uploads\/2021\/12\/the7-logo-004.svg","contentUrl":"https:\/\/privadohotels.com\/wp-content\/uploads\/2021\/12\/the7-logo-004.svg","caption":"Privado Hotels"},"image":{"@id":"https:\/\/privadohotels.com\/#\/schema\/logo\/image\/"}}]}},"_links":{"self":[{"href":"https:\/\/privadohotels.com\/en\/wp-json\/wp\/v2\/pages\/94310","targetHints":{"allow":["GET"]}}],"collection":[{"href":"https:\/\/privadohotels.com\/en\/wp-json\/wp\/v2\/pages"}],"about":[{"href":"https:\/\/privadohotels.com\/en\/wp-json\/wp\/v2\/types\/page"}],"author":[{"embeddable":true,"href":"https:\/\/privadohotels.com\/en\/wp-json\/wp\/v2\/users\/1"}],"replies":[{"embeddable":true,"href":"https:\/\/privadohotels.com\/en\/wp-json\/wp\/v2\/comments?post=94310"}],"version-history":[{"count":179,"href":"https:\/\/privadohotels.com\/en\/wp-json\/wp\/v2\/pages\/94310\/revisions"}],"predecessor-version":[{"id":96126,"href":"https:\/\/privadohotels.com\/en\/wp-json\/wp\/v2\/pages\/94310\/revisions\/96126"}],"wp:attachment":[{"href":"https:\/\/privadohotels.com\/en\/wp-json\/wp\/v2\/media?parent=94310"}],"curies":[{"name":"wp","href":"https:\/\/api.w.org\/{rel}","templated":true}]}}