{"id":94633,"date":"2025-02-07T00:53:58","date_gmt":"2025-02-06T21:53:58","guid":{"rendered":"https:\/\/privadohotels.com\/?page_id=94633"},"modified":"2025-02-13T01:08:15","modified_gmt":"2025-02-12T22:08:15","slug":"privacy-policy","status":"publish","type":"page","link":"https:\/\/privadohotels.com\/de\/privacy-policy\/","title":{"rendered":"Unsere Datenschutzrichtlinie"},"content":{"rendered":"<div data-elementor-type=\"wp-page\" data-elementor-id=\"94633\" class=\"elementor elementor-94633\" data-elementor-post-type=\"page\">\n\t\t\t\t<div class=\"elementor-element elementor-element-bf85ba6 e-flex e-con-boxed elementor-invisible e-con e-parent\" data-id=\"bf85ba6\" data-element_type=\"container\" data-settings=\"{&quot;animation&quot;:&quot;fadeInUp&quot;}\">\n\t\t\t\t\t<div class=\"e-con-inner\">\n\t\t\t\t<div class=\"elementor-element elementor-element-1ec47a3 elementor-widget elementor-widget-heading\" data-id=\"1ec47a3\" data-element_type=\"widget\" data-widget_type=\"heading.default\">\n\t\t\t\t<div class=\"elementor-widget-container\">\n\t\t\t\t\t<h2 class=\"elementor-heading-title elementor-size-default\">UNSERE DATENSCHUTZERKL\u00c4RUNG<\/h2>\t\t\t\t<\/div>\n\t\t\t\t<\/div>\n\t\t\t\t\t<\/div>\n\t\t\t\t<\/div>\n\t\t<div class=\"elementor-element elementor-element-a880843 e-flex e-con-boxed elementor-invisible e-con e-parent\" data-id=\"a880843\" data-element_type=\"container\" data-settings=\"{&quot;animation&quot;:&quot;fadeInUp&quot;}\">\n\t\t\t\t\t<div class=\"e-con-inner\">\n\t\t\t\t<div class=\"elementor-element elementor-element-baf2e17 elementor-widget elementor-widget-text-editor\" data-id=\"baf2e17\" data-element_type=\"widget\" data-widget_type=\"text-editor.default\">\n\t\t\t\t<div class=\"elementor-widget-container\">\n\t\t\t\t\t\t\t\t\t<p data-start=\"0\" data-end=\"360\">Willkommen bei PROVADO HOTELS. Ihre Privatsph\u00e4re ist uns wichtig und wir verpflichten uns voll und ganz, die pers\u00f6nlichen Daten, die wir mit Ihnen teilen, zu sch\u00fctzen. Diese Datenschutzrichtlinie erl\u00e4utert, wie wir Ihre personenbezogenen Daten erfassen, verwenden und sch\u00fctzen, wenn Sie unsere Website besuchen, mit unseren Diensten interagieren oder in unserem Hotel \u00fcbernachten.<\/p><ol data-start=\"362\" data-end=\"386\"><li data-start=\"362\" data-end=\"386\">Von uns erfasste Daten<\/li><\/ol><p data-start=\"388\" data-end=\"443\">Wir k\u00f6nnen die folgenden Arten personenbezogener Daten von Ihnen erfassen:<\/p><p data-start=\"445\" data-end=\"907\">Pers\u00f6nliche Identifikationsinformationen: Name, Nachname, Geburtsdatum, Staatsangeh\u00f6rigkeit, Ausweis-\/Passdaten. Kontaktinformationen: E-Mail-Adresse, Telefonnummer, Postanschrift. Reservierungs- und Zahlungsinformationen: Kreditkartendetails, Transaktionsverlauf, Reservierungsdetails. Technische und Nutzungsdaten: IP-Adresse, Browsertyp, Ger\u00e4teinformationen, Cookies und Details zur Website-Nutzung. Marketingpr\u00e4ferenzen: Ihre Pr\u00e4ferenzen f\u00fcr den Erhalt von Werbemitteilungen. 2. Wie wir Ihre Daten erfassen<\/p><p data-start=\"909\" data-end=\"950\">Wir erheben Ihre Daten auf folgende Weise:<\/p><p data-start=\"952\" data-end=\"1305\">Wenn Sie eine Reservierung vornehmen, in unserem Hotel einchecken oder unsere Dienste nutzen. Wenn Sie uns per Telefon, E-Mail oder \u00fcber soziale Medien kontaktieren. Wenn Sie unsere Website besuchen und mit unseren Online-Plattformen interagieren. Durch Cookies und \u00e4hnliche Tracking-Technologien. 3. Wie wir Ihre Daten verwenden<\/p><p data-start=\"1307\" data-end=\"1359\">Wir verarbeiten Ihre personenbezogenen Daten zu folgenden Zwecken:<\/p><p data-start=\"1361\" data-end=\"1800\">Bereitstellung und Verwaltung von Hotelservices, einschlie\u00dflich Reservierungen und Check-in. Verarbeiten Sie Zahlungen und Rechnungen sicher. Um mit Ihnen \u00fcber Ihre Reservierungen, Fragen und W\u00fcnsche zu kommunizieren. Um Ihnen Werbe- und Marketingmaterialien zu senden, wenn Sie diese angefordert haben. Zur Erf\u00fcllung gesetzlicher und regulatorischer Verpflichtungen. Um unsere Website, Dienste und das Kundenerlebnis zu verbessern. 4. Weitergabe und \u00dcbertragung Ihrer Daten<\/p><p data-start=\"1802\" data-end=\"1852\">Ihre personenbezogenen Daten k\u00f6nnen weitergegeben werden an:<\/p><p data-start=\"1854\" data-end=\"2187\">Autorisiertes Hotelpersonal zur Verwaltung und Bereitstellung von Hotelservices. Dienstleister und Partner, die bei der Verwaltung von Buchungen, Zahlungen und Marketingkampagnen helfen. Laut Gesetz Regierungsbeamte und juristische Personen. Analyse- und Sicherheitsanbieter von Drittanbietern zur Verbesserung unserer Website und Dienste.<\/p><p data-start=\"2189\" data-end=\"2357\">Ihre Daten k\u00f6nnen bei Bedarf in andere L\u00e4nder \u00fcbermittelt werden. In diesen F\u00e4llen stellen wir sicher, dass geeignete Sicherheitsvorkehrungen getroffen werden, um den Schutz Ihrer personenbezogenen Daten zu gew\u00e4hrleisten.<\/p><ol start=\"5\" data-start=\"2359\" data-end=\"2376\"><li data-start=\"2359\" data-end=\"2376\">Datensicherheit<\/li><\/ol><p data-start=\"2378\" data-end=\"2622\">Wir ergreifen geeignete technische und organisatorische Ma\u00dfnahmen, um Ihre personenbezogenen Daten vor unbefugtem Zugriff, Weitergabe, Ver\u00e4nderung oder Zerst\u00f6rung zu sch\u00fctzen. Zu diesen Ma\u00dfnahmen geh\u00f6ren sichere Server, Verschl\u00fcsselung, Zugriffskontrolle und Cybersicherheitsprotokolle.<\/p><ol start=\"6\" data-start=\"2624\" data-end=\"2637\"><li data-start=\"2624\" data-end=\"2637\">Ihre Rechte<\/li><\/ol><p data-start=\"2639\" data-end=\"2704\">Gem\u00e4\u00df den geltenden Datenschutzgesetzen haben Sie folgende Rechte:<\/p><p data-start=\"2706\" data-end=\"3041\">Fordern Sie Zugriff auf Ihre personenbezogenen Daten und Kopien davon an. Fordern Sie die Korrektur fehlender oder falscher Informationen an. Fordern Sie die L\u00f6schung Ihrer personenbezogenen Daten im Rahmen der gesetzlichen Bestimmungen an. Unter bestimmten Umst\u00e4nden k\u00f6nnen Sie der Verarbeitung Ihrer Daten widersprechen oder eine Einschr\u00e4nkung verlangen. Sie k\u00f6nnen Ihre Einwilligung zum Erhalt von Marketingmitteilungen jederzeit widerrufen.<\/p><p data-start=\"3043\" data-end=\"3140\">Um diese Rechte auszu\u00fcben, wenden Sie sich bitte an [<a rel=\"noopener\">info@privadohotels.com<\/a>Kontaktieren Sie uns unter ].<\/p><ol start=\"7\" data-start=\"3142\" data-end=\"3159\"><li data-start=\"3142\" data-end=\"3159\">Speicherdauer<\/li><\/ol><p data-start=\"3161\" data-end=\"3330\">Wir bewahren Ihre personenbezogenen Daten so lange auf, wie dies zur Erf\u00fcllung der in dieser Richtlinie dargelegten Zwecke erforderlich ist, es sei denn, eine l\u00e4ngere Aufbewahrungsfrist ist gesetzlich vorgeschrieben.<\/p><ol start=\"8\" data-start=\"3332\" data-end=\"3367\"><li data-start=\"3332\" data-end=\"3367\">Cookies und Tracking-Technologien<\/li><\/ol><p data-start=\"3369\" data-end=\"3615\">Wir verwenden Cookies, um Ihr Surferlebnis zu verbessern. Diese Cookies helfen uns, den Website-Verkehr zu analysieren, Inhalte zu personalisieren und die Funktionalit\u00e4t zu verbessern. Sie k\u00f6nnen Ihre Cookie-Einstellungen in Ihren Browsereinstellungen verwalten.<\/p><ol start=\"9\" data-start=\"3617\" data-end=\"3644\"><li data-start=\"3617\" data-end=\"3644\">Links zu Drittanbietern<\/li><\/ol><p data-start=\"3646\" data-end=\"3825\">Unsere Website kann Links zu Websites Dritter enthalten. Wir sind nicht f\u00fcr die Datenschutzpraktiken dieser externen Websites verantwortlich und empfehlen Ihnen, deren Datenschutzrichtlinien zu \u00fcberpr\u00fcfen.<\/p><ol start=\"10\" data-start=\"3827\" data-end=\"3870\"><li data-start=\"3827\" data-end=\"3870\">\u00c4nderungen dieser Datenschutzrichtlinie<\/li><\/ol><p data-start=\"3872\" data-end=\"4065\">Wir k\u00f6nnen diese Datenschutzrichtlinie von Zeit zu Zeit aktualisieren, um \u00c4nderungen unserer Praktiken oder gesetzlichen Anforderungen Rechnung zu tragen. Die aktuellste Version ist stets auf unserer Website verf\u00fcgbar.<\/p><ol start=\"11\" data-start=\"4067\" data-end=\"4089\"><li data-start=\"4067\" data-end=\"4089\">Kontaktinformationen<\/li><\/ol><p data-start=\"4091\" data-end=\"4208\">Wenn Sie Fragen zu dieser Datenschutzrichtlinie oder zur Verarbeitung Ihrer Daten haben, wenden Sie sich bitte an uns:<\/p><p data-start=\"4210\" data-end=\"4340\">\ud83d\udccd PROVADO HOTELS Balbey Mh. Fahrettin Altay St., 441. Stra\u00dfe. No:2\/201, 07040 Muratpa\u015fa\/Antalya, T\u00fcrkiye \ud83d\udce7 [<a rel=\"noopener\">info@privadohotels.com<\/a>]<\/p><p data-start=\"4342\" data-end=\"4456\" data-is-last-node=\"\">Durch die Nutzung unserer Dienste best\u00e4tigen Sie, dass Sie diese Datenschutzrichtlinie gelesen haben und ihren Bedingungen zustimmen.<\/p>\t\t\t\t\t\t\t\t<\/div>\n\t\t\t\t<\/div>\n\t\t\t\t\t<\/div>\n\t\t\t\t<\/div>\n\t\t\t\t<\/div>","protected":false},"excerpt":{"rendered":"<p>DATENSCHUTZRICHTLINIE Willkommen bei PROVADO HOTELS. Ihre Privatsph\u00e4re ist uns wichtig, und wir verpflichten uns, Ihre pers\u00f6nlichen Daten zu sch\u00fctzen. Diese Datenschutzrichtlinie beschreibt, wie wir Ihre personenbezogenen Daten erfassen, verwenden und sch\u00fctzen, wenn Sie unsere Website besuchen, unsere Dienstleistungen in Anspruch nehmen oder in unserem Hotel \u00fcbernachten. Erfasste Informationen Wir erfassen m\u00f6glicherweise die folgenden Arten von personenbezogenen Daten von Ihnen: Pers\u00f6nlich identifizierbare Informationen: Name, Nachname, Geburtsdatum,\u2026<\/p>","protected":false},"author":1,"featured_media":0,"parent":0,"menu_order":0,"comment_status":"closed","ping_status":"closed","template":"elementor_header_footer","meta":{"footnotes":""},"class_list":["post-94633","page","type-page","status-publish","hentry"],"yoast_head":"<!-- This site is optimized with the Yoast SEO plugin v24.3 - https:\/\/yoast.com\/wordpress\/plugins\/seo\/ -->\n<title>Gizlilik Politikam\u0131z - Privado Hotels<\/title>\n<meta name=\"robots\" content=\"index, follow, max-snippet:-1, max-image-preview:large, max-video-preview:-1\" \/>\n<link rel=\"canonical\" href=\"https:\/\/privadohotels.com\/de\/privacy-policy\/\" \/>\n<meta property=\"og:locale\" content=\"de_DE\" \/>\n<meta property=\"og:type\" content=\"article\" \/>\n<meta property=\"og:title\" content=\"Gizlilik Politikam\u0131z - Privado Hotels\" \/>\n<meta property=\"og:description\" content=\"G\u0130ZL\u0130L\u0130K POL\u0130T\u0130KAMIZ PROVADO OTELLER\u0130&#8217;ne Ho\u015f Geldiniz. Gizlili\u011finiz bizim i\u00e7in \u00f6nemlidir ve sizinle payla\u015ft\u0131\u011f\u0131m\u0131z ki\u015fisel bilgilerin korunmas\u0131na y\u00f6nelik taahh\u00fcd\u00fcm\u00fcz tamd\u0131r. Bu Gizlilik Politikas\u0131, web sitemizi ziyaret etti\u011finizde, hizmetlerimizle etkile\u015fime girdi\u011finizde veya otelimizde kald\u0131\u011f\u0131n\u0131zda ki\u015fisel verilerinizi nas\u0131l toplad\u0131\u011f\u0131m\u0131z\u0131, kulland\u0131\u011f\u0131m\u0131z\u0131 ve korudu\u011fumuzu a\u00e7\u0131klar. Toplad\u0131\u011f\u0131m\u0131z Bilgiler Sizden a\u015fa\u011f\u0131daki t\u00fcrde ki\u015fisel verileri toplayabiliriz: Ki\u015fisel Tan\u0131mlama Bilgileri: Ad, soyad, do\u011fum tarihi,&hellip;\" \/>\n<meta property=\"og:url\" content=\"https:\/\/privadohotels.com\/de\/privacy-policy\/\" \/>\n<meta property=\"og:site_name\" content=\"Privado Hotels\" \/>\n<meta property=\"article:modified_time\" content=\"2025-02-12T22:08:15+00:00\" \/>\n<meta name=\"twitter:card\" content=\"summary_large_image\" \/>\n<meta name=\"twitter:label1\" content=\"Gesch\u00e4tzte Lesezeit\" \/>\n\t<meta name=\"twitter:data1\" content=\"4\u00a0Minuten\" \/>\n<script type=\"application\/ld+json\" class=\"yoast-schema-graph\">{\"@context\":\"https:\/\/schema.org\",\"@graph\":[{\"@type\":\"WebPage\",\"@id\":\"https:\/\/privadohotels.com\/privacy-policy\/\",\"url\":\"https:\/\/privadohotels.com\/privacy-policy\/\",\"name\":\"Gizlilik Politikam\u0131z - Privado Hotels\",\"isPartOf\":{\"@id\":\"https:\/\/privadohotels.com\/#website\"},\"datePublished\":\"2025-02-06T21:53:58+00:00\",\"dateModified\":\"2025-02-12T22:08:15+00:00\",\"breadcrumb\":{\"@id\":\"https:\/\/privadohotels.com\/privacy-policy\/#breadcrumb\"},\"inLanguage\":\"de\",\"potentialAction\":[{\"@type\":\"ReadAction\",\"target\":[\"https:\/\/privadohotels.com\/privacy-policy\/\"]}]},{\"@type\":\"BreadcrumbList\",\"@id\":\"https:\/\/privadohotels.com\/privacy-policy\/#breadcrumb\",\"itemListElement\":[{\"@type\":\"ListItem\",\"position\":1,\"name\":\"Anasayfa\",\"item\":\"https:\/\/privadohotels.com\/\"},{\"@type\":\"ListItem\",\"position\":2,\"name\":\"Gizlilik Politikam\u0131z\"}]},{\"@type\":\"WebSite\",\"@id\":\"https:\/\/privadohotels.com\/#website\",\"url\":\"https:\/\/privadohotels.com\/\",\"name\":\"Privado Hotels\",\"description\":\"Privado Hotels - Antalya Hotel | Antalya Otel\",\"publisher\":{\"@id\":\"https:\/\/privadohotels.com\/#organization\"},\"potentialAction\":[{\"@type\":\"SearchAction\",\"target\":{\"@type\":\"EntryPoint\",\"urlTemplate\":\"https:\/\/privadohotels.com\/?s={search_term_string}\"},\"query-input\":{\"@type\":\"PropertyValueSpecification\",\"valueRequired\":true,\"valueName\":\"search_term_string\"}}],\"inLanguage\":\"de\"},{\"@type\":\"Organization\",\"@id\":\"https:\/\/privadohotels.com\/#organization\",\"name\":\"Privado Hotels\",\"url\":\"https:\/\/privadohotels.com\/\",\"logo\":{\"@type\":\"ImageObject\",\"inLanguage\":\"de\",\"@id\":\"https:\/\/privadohotels.com\/#\/schema\/logo\/image\/\",\"url\":\"https:\/\/privadohotels.com\/wp-content\/uploads\/2021\/12\/the7-logo-004.svg\",\"contentUrl\":\"https:\/\/privadohotels.com\/wp-content\/uploads\/2021\/12\/the7-logo-004.svg\",\"caption\":\"Privado Hotels\"},\"image\":{\"@id\":\"https:\/\/privadohotels.com\/#\/schema\/logo\/image\/\"}}]}<\/script>\n<!-- \/ Yoast SEO plugin. -->","yoast_head_json":{"title":"Gizlilik Politikam\u0131z - Privado Hotels","robots":{"index":"index","follow":"follow","max-snippet":"max-snippet:-1","max-image-preview":"max-image-preview:large","max-video-preview":"max-video-preview:-1"},"canonical":"https:\/\/privadohotels.com\/de\/privacy-policy\/","og_locale":"de_DE","og_type":"article","og_title":"Gizlilik Politikam\u0131z - Privado Hotels","og_description":"G\u0130ZL\u0130L\u0130K POL\u0130T\u0130KAMIZ PROVADO OTELLER\u0130&#8217;ne Ho\u015f Geldiniz. Gizlili\u011finiz bizim i\u00e7in \u00f6nemlidir ve sizinle payla\u015ft\u0131\u011f\u0131m\u0131z ki\u015fisel bilgilerin korunmas\u0131na y\u00f6nelik taahh\u00fcd\u00fcm\u00fcz tamd\u0131r. Bu Gizlilik Politikas\u0131, web sitemizi ziyaret etti\u011finizde, hizmetlerimizle etkile\u015fime girdi\u011finizde veya otelimizde kald\u0131\u011f\u0131n\u0131zda ki\u015fisel verilerinizi nas\u0131l toplad\u0131\u011f\u0131m\u0131z\u0131, kulland\u0131\u011f\u0131m\u0131z\u0131 ve korudu\u011fumuzu a\u00e7\u0131klar. Toplad\u0131\u011f\u0131m\u0131z Bilgiler Sizden a\u015fa\u011f\u0131daki t\u00fcrde ki\u015fisel verileri toplayabiliriz: Ki\u015fisel Tan\u0131mlama Bilgileri: Ad, soyad, do\u011fum tarihi,&hellip;","og_url":"https:\/\/privadohotels.com\/de\/privacy-policy\/","og_site_name":"Privado Hotels","article_modified_time":"2025-02-12T22:08:15+00:00","twitter_card":"summary_large_image","twitter_misc":{"Gesch\u00e4tzte Lesezeit":"4\u00a0Minuten"},"schema":{"@context":"https:\/\/schema.org","@graph":[{"@type":"WebPage","@id":"https:\/\/privadohotels.com\/privacy-policy\/","url":"https:\/\/privadohotels.com\/privacy-policy\/","name":"Gizlilik Politikam\u0131z - Privado Hotels","isPartOf":{"@id":"https:\/\/privadohotels.com\/#website"},"datePublished":"2025-02-06T21:53:58+00:00","dateModified":"2025-02-12T22:08:15+00:00","breadcrumb":{"@id":"https:\/\/privadohotels.com\/privacy-policy\/#breadcrumb"},"inLanguage":"de","potentialAction":[{"@type":"ReadAction","target":["https:\/\/privadohotels.com\/privacy-policy\/"]}]},{"@type":"BreadcrumbList","@id":"https:\/\/privadohotels.com\/privacy-policy\/#breadcrumb","itemListElement":[{"@type":"ListItem","position":1,"name":"Anasayfa","item":"https:\/\/privadohotels.com\/"},{"@type":"ListItem","position":2,"name":"Gizlilik Politikam\u0131z"}]},{"@type":"WebSite","@id":"https:\/\/privadohotels.com\/#website","url":"https:\/\/privadohotels.com\/","name":"Privado Hotels","description":"Privado Hotels - Antalya Hotel | Antalya Otel","publisher":{"@id":"https:\/\/privadohotels.com\/#organization"},"potentialAction":[{"@type":"SearchAction","target":{"@type":"EntryPoint","urlTemplate":"https:\/\/privadohotels.com\/?s={search_term_string}"},"query-input":{"@type":"PropertyValueSpecification","valueRequired":true,"valueName":"search_term_string"}}],"inLanguage":"de"},{"@type":"Organization","@id":"https:\/\/privadohotels.com\/#organization","name":"Privado Hotels","url":"https:\/\/privadohotels.com\/","logo":{"@type":"ImageObject","inLanguage":"de","@id":"https:\/\/privadohotels.com\/#\/schema\/logo\/image\/","url":"https:\/\/privadohotels.com\/wp-content\/uploads\/2021\/12\/the7-logo-004.svg","contentUrl":"https:\/\/privadohotels.com\/wp-content\/uploads\/2021\/12\/the7-logo-004.svg","caption":"Privado Hotels"},"image":{"@id":"https:\/\/privadohotels.com\/#\/schema\/logo\/image\/"}}]}},"_links":{"self":[{"href":"https:\/\/privadohotels.com\/de\/wp-json\/wp\/v2\/pages\/94633","targetHints":{"allow":["GET"]}}],"collection":[{"href":"https:\/\/privadohotels.com\/de\/wp-json\/wp\/v2\/pages"}],"about":[{"href":"https:\/\/privadohotels.com\/de\/wp-json\/wp\/v2\/types\/page"}],"author":[{"embeddable":true,"href":"https:\/\/privadohotels.com\/de\/wp-json\/wp\/v2\/users\/1"}],"replies":[{"embeddable":true,"href":"https:\/\/privadohotels.com\/de\/wp-json\/wp\/v2\/comments?post=94633"}],"version-history":[{"count":8,"href":"https:\/\/privadohotels.com\/de\/wp-json\/wp\/v2\/pages\/94633\/revisions"}],"predecessor-version":[{"id":94938,"href":"https:\/\/privadohotels.com\/de\/wp-json\/wp\/v2\/pages\/94633\/revisions\/94938"}],"wp:attachment":[{"href":"https:\/\/privadohotels.com\/de\/wp-json\/wp\/v2\/media?parent=94633"}],"curies":[{"name":"wp","href":"https:\/\/api.w.org\/{rel}","templated":true}]}}