{"id":94626,"date":"2025-02-07T00:51:21","date_gmt":"2025-02-06T21:51:21","guid":{"rendered":"https:\/\/privadohotels.com\/?page_id=94626"},"modified":"2025-03-14T03:31:43","modified_gmt":"2025-03-14T00:31:43","slug":"standard-suite-room","status":"publish","type":"page","link":"https:\/\/privadohotels.com\/de\/standard-suite-room\/","title":{"rendered":"Standard Familienzimmer"},"content":{"rendered":"<div data-elementor-type=\"wp-page\" data-elementor-id=\"94626\" class=\"elementor elementor-94626\" data-elementor-post-type=\"page\">\n\t\t\t\t<div class=\"elementor-element elementor-element-320ee87 e-flex e-con-boxed elementor-invisible e-con e-parent\" data-id=\"320ee87\" data-element_type=\"container\" data-settings=\"{&quot;animation&quot;:&quot;fadeInUp&quot;}\">\n\t\t\t\t\t<div class=\"e-con-inner\">\n\t\t\t\t<div class=\"elementor-element elementor-element-e52ca30 elementor-widget elementor-widget-heading\" data-id=\"e52ca30\" data-element_type=\"widget\" data-widget_type=\"heading.default\">\n\t\t\t\t<div class=\"elementor-widget-container\">\n\t\t\t\t\t<h2 class=\"elementor-heading-title elementor-size-default\">Standard Familienzimmer<\/h2>\t\t\t\t<\/div>\n\t\t\t\t<\/div>\n\t\t\t\t\t<\/div>\n\t\t\t\t<\/div>\n\t\t<div class=\"elementor-element elementor-element-5a3d787 elementor-hidden-tablet elementor-hidden-mobile e-flex e-con-boxed elementor-invisible e-con e-parent\" data-id=\"5a3d787\" data-element_type=\"container\" data-settings=\"{&quot;animation&quot;:&quot;fadeInUp&quot;}\">\n\t\t\t\t\t<div class=\"e-con-inner\">\n\t\t<div class=\"elementor-element elementor-element-c487fe3 e-con-full e-flex e-con e-child\" data-id=\"c487fe3\" data-element_type=\"container\">\n\t\t\t\t<div class=\"elementor-element elementor-element-4a927fa elementor-arrows-position-outside elementor-widget elementor-widget-image-carousel\" data-id=\"4a927fa\" data-element_type=\"widget\" data-settings=\"{&quot;slides_to_show&quot;:&quot;1&quot;,&quot;navigation&quot;:&quot;arrows&quot;,&quot;autoplay&quot;:&quot;yes&quot;,&quot;pause_on_hover&quot;:&quot;yes&quot;,&quot;pause_on_interaction&quot;:&quot;yes&quot;,&quot;autoplay_speed&quot;:5000,&quot;infinite&quot;:&quot;yes&quot;,&quot;effect&quot;:&quot;slide&quot;,&quot;speed&quot;:500}\" data-widget_type=\"image-carousel.default\">\n\t\t\t\t<div class=\"elementor-widget-container\">\n\t\t\t\t\t\t\t<div class=\"elementor-image-carousel-wrapper swiper\" role=\"region\" aria-roledescription=\"carousel\" aria-label=\"Bilderzyklus\" dir=\"ltr\">\n\t\t\t<div class=\"elementor-image-carousel swiper-wrapper\" aria-live=\"off\">\n\t\t\t\t\t\t\t\t<div class=\"swiper-slide\" role=\"group\" aria-roledescription=\"slide\" aria-label=\"1 \/ 10\"><figure class=\"swiper-slide-inner\"><img decoding=\"async\" class=\"swiper-slide-image\" src=\"https:\/\/privadohotels.com\/wp-content\/uploads\/2025\/03\/08-02.png\" alt=\"08-02\" \/><\/figure><\/div><div class=\"swiper-slide\" role=\"group\" aria-roledescription=\"slide\" aria-label=\"2 \/ 10\"><figure class=\"swiper-slide-inner\"><img decoding=\"async\" class=\"swiper-slide-image\" src=\"https:\/\/privadohotels.com\/wp-content\/uploads\/2025\/03\/08-03.png\" alt=\"08-03\" \/><\/figure><\/div><div class=\"swiper-slide\" role=\"group\" aria-roledescription=\"slide\" aria-label=\"3 \/ 10\"><figure class=\"swiper-slide-inner\"><img decoding=\"async\" class=\"swiper-slide-image\" src=\"https:\/\/privadohotels.com\/wp-content\/uploads\/2025\/03\/09-01.png\" alt=\"09-01\" \/><\/figure><\/div><div class=\"swiper-slide\" role=\"group\" aria-roledescription=\"slide\" aria-label=\"4 \/ 10\"><figure class=\"swiper-slide-inner\"><img decoding=\"async\" class=\"swiper-slide-image\" src=\"https:\/\/privadohotels.com\/wp-content\/uploads\/2025\/03\/09-02.png\" alt=\"09-02\" \/><\/figure><\/div><div class=\"swiper-slide\" role=\"group\" aria-roledescription=\"slide\" aria-label=\"5 \/ 10\"><figure class=\"swiper-slide-inner\"><img decoding=\"async\" class=\"swiper-slide-image\" src=\"https:\/\/privadohotels.com\/wp-content\/uploads\/2025\/03\/09-03.png\" alt=\"09-03\" \/><\/figure><\/div><div class=\"swiper-slide\" role=\"group\" aria-roledescription=\"slide\" aria-label=\"6 \/ 10\"><figure class=\"swiper-slide-inner\"><img decoding=\"async\" class=\"swiper-slide-image\" src=\"https:\/\/privadohotels.com\/wp-content\/uploads\/2025\/03\/09-04.png\" alt=\"09-04\" \/><\/figure><\/div><div class=\"swiper-slide\" role=\"group\" aria-roledescription=\"slide\" aria-label=\"7 \/ 10\"><figure class=\"swiper-slide-inner\"><img decoding=\"async\" class=\"swiper-slide-image\" src=\"https:\/\/privadohotels.com\/wp-content\/uploads\/2025\/03\/image00001-1.png\" alt=\"image00001\" \/><\/figure><\/div><div class=\"swiper-slide\" role=\"group\" aria-roledescription=\"slide\" aria-label=\"8 \/ 10\"><figure class=\"swiper-slide-inner\"><img decoding=\"async\" class=\"swiper-slide-image\" src=\"https:\/\/privadohotels.com\/wp-content\/uploads\/2025\/03\/image00002.png\" alt=\"image00002\" \/><\/figure><\/div><div class=\"swiper-slide\" role=\"group\" aria-roledescription=\"slide\" aria-label=\"9 \/ 10\"><figure class=\"swiper-slide-inner\"><img decoding=\"async\" class=\"swiper-slide-image\" src=\"https:\/\/privadohotels.com\/wp-content\/uploads\/2025\/03\/image00003.png\" alt=\"image00003\" \/><\/figure><\/div><div class=\"swiper-slide\" role=\"group\" aria-roledescription=\"slide\" aria-label=\"10 \/ 10\"><figure class=\"swiper-slide-inner\"><img decoding=\"async\" class=\"swiper-slide-image\" src=\"https:\/\/privadohotels.com\/wp-content\/uploads\/2025\/03\/image00004.png\" alt=\"image00004\" \/><\/figure><\/div>\t\t\t<\/div>\n\t\t\t\t\t\t\t\t\t\t\t\t<div class=\"elementor-swiper-button elementor-swiper-button-prev\" role=\"button\" tabindex=\"0\">\n\t\t\t\t\t\t<svg aria-hidden=\"true\" class=\"e-font-icon-svg e-eicon-chevron-left\" viewbox=\"0 0 1000 1000\" xmlns=\"http:\/\/www.w3.org\/2000\/svg\"><path d=\"M646 125C629 125 613 133 604 142L308 442C296 454 292 471 292 487 292 504 296 521 308 533L604 854C617 867 629 875 646 875 663 875 679 871 692 858 704 846 713 829 713 812 713 796 708 779 692 767L438 487 692 225C700 217 708 204 708 187 708 171 704 154 692 142 675 129 663 125 646 125Z\"><\/path><\/svg>\t\t\t\t\t<\/div>\n\t\t\t\t\t<div class=\"elementor-swiper-button elementor-swiper-button-next\" role=\"button\" tabindex=\"0\">\n\t\t\t\t\t\t<svg aria-hidden=\"true\" class=\"e-font-icon-svg e-eicon-chevron-right\" viewbox=\"0 0 1000 1000\" xmlns=\"http:\/\/www.w3.org\/2000\/svg\"><path d=\"M696 533C708 521 713 504 713 487 713 471 708 454 696 446L400 146C388 133 375 125 354 125 338 125 325 129 313 142 300 154 292 171 292 187 292 204 296 221 308 233L563 492 304 771C292 783 288 800 288 817 288 833 296 850 308 863 321 871 338 875 354 875 371 875 388 867 400 854L696 533Z\"><\/path><\/svg>\t\t\t\t\t<\/div>\n\t\t\t\t\n\t\t\t\t\t\t\t\t\t<\/div>\n\t\t\t\t\t\t<\/div>\n\t\t\t\t<\/div>\n\t\t\t\t<\/div>\n\t\t<div class=\"elementor-element elementor-element-2f67954 e-con-full e-flex e-con e-child\" data-id=\"2f67954\" data-element_type=\"container\">\n\t\t\t\t<div class=\"elementor-element elementor-element-eab2091 elementor-widget elementor-widget-heading\" data-id=\"eab2091\" data-element_type=\"widget\" data-widget_type=\"heading.default\">\n\t\t\t\t<div class=\"elementor-widget-container\">\n\t\t\t\t\t<h2 class=\"elementor-heading-title elementor-size-default\">Standard-Familienzimmer: Ger\u00e4umig, h\u00f6chster Komfort\n\n<\/h2>\t\t\t\t<\/div>\n\t\t\t\t<\/div>\n\t\t\t\t<div class=\"elementor-element elementor-element-f2b25e6 elementor-widget elementor-widget-text-editor\" data-id=\"f2b25e6\" data-element_type=\"widget\" data-widget_type=\"text-editor.default\">\n\t\t\t\t<div class=\"elementor-widget-container\">\n\t\t\t\t\t\t\t\t\t<p data-start=\"128\" data-end=\"443\">Die Standard-Familienzimmer der Privado Hotels bieten mit ihrer Gro\u00dfz\u00fcgigkeit und ihrem hohen Komfort ein besonderes Wohnerlebnis f\u00fcr Familien. Die Zimmer zeichnen sich durch ihr modernes und stilvolles Design aus und sind mit einem oder zwei Schlafzimmern auf die Bed\u00fcrfnisse gro\u00dfer Familien zugeschnitten. Hochwertige M\u00f6bel, elegante Dekoration und ausreichend Sitzgelegenheiten sorgen f\u00fcr \u00c4sthetik und Funktionalit\u00e4t zugleich.<\/p><p>Die Zimmer sind mit kostenlosem Highspeed-Internet, Gro\u00dfbildfernsehern mit mehreren Kan\u00e4len und modernen Soundsystemen ausgestattet. Die mit modernen Armaturen ausgestatteten Badezimmer bieten luxuri\u00f6se Toilettenartikel und praktische L\u00f6sungen f\u00fcr Kinder. Es bietet Familien eine komfortable und stilvolle Unterkunft, w\u00e4hrend sie die einzigartigen Sch\u00f6nheiten von Antalya entdecken.<\/p>\t\t\t\t\t\t\t\t<\/div>\n\t\t\t\t<\/div>\n\t\t\t\t<\/div>\n\t\t\t\t\t<\/div>\n\t\t\t\t<\/div>\n\t\t<div class=\"elementor-element elementor-element-c4186e8 e-grid elementor-hidden-desktop e-con-boxed elementor-invisible e-con e-parent\" data-id=\"c4186e8\" data-element_type=\"container\" data-settings=\"{&quot;animation&quot;:&quot;fadeInUp&quot;}\">\n\t\t\t\t\t<div class=\"e-con-inner\">\n\t\t<div class=\"elementor-element elementor-element-841d3d7 e-con-full e-flex e-con e-child\" data-id=\"841d3d7\" data-element_type=\"container\">\n\t\t\t\t<div class=\"elementor-element elementor-element-47020c0 elementor-arrows-position-outside elementor-widget elementor-widget-image-carousel\" data-id=\"47020c0\" data-element_type=\"widget\" data-settings=\"{&quot;slides_to_show&quot;:&quot;1&quot;,&quot;navigation&quot;:&quot;arrows&quot;,&quot;autoplay&quot;:&quot;yes&quot;,&quot;pause_on_hover&quot;:&quot;yes&quot;,&quot;pause_on_interaction&quot;:&quot;yes&quot;,&quot;autoplay_speed&quot;:5000,&quot;infinite&quot;:&quot;yes&quot;,&quot;effect&quot;:&quot;slide&quot;,&quot;speed&quot;:500}\" data-widget_type=\"image-carousel.default\">\n\t\t\t\t<div class=\"elementor-widget-container\">\n\t\t\t\t\t\t\t<div class=\"elementor-image-carousel-wrapper swiper\" role=\"region\" aria-roledescription=\"carousel\" aria-label=\"Bilderzyklus\" dir=\"ltr\">\n\t\t\t<div class=\"elementor-image-carousel swiper-wrapper\" aria-live=\"off\">\n\t\t\t\t\t\t\t\t<div class=\"swiper-slide\" role=\"group\" aria-roledescription=\"slide\" aria-label=\"1 \/ 10\"><figure class=\"swiper-slide-inner\"><img decoding=\"async\" class=\"swiper-slide-image\" src=\"https:\/\/privadohotels.com\/wp-content\/uploads\/2025\/03\/image00004.png\" alt=\"image00004\" \/><\/figure><\/div><div class=\"swiper-slide\" role=\"group\" aria-roledescription=\"slide\" aria-label=\"2 \/ 10\"><figure class=\"swiper-slide-inner\"><img decoding=\"async\" class=\"swiper-slide-image\" src=\"https:\/\/privadohotels.com\/wp-content\/uploads\/2025\/03\/image00003.png\" alt=\"image00003\" \/><\/figure><\/div><div class=\"swiper-slide\" role=\"group\" aria-roledescription=\"slide\" aria-label=\"3 \/ 10\"><figure class=\"swiper-slide-inner\"><img decoding=\"async\" class=\"swiper-slide-image\" src=\"https:\/\/privadohotels.com\/wp-content\/uploads\/2025\/03\/image00002.png\" alt=\"image00002\" \/><\/figure><\/div><div class=\"swiper-slide\" role=\"group\" aria-roledescription=\"slide\" aria-label=\"4 \/ 10\"><figure class=\"swiper-slide-inner\"><img decoding=\"async\" class=\"swiper-slide-image\" src=\"https:\/\/privadohotels.com\/wp-content\/uploads\/2025\/03\/image00001-1.png\" alt=\"image00001\" \/><\/figure><\/div><div class=\"swiper-slide\" role=\"group\" aria-roledescription=\"slide\" aria-label=\"5 \/ 10\"><figure class=\"swiper-slide-inner\"><img decoding=\"async\" class=\"swiper-slide-image\" src=\"https:\/\/privadohotels.com\/wp-content\/uploads\/2025\/03\/09-04.png\" alt=\"09-04\" \/><\/figure><\/div><div class=\"swiper-slide\" role=\"group\" aria-roledescription=\"slide\" aria-label=\"6 \/ 10\"><figure class=\"swiper-slide-inner\"><img decoding=\"async\" class=\"swiper-slide-image\" src=\"https:\/\/privadohotels.com\/wp-content\/uploads\/2025\/03\/09-03.png\" alt=\"09-03\" \/><\/figure><\/div><div class=\"swiper-slide\" role=\"group\" aria-roledescription=\"slide\" aria-label=\"7 \/ 10\"><figure class=\"swiper-slide-inner\"><img decoding=\"async\" class=\"swiper-slide-image\" src=\"https:\/\/privadohotels.com\/wp-content\/uploads\/2025\/03\/09-02.png\" alt=\"09-02\" \/><\/figure><\/div><div class=\"swiper-slide\" role=\"group\" aria-roledescription=\"slide\" aria-label=\"8 \/ 10\"><figure class=\"swiper-slide-inner\"><img decoding=\"async\" class=\"swiper-slide-image\" src=\"https:\/\/privadohotels.com\/wp-content\/uploads\/2025\/03\/09-01.png\" alt=\"09-01\" \/><\/figure><\/div><div class=\"swiper-slide\" role=\"group\" aria-roledescription=\"slide\" aria-label=\"9 \/ 10\"><figure class=\"swiper-slide-inner\"><img decoding=\"async\" class=\"swiper-slide-image\" src=\"https:\/\/privadohotels.com\/wp-content\/uploads\/2025\/03\/08-03.png\" alt=\"08-03\" \/><\/figure><\/div><div class=\"swiper-slide\" role=\"group\" aria-roledescription=\"slide\" aria-label=\"10 \/ 10\"><figure class=\"swiper-slide-inner\"><img decoding=\"async\" class=\"swiper-slide-image\" src=\"https:\/\/privadohotels.com\/wp-content\/uploads\/2025\/03\/08-02.png\" alt=\"08-02\" \/><\/figure><\/div>\t\t\t<\/div>\n\t\t\t\t\t\t\t\t\t\t\t\t<div class=\"elementor-swiper-button elementor-swiper-button-prev\" role=\"button\" tabindex=\"0\">\n\t\t\t\t\t\t<svg aria-hidden=\"true\" class=\"e-font-icon-svg e-eicon-chevron-left\" viewbox=\"0 0 1000 1000\" xmlns=\"http:\/\/www.w3.org\/2000\/svg\"><path d=\"M646 125C629 125 613 133 604 142L308 442C296 454 292 471 292 487 292 504 296 521 308 533L604 854C617 867 629 875 646 875 663 875 679 871 692 858 704 846 713 829 713 812 713 796 708 779 692 767L438 487 692 225C700 217 708 204 708 187 708 171 704 154 692 142 675 129 663 125 646 125Z\"><\/path><\/svg>\t\t\t\t\t<\/div>\n\t\t\t\t\t<div class=\"elementor-swiper-button elementor-swiper-button-next\" role=\"button\" tabindex=\"0\">\n\t\t\t\t\t\t<svg aria-hidden=\"true\" class=\"e-font-icon-svg e-eicon-chevron-right\" viewbox=\"0 0 1000 1000\" xmlns=\"http:\/\/www.w3.org\/2000\/svg\"><path d=\"M696 533C708 521 713 504 713 487 713 471 708 454 696 446L400 146C388 133 375 125 354 125 338 125 325 129 313 142 300 154 292 171 292 187 292 204 296 221 308 233L563 492 304 771C292 783 288 800 288 817 288 833 296 850 308 863 321 871 338 875 354 875 371 875 388 867 400 854L696 533Z\"><\/path><\/svg>\t\t\t\t\t<\/div>\n\t\t\t\t\n\t\t\t\t\t\t\t\t\t<\/div>\n\t\t\t\t\t\t<\/div>\n\t\t\t\t<\/div>\n\t\t\t\t<\/div>\n\t\t<div class=\"elementor-element elementor-element-7166d16 e-con-full e-flex e-con e-child\" data-id=\"7166d16\" data-element_type=\"container\">\n\t\t\t\t<div class=\"elementor-element elementor-element-b17eb30 elementor-widget elementor-widget-heading\" data-id=\"b17eb30\" data-element_type=\"widget\" data-widget_type=\"heading.default\">\n\t\t\t\t<div class=\"elementor-widget-container\">\n\t\t\t\t\t<h2 class=\"elementor-heading-title elementor-size-default\">Standard-Familienzimmer: Ger\u00e4umig, h\u00f6chster Komfort\n\n<\/h2>\t\t\t\t<\/div>\n\t\t\t\t<\/div>\n\t\t\t\t<div class=\"elementor-element elementor-element-e145f24 elementor-widget elementor-widget-text-editor\" data-id=\"e145f24\" data-element_type=\"widget\" data-widget_type=\"text-editor.default\">\n\t\t\t\t<div class=\"elementor-widget-container\">\n\t\t\t\t\t\t\t\t\t<p data-start=\"128\" data-end=\"443\">Die Standard-Familienzimmer der Privado Hotels bieten mit ihrer Gro\u00dfz\u00fcgigkeit und ihrem hohen Komfort ein besonderes Wohnerlebnis f\u00fcr Familien. Die Zimmer zeichnen sich durch ihr modernes und stilvolles Design aus und sind mit einem oder zwei Schlafzimmern auf die Bed\u00fcrfnisse gro\u00dfer Familien zugeschnitten. Hochwertige M\u00f6bel, elegante Dekoration und ausreichend Sitzgelegenheiten sorgen f\u00fcr \u00c4sthetik und Funktionalit\u00e4t zugleich.<\/p><p>Die Zimmer sind mit kostenlosem Highspeed-Internet, Gro\u00dfbildfernsehern mit mehreren Kan\u00e4len und modernen Soundsystemen ausgestattet. Die mit modernen Armaturen ausgestatteten Badezimmer bieten luxuri\u00f6se Toilettenartikel und praktische L\u00f6sungen f\u00fcr Kinder. Es bietet Familien eine komfortable und stilvolle Unterkunft, w\u00e4hrend sie die einzigartigen Sch\u00f6nheiten von Antalya entdecken.<\/p>\t\t\t\t\t\t\t\t<\/div>\n\t\t\t\t<\/div>\n\t\t\t\t<\/div>\n\t\t\t\t\t<\/div>\n\t\t\t\t<\/div>\n\t\t\t\t<\/div>","protected":false},"excerpt":{"rendered":"<p>Standart Aile Odas\u0131 Standart Aile Odas\u0131 : Geni\u015f Alan, \u00dcst\u00fcn Konfor Privado Hotels\u2019in Standart Aile Odalar\u0131, geni\u015f alan\u0131 ve y\u00fcksek konforuyla ailelere \u00f6zel bir konaklama deneyimi sunar. Modern ve \u015f\u0131k tasar\u0131m\u0131yla dikkat \u00e7eken odalar, bir veya iki yatak odas\u0131 se\u00e7ene\u011fiyle geni\u015f ailelerin ihtiya\u00e7lar\u0131na uygun olarak tasarlanm\u0131\u015ft\u0131r. Y\u00fcksek kaliteli mobilyalar, zarif dekorasyon ve geni\u015f oturma alan\u0131,&hellip;<\/p>","protected":false},"author":1,"featured_media":0,"parent":0,"menu_order":0,"comment_status":"closed","ping_status":"closed","template":"elementor_header_footer","meta":{"footnotes":""},"class_list":["post-94626","page","type-page","status-publish","hentry"],"yoast_head":"<!-- This site is optimized with the Yoast SEO plugin v24.3 - https:\/\/yoast.com\/wordpress\/plugins\/seo\/ -->\n<title>Standart Aile Odas\u0131 - Privado Hotels<\/title>\n<meta name=\"robots\" content=\"index, follow, max-snippet:-1, max-image-preview:large, max-video-preview:-1\" \/>\n<link rel=\"canonical\" href=\"https:\/\/privadohotels.com\/de\/standard-suite-room\/\" \/>\n<meta property=\"og:locale\" content=\"de_DE\" \/>\n<meta property=\"og:type\" content=\"article\" \/>\n<meta property=\"og:title\" content=\"Standart Aile Odas\u0131 - Privado Hotels\" \/>\n<meta property=\"og:description\" content=\"Standart Aile Odas\u0131 Standart Aile Odas\u0131 : Geni\u015f Alan, \u00dcst\u00fcn Konfor Privado Hotels\u2019in Standart Aile Odalar\u0131, geni\u015f alan\u0131 ve y\u00fcksek konforuyla ailelere \u00f6zel bir konaklama deneyimi sunar. Modern ve \u015f\u0131k tasar\u0131m\u0131yla dikkat \u00e7eken odalar, bir veya iki yatak odas\u0131 se\u00e7ene\u011fiyle geni\u015f ailelerin ihtiya\u00e7lar\u0131na uygun olarak tasarlanm\u0131\u015ft\u0131r. Y\u00fcksek kaliteli mobilyalar, zarif dekorasyon ve geni\u015f oturma alan\u0131,&hellip;\" \/>\n<meta property=\"og:url\" content=\"https:\/\/privadohotels.com\/de\/standard-suite-room\/\" \/>\n<meta property=\"og:site_name\" content=\"Privado Hotels\" \/>\n<meta property=\"article:modified_time\" content=\"2025-03-14T00:31:43+00:00\" \/>\n<meta property=\"og:image\" content=\"https:\/\/privadohotels.com\/wp-content\/uploads\/2025\/03\/08-02.png\" \/>\n<meta name=\"twitter:card\" content=\"summary_large_image\" \/>\n<meta name=\"twitter:label1\" content=\"Gesch\u00e4tzte Lesezeit\" \/>\n\t<meta name=\"twitter:data1\" content=\"7\u00a0Minuten\" \/>\n<script type=\"application\/ld+json\" class=\"yoast-schema-graph\">{\"@context\":\"https:\/\/schema.org\",\"@graph\":[{\"@type\":\"WebPage\",\"@id\":\"https:\/\/privadohotels.com\/standard-suite-room\/\",\"url\":\"https:\/\/privadohotels.com\/standard-suite-room\/\",\"name\":\"Standart Aile Odas\u0131 - Privado Hotels\",\"isPartOf\":{\"@id\":\"https:\/\/privadohotels.com\/#website\"},\"primaryImageOfPage\":{\"@id\":\"https:\/\/privadohotels.com\/standard-suite-room\/#primaryimage\"},\"image\":{\"@id\":\"https:\/\/privadohotels.com\/standard-suite-room\/#primaryimage\"},\"thumbnailUrl\":\"https:\/\/privadohotels.com\/wp-content\/uploads\/2025\/03\/08-02.png\",\"datePublished\":\"2025-02-06T21:51:21+00:00\",\"dateModified\":\"2025-03-14T00:31:43+00:00\",\"breadcrumb\":{\"@id\":\"https:\/\/privadohotels.com\/standard-suite-room\/#breadcrumb\"},\"inLanguage\":\"de\",\"potentialAction\":[{\"@type\":\"ReadAction\",\"target\":[\"https:\/\/privadohotels.com\/standard-suite-room\/\"]}]},{\"@type\":\"ImageObject\",\"inLanguage\":\"de\",\"@id\":\"https:\/\/privadohotels.com\/standard-suite-room\/#primaryimage\",\"url\":\"https:\/\/privadohotels.com\/wp-content\/uploads\/2025\/03\/08-02.png\",\"contentUrl\":\"https:\/\/privadohotels.com\/wp-content\/uploads\/2025\/03\/08-02.png\"},{\"@type\":\"BreadcrumbList\",\"@id\":\"https:\/\/privadohotels.com\/standard-suite-room\/#breadcrumb\",\"itemListElement\":[{\"@type\":\"ListItem\",\"position\":1,\"name\":\"Anasayfa\",\"item\":\"https:\/\/privadohotels.com\/\"},{\"@type\":\"ListItem\",\"position\":2,\"name\":\"Standart Aile Odas\u0131\"}]},{\"@type\":\"WebSite\",\"@id\":\"https:\/\/privadohotels.com\/#website\",\"url\":\"https:\/\/privadohotels.com\/\",\"name\":\"Privado Hotels\",\"description\":\"Privado Hotels - Antalya Hotel | Antalya Otel\",\"publisher\":{\"@id\":\"https:\/\/privadohotels.com\/#organization\"},\"potentialAction\":[{\"@type\":\"SearchAction\",\"target\":{\"@type\":\"EntryPoint\",\"urlTemplate\":\"https:\/\/privadohotels.com\/?s={search_term_string}\"},\"query-input\":{\"@type\":\"PropertyValueSpecification\",\"valueRequired\":true,\"valueName\":\"search_term_string\"}}],\"inLanguage\":\"de\"},{\"@type\":\"Organization\",\"@id\":\"https:\/\/privadohotels.com\/#organization\",\"name\":\"Privado Hotels\",\"url\":\"https:\/\/privadohotels.com\/\",\"logo\":{\"@type\":\"ImageObject\",\"inLanguage\":\"de\",\"@id\":\"https:\/\/privadohotels.com\/#\/schema\/logo\/image\/\",\"url\":\"https:\/\/privadohotels.com\/wp-content\/uploads\/2021\/12\/the7-logo-004.svg\",\"contentUrl\":\"https:\/\/privadohotels.com\/wp-content\/uploads\/2021\/12\/the7-logo-004.svg\",\"caption\":\"Privado Hotels\"},\"image\":{\"@id\":\"https:\/\/privadohotels.com\/#\/schema\/logo\/image\/\"}}]}<\/script>\n<!-- \/ Yoast SEO plugin. -->","yoast_head_json":{"title":"Standart Aile Odas\u0131 - Privado Hotels","robots":{"index":"index","follow":"follow","max-snippet":"max-snippet:-1","max-image-preview":"max-image-preview:large","max-video-preview":"max-video-preview:-1"},"canonical":"https:\/\/privadohotels.com\/de\/standard-suite-room\/","og_locale":"de_DE","og_type":"article","og_title":"Standart Aile Odas\u0131 - Privado Hotels","og_description":"Standart Aile Odas\u0131 Standart Aile Odas\u0131 : Geni\u015f Alan, \u00dcst\u00fcn Konfor Privado Hotels\u2019in Standart Aile Odalar\u0131, geni\u015f alan\u0131 ve y\u00fcksek konforuyla ailelere \u00f6zel bir konaklama deneyimi sunar. Modern ve \u015f\u0131k tasar\u0131m\u0131yla dikkat \u00e7eken odalar, bir veya iki yatak odas\u0131 se\u00e7ene\u011fiyle geni\u015f ailelerin ihtiya\u00e7lar\u0131na uygun olarak tasarlanm\u0131\u015ft\u0131r. Y\u00fcksek kaliteli mobilyalar, zarif dekorasyon ve geni\u015f oturma alan\u0131,&hellip;","og_url":"https:\/\/privadohotels.com\/de\/standard-suite-room\/","og_site_name":"Privado Hotels","article_modified_time":"2025-03-14T00:31:43+00:00","og_image":[{"url":"https:\/\/privadohotels.com\/wp-content\/uploads\/2025\/03\/08-02.png","type":"","width":"","height":""}],"twitter_card":"summary_large_image","twitter_misc":{"Gesch\u00e4tzte Lesezeit":"7\u00a0Minuten"},"schema":{"@context":"https:\/\/schema.org","@graph":[{"@type":"WebPage","@id":"https:\/\/privadohotels.com\/standard-suite-room\/","url":"https:\/\/privadohotels.com\/standard-suite-room\/","name":"Standart Aile Odas\u0131 - Privado Hotels","isPartOf":{"@id":"https:\/\/privadohotels.com\/#website"},"primaryImageOfPage":{"@id":"https:\/\/privadohotels.com\/standard-suite-room\/#primaryimage"},"image":{"@id":"https:\/\/privadohotels.com\/standard-suite-room\/#primaryimage"},"thumbnailUrl":"https:\/\/privadohotels.com\/wp-content\/uploads\/2025\/03\/08-02.png","datePublished":"2025-02-06T21:51:21+00:00","dateModified":"2025-03-14T00:31:43+00:00","breadcrumb":{"@id":"https:\/\/privadohotels.com\/standard-suite-room\/#breadcrumb"},"inLanguage":"de","potentialAction":[{"@type":"ReadAction","target":["https:\/\/privadohotels.com\/standard-suite-room\/"]}]},{"@type":"ImageObject","inLanguage":"de","@id":"https:\/\/privadohotels.com\/standard-suite-room\/#primaryimage","url":"https:\/\/privadohotels.com\/wp-content\/uploads\/2025\/03\/08-02.png","contentUrl":"https:\/\/privadohotels.com\/wp-content\/uploads\/2025\/03\/08-02.png"},{"@type":"BreadcrumbList","@id":"https:\/\/privadohotels.com\/standard-suite-room\/#breadcrumb","itemListElement":[{"@type":"ListItem","position":1,"name":"Anasayfa","item":"https:\/\/privadohotels.com\/"},{"@type":"ListItem","position":2,"name":"Standart Aile Odas\u0131"}]},{"@type":"WebSite","@id":"https:\/\/privadohotels.com\/#website","url":"https:\/\/privadohotels.com\/","name":"Privado Hotels","description":"Privado Hotels - Antalya Hotel | Antalya Otel","publisher":{"@id":"https:\/\/privadohotels.com\/#organization"},"potentialAction":[{"@type":"SearchAction","target":{"@type":"EntryPoint","urlTemplate":"https:\/\/privadohotels.com\/?s={search_term_string}"},"query-input":{"@type":"PropertyValueSpecification","valueRequired":true,"valueName":"search_term_string"}}],"inLanguage":"de"},{"@type":"Organization","@id":"https:\/\/privadohotels.com\/#organization","name":"Privado Hotels","url":"https:\/\/privadohotels.com\/","logo":{"@type":"ImageObject","inLanguage":"de","@id":"https:\/\/privadohotels.com\/#\/schema\/logo\/image\/","url":"https:\/\/privadohotels.com\/wp-content\/uploads\/2021\/12\/the7-logo-004.svg","contentUrl":"https:\/\/privadohotels.com\/wp-content\/uploads\/2021\/12\/the7-logo-004.svg","caption":"Privado Hotels"},"image":{"@id":"https:\/\/privadohotels.com\/#\/schema\/logo\/image\/"}}]}},"_links":{"self":[{"href":"https:\/\/privadohotels.com\/de\/wp-json\/wp\/v2\/pages\/94626","targetHints":{"allow":["GET"]}}],"collection":[{"href":"https:\/\/privadohotels.com\/de\/wp-json\/wp\/v2\/pages"}],"about":[{"href":"https:\/\/privadohotels.com\/de\/wp-json\/wp\/v2\/types\/page"}],"author":[{"embeddable":true,"href":"https:\/\/privadohotels.com\/de\/wp-json\/wp\/v2\/users\/1"}],"replies":[{"embeddable":true,"href":"https:\/\/privadohotels.com\/de\/wp-json\/wp\/v2\/comments?post=94626"}],"version-history":[{"count":25,"href":"https:\/\/privadohotels.com\/de\/wp-json\/wp\/v2\/pages\/94626\/revisions"}],"predecessor-version":[{"id":96183,"href":"https:\/\/privadohotels.com\/de\/wp-json\/wp\/v2\/pages\/94626\/revisions\/96183"}],"wp:attachment":[{"href":"https:\/\/privadohotels.com\/de\/wp-json\/wp\/v2\/media?parent=94626"}],"curies":[{"name":"wp","href":"https:\/\/api.w.org\/{rel}","templated":true}]}}