{"id":5949,"date":"2020-10-25T17:12:23","date_gmt":"2020-10-25T17:12:23","guid":{"rendered":"https:\/\/privadohotels.com\/blog-1\/"},"modified":"2025-02-13T01:20:25","modified_gmt":"2025-02-12T22:20:25","slug":"blog-1","status":"publish","type":"page","link":"https:\/\/privadohotels.com\/de\/blog-1\/","title":{"rendered":"Der Blog"},"content":{"rendered":"<div data-elementor-type=\"wp-page\" data-elementor-id=\"5949\" class=\"elementor elementor-5949\" data-elementor-post-type=\"page\">\n\t\t\t\t<div class=\"elementor-element elementor-element-72b7de9 e-flex e-con-boxed elementor-invisible e-con e-parent\" data-id=\"72b7de9\" data-element_type=\"container\" data-settings=\"{&quot;animation&quot;:&quot;fadeInUp&quot;}\">\n\t\t\t\t\t<div class=\"e-con-inner\">\n\t\t\t\t<div class=\"elementor-element elementor-element-1129ac9 elementor-widget elementor-widget-heading\" data-id=\"1129ac9\" data-element_type=\"widget\" data-widget_type=\"heading.default\">\n\t\t\t\t<div class=\"elementor-widget-container\">\n\t\t\t\t\t<h2 class=\"elementor-heading-title elementor-size-default\">Der Blog<\/h2>\t\t\t\t<\/div>\n\t\t\t\t<\/div>\n\t\t\t\t\t<\/div>\n\t\t\t\t<\/div>\n\t\t<div class=\"elementor-element elementor-element-16351ee e-flex e-con-boxed elementor-invisible e-con e-parent\" data-id=\"16351ee\" data-element_type=\"container\" data-settings=\"{&quot;animation&quot;:&quot;fadeInUp&quot;}\">\n\t\t\t\t\t<div class=\"e-con-inner\">\n\t\t\t\t<div class=\"elementor-element elementor-element-6125c59 preserve-img-ratio-cover elementor-widget elementor-widget-the7_elements\" data-id=\"6125c59\" data-element_type=\"widget\" data-widget_type=\"the7_elements.default\">\n\t\t\t\t<div class=\"elementor-widget-container\">\n\t\t\t\t\t<div class=\"portfolio-shortcode the7-elementor-widget the7_elements-6125c59 mode-masonry classic-layout-list description-under-image quick-scale-img meta-info-off content-bg-on enable-bg-rollover resize-by-browser-width loading-effect-none jquery-filter\" data-padding=\"15px\" data-mobile-columns-num=\"1\" data-tablet-columns-num=\"2\" data-desktop-columns-num=\"3\" data-wide-desktop-columns-num=\"3\" data-post-limit=\"-1\" data-pagination-mode=\"none\" data-scroll-offset=\"\" aria-live=\"assertive\"><div class=\"iso-container dt-isotope custom-iso-columns\"><div class=\"visible wf-cell iso-item\" data-post-id=\"94975\" data-date=\"2025-02-13T01:27:06+03:00\" data-name=\"Antalya: \u0130leri Ya\u015f Tatili \u0130\u00e7in Neden M\u00fckemmel Bir Se\u00e7enek?\"><article class=\"post visible post-94975 type-post status-publish format-standard has-post-thumbnail hentry category-privado-hotels tag-privado-hotels category-1 description-off\" data-name=\"Antalya: \u0130leri Ya\u015f Tatili \u0130\u00e7in Neden M\u00fckemmel Bir Se\u00e7enek?\" data-date=\"2025-02-13T01:27:06+03:00\">\n\n\t<div class=\"post-thumbnail-wrap\">\n\t\t<div class=\"post-thumbnail\">\n\n\t\t\t<a class=\"post-thumbnail-rollover layzr-bg img-css-resize-wrapper\" aria-label=\"Beitragsbild\" href=\"https:\/\/privadohotels.com\/de\/antalya-ileri-yas-tatili-icin-neden-mukemmel-bir-secenek\/\"><img fetchpriority=\"high\" decoding=\"async\" width=\"1024\" height=\"1024\" src=\"data:image\/svg+xml,%3Csvg%20xmlns%3D&#039;http%3A%2F%2Fwww.w3.org%2F2000%2Fsvg&#039;%20viewBox%3D&#039;0%200%201024%201024&#039;%2F%3E\" class=\"attachment-full size-full preload-me aspect lazy lazy-load\" alt=\"\" sizes=\"(max-width: 1024px) 100vw, 1024px\" style=\"--ratio: 1024 \/ 1024;\" data-src=\"https:\/\/privadohotels.com\/wp-content\/uploads\/2025\/02\/5-4.png\" loading=\"eager\" data-srcset=\"https:\/\/privadohotels.com\/wp-content\/uploads\/2025\/02\/5-4.png 1024w, https:\/\/privadohotels.com\/wp-content\/uploads\/2025\/02\/5-4-300x300.png 300w, https:\/\/privadohotels.com\/wp-content\/uploads\/2025\/02\/5-4-150x150.png 150w, https:\/\/privadohotels.com\/wp-content\/uploads\/2025\/02\/5-4-768x768.png 768w, https:\/\/privadohotels.com\/wp-content\/uploads\/2025\/02\/5-4-12x12.png 12w\" \/><span class=\"the7-hover-icon\"><svg aria-hidden=\"true\" class=\"e-font-icon-svg e-fas-plus\" viewbox=\"0 0 448 512\" xmlns=\"http:\/\/www.w3.org\/2000\/svg\"><path d=\"M416 208H272V64c0-17.67-14.33-32-32-32h-32c-17.67 0-32 14.33-32 32v144H32c-17.67 0-32 14.33-32 32v32c0 17.67 14.33 32 32 32h144v144c0 17.67 14.33 32 32 32h32c17.67 0 32-14.33 32-32V304h144c17.67 0 32-14.33 32-32v-32c0-17.67-14.33-32-32-32z\"><\/path><\/svg><\/span><\/a>\n\t\t<\/div>\n\t<\/div>\n\n\n<div class=\"post-entry-content\">\n\n\t<h3 class=\"ele-entry-title\"><a href=\"https:\/\/privadohotels.com\/de\/antalya-ileri-yas-tatili-icin-neden-mukemmel-bir-secenek\/\" rel=\"bookmark\" title=\"Antalya: Warum es die perfekte Option f\u00fcr einen Seniorenurlaub ist\">Antalya: Warum es die perfekte Option f\u00fcr einen Seniorenurlaub ist<\/a><\/h3><div class=\"entry-excerpt\"><p>Antalya ist ein ideales Reiseziel f\u00fcr Seniorenurlaube, da diese Region f\u00fcr ihr mildes Klima, ihren ruhigen Lebensstil und ihr umfangreiches Angebot an Gesundheitstourismus bekannt ist. Antalya, wo Sie das ganze Jahr \u00fcber sonnige Tage, das Meer und die Natur genie\u00dfen k\u00f6nnen, bietet eine Atmosph\u00e4re, die die Lebensqualit\u00e4t steigert. Dar\u00fcber hinaus bietet Antalya zahlreiche M\u00f6glichkeiten im Bereich Gesundheitstourismus, medizinische Behandlungen f\u00fcr \u00e4ltere Menschen, Spa- und Rehabilitationszentren \u2026<\/p>\n<\/div><a href=\"https:\/\/privadohotels.com\/de\/antalya-ileri-yas-tatili-icin-neden-mukemmel-bir-secenek\/\" target=\"\" aria-label=\"Lesen Sie mehr \u00fcber Antalya: Warum es die perfekte Wahl f\u00fcr den Urlaub von Senioren ist?\" class=\"box-button elementor-button elementor-size-xs\">Mehr lesen<\/a>\n<\/div><\/article><\/div><div class=\"visible wf-cell iso-item\" data-post-id=\"94973\" data-date=\"2025-02-13T01:26:33+03:00\" data-name=\"Antalya\u2019y\u0131 Pedallayarak Ke\u015ffedin: Bisiklet Tutkunlar\u0131 \u0130\u00e7in M\u00fckemmel Konaklama Deneyimi\"><article class=\"post visible post-94973 type-post status-publish format-standard has-post-thumbnail hentry category-privado-hotels tag-privado-hotels category-1 description-off\" data-name=\"Antalya\u2019y\u0131 Pedallayarak Ke\u015ffedin: Bisiklet Tutkunlar\u0131 \u0130\u00e7in M\u00fckemmel Konaklama Deneyimi\" data-date=\"2025-02-13T01:26:33+03:00\">\n\n\t<div class=\"post-thumbnail-wrap\">\n\t\t<div class=\"post-thumbnail\">\n\n\t\t\t<a class=\"post-thumbnail-rollover layzr-bg img-css-resize-wrapper\" aria-label=\"Beitragsbild\" href=\"https:\/\/privadohotels.com\/de\/antalyayi-pedallayarak-kesfedin-bisiklet-tutkunlari-icin-mukemmel-konaklama-deneyimi\/\"><img decoding=\"async\" width=\"1024\" height=\"1024\" src=\"data:image\/svg+xml,%3Csvg%20xmlns%3D&#039;http%3A%2F%2Fwww.w3.org%2F2000%2Fsvg&#039;%20viewBox%3D&#039;0%200%201024%201024&#039;%2F%3E\" class=\"attachment-full size-full preload-me aspect lazy lazy-load\" alt=\"\" sizes=\"(max-width: 1024px) 100vw, 1024px\" style=\"--ratio: 1024 \/ 1024;\" data-src=\"https:\/\/privadohotels.com\/wp-content\/uploads\/2025\/02\/4-5.png\" loading=\"eager\" data-srcset=\"https:\/\/privadohotels.com\/wp-content\/uploads\/2025\/02\/4-5.png 1024w, https:\/\/privadohotels.com\/wp-content\/uploads\/2025\/02\/4-5-300x300.png 300w, https:\/\/privadohotels.com\/wp-content\/uploads\/2025\/02\/4-5-150x150.png 150w, https:\/\/privadohotels.com\/wp-content\/uploads\/2025\/02\/4-5-768x768.png 768w, https:\/\/privadohotels.com\/wp-content\/uploads\/2025\/02\/4-5-12x12.png 12w\" \/><span class=\"the7-hover-icon\"><svg aria-hidden=\"true\" class=\"e-font-icon-svg e-fas-plus\" viewbox=\"0 0 448 512\" xmlns=\"http:\/\/www.w3.org\/2000\/svg\"><path d=\"M416 208H272V64c0-17.67-14.33-32-32-32h-32c-17.67 0-32 14.33-32 32v144H32c-17.67 0-32 14.33-32 32v32c0 17.67 14.33 32 32 32h144v144c0 17.67 14.33 32 32 32h32c17.67 0 32-14.33 32-32V304h144c17.67 0 32-14.33 32-32v-32c0-17.67-14.33-32-32-32z\"><\/path><\/svg><\/span><\/a>\n\t\t<\/div>\n\t<\/div>\n\n\n<div class=\"post-entry-content\">\n\n\t<h3 class=\"ele-entry-title\"><a href=\"https:\/\/privadohotels.com\/de\/antalyayi-pedallayarak-kesfedin-bisiklet-tutkunlari-icin-mukemmel-konaklama-deneyimi\/\" rel=\"bookmark\" title=\"Entdecken Sie Antalya mit dem Fahrrad: Das perfekte Unterkunftserlebnis f\u00fcr Radfahrer\">Entdecken Sie Antalya mit dem Fahrrad: Das perfekte Unterkunftserlebnis f\u00fcr Radfahrer<\/a><\/h3><div class=\"entry-excerpt\"><p>F\u00fcr diejenigen, die die atemberaubende Landschaft von Antalya mit dem Fahrrad erkunden m\u00f6chten, bietet Privado Hotels als fahrradfreundliches Hotel hervorragende Einrichtungen. Unseren G\u00e4sten stehen private Bereiche zur sicheren Unterbringung ihrer Fahrr\u00e4der zur Verf\u00fcgung. Unser Hotel ist ein idealer Ausgangspunkt zur Erkundung der Natursch\u00f6nheiten und historischen St\u00e4tten von Antalya und bietet einfachen Zugang zu Radwegen. F\u00fcr unsere G\u00e4ste, die eine Radtour machen m\u00f6chten, haben wir hier einige Routen- und Ausflugsvorschl\u00e4ge f\u00fcr Sie\u2026<\/p>\n<\/div><a href=\"https:\/\/privadohotels.com\/de\/antalyayi-pedallayarak-kesfedin-bisiklet-tutkunlari-icin-mukemmel-konaklama-deneyimi\/\" target=\"\" aria-label=\"Lesen Sie mehr \u00fcber \u201eAntalya mit dem Fahrrad entdecken: Das perfekte Unterkunftserlebnis f\u00fcr Radsportbegeisterte\u201c.\" class=\"box-button elementor-button elementor-size-xs\">Mehr lesen<\/a>\n<\/div><\/article><\/div><div class=\"visible wf-cell iso-item\" data-post-id=\"94971\" data-date=\"2025-02-13T01:26:03+03:00\" data-name=\"Antalya\u2019da Al\u0131\u015fveri\u015f Yap\u0131labilecek En \u0130yi Yerler\"><article class=\"post visible post-94971 type-post status-publish format-standard has-post-thumbnail hentry category-privado-hotels tag-privado-hotels category-1 description-off\" data-name=\"Antalya\u2019da Al\u0131\u015fveri\u015f Yap\u0131labilecek En \u0130yi Yerler\" data-date=\"2025-02-13T01:26:03+03:00\">\n\n\t<div class=\"post-thumbnail-wrap\">\n\t\t<div class=\"post-thumbnail\">\n\n\t\t\t<a class=\"post-thumbnail-rollover layzr-bg img-css-resize-wrapper\" aria-label=\"Beitragsbild\" href=\"https:\/\/privadohotels.com\/de\/antalyada-alisveris-yapilabilecek-en-iyi-yerler\/\"><img decoding=\"async\" width=\"1024\" height=\"1024\" src=\"data:image\/svg+xml,%3Csvg%20xmlns%3D&#039;http%3A%2F%2Fwww.w3.org%2F2000%2Fsvg&#039;%20viewBox%3D&#039;0%200%201024%201024&#039;%2F%3E\" class=\"attachment-full size-full preload-me aspect lazy lazy-load\" alt=\"\" sizes=\"(max-width: 1024px) 100vw, 1024px\" style=\"--ratio: 1024 \/ 1024;\" data-src=\"https:\/\/privadohotels.com\/wp-content\/uploads\/2025\/02\/3-6.png\" loading=\"eager\" data-srcset=\"https:\/\/privadohotels.com\/wp-content\/uploads\/2025\/02\/3-6.png 1024w, https:\/\/privadohotels.com\/wp-content\/uploads\/2025\/02\/3-6-300x300.png 300w, https:\/\/privadohotels.com\/wp-content\/uploads\/2025\/02\/3-6-150x150.png 150w, https:\/\/privadohotels.com\/wp-content\/uploads\/2025\/02\/3-6-768x768.png 768w, https:\/\/privadohotels.com\/wp-content\/uploads\/2025\/02\/3-6-12x12.png 12w\" \/><span class=\"the7-hover-icon\"><svg aria-hidden=\"true\" class=\"e-font-icon-svg e-fas-plus\" viewbox=\"0 0 448 512\" xmlns=\"http:\/\/www.w3.org\/2000\/svg\"><path d=\"M416 208H272V64c0-17.67-14.33-32-32-32h-32c-17.67 0-32 14.33-32 32v144H32c-17.67 0-32 14.33-32 32v32c0 17.67 14.33 32 32 32h144v144c0 17.67 14.33 32 32 32h32c17.67 0 32-14.33 32-32V304h144c17.67 0 32-14.33 32-32v-32c0-17.67-14.33-32-32-32z\"><\/path><\/svg><\/span><\/a>\n\t\t<\/div>\n\t<\/div>\n\n\n<div class=\"post-entry-content\">\n\n\t<h3 class=\"ele-entry-title\"><a href=\"https:\/\/privadohotels.com\/de\/antalyada-alisveris-yapilabilecek-en-iyi-yerler\/\" rel=\"bookmark\" title=\"Die besten Einkaufsm\u00f6glichkeiten in Antalya\">Die besten Einkaufsm\u00f6glichkeiten in Antalya<\/a><\/h3><div class=\"entry-excerpt\"><p>Antalya ist eine lebendige Stadt mit vielf\u00e4ltigen Einkaufsm\u00f6glichkeiten. Hier sind die am meisten empfohlenen Einkaufsorte f\u00fcr Besucher: Gro\u00dfer Basar: Der Gro\u00dfe Basar ist einer der \u00e4ltesten und gr\u00f6\u00dften Marktpl\u00e4tze in Antalya und bietet zahlreiche handgefertigte Souvenirs, Schmuck und traditionelle t\u00fcrkische Textilien. Einkaufszentren (AVMs): Gro\u00dfe Einkaufszentren wie TerraCity, MarkAntalya, lokale und internationale Marken \u2026<\/p>\n<\/div><a href=\"https:\/\/privadohotels.com\/de\/antalyada-alisveris-yapilabilecek-en-iyi-yerler\/\" target=\"\" aria-label=\"Lesen Sie mehr \u00fcber die besten Einkaufsm\u00f6glichkeiten in Antalya.\" class=\"box-button elementor-button elementor-size-xs\">Mehr lesen<\/a>\n<\/div><\/article><\/div><div class=\"visible wf-cell iso-item\" data-post-id=\"94969\" data-date=\"2025-02-13T01:25:26+03:00\" data-name=\"Antalya\u2019da Tatilinizi Daha Keyifli Hale Getirecek 5 Aktivite\"><article class=\"post visible post-94969 type-post status-publish format-standard has-post-thumbnail hentry category-privado-hotels tag-privado-hotels category-1 description-off\" data-name=\"Antalya\u2019da Tatilinizi Daha Keyifli Hale Getirecek 5 Aktivite\" data-date=\"2025-02-13T01:25:26+03:00\">\n\n\t<div class=\"post-thumbnail-wrap\">\n\t\t<div class=\"post-thumbnail\">\n\n\t\t\t<a class=\"post-thumbnail-rollover layzr-bg img-css-resize-wrapper\" aria-label=\"Beitragsbild\" href=\"https:\/\/privadohotels.com\/de\/antalyada-tatilinizi-daha-keyifli-hale-getirecek-5-aktivite\/\"><img decoding=\"async\" width=\"1024\" height=\"1024\" src=\"data:image\/svg+xml,%3Csvg%20xmlns%3D&#039;http%3A%2F%2Fwww.w3.org%2F2000%2Fsvg&#039;%20viewBox%3D&#039;0%200%201024%201024&#039;%2F%3E\" class=\"attachment-full size-full preload-me aspect lazy lazy-load\" alt=\"\" sizes=\"(max-width: 1024px) 100vw, 1024px\" style=\"--ratio: 1024 \/ 1024;\" data-src=\"https:\/\/privadohotels.com\/wp-content\/uploads\/2025\/02\/2-6.png\" loading=\"eager\" data-srcset=\"https:\/\/privadohotels.com\/wp-content\/uploads\/2025\/02\/2-6.png 1024w, https:\/\/privadohotels.com\/wp-content\/uploads\/2025\/02\/2-6-300x300.png 300w, https:\/\/privadohotels.com\/wp-content\/uploads\/2025\/02\/2-6-150x150.png 150w, https:\/\/privadohotels.com\/wp-content\/uploads\/2025\/02\/2-6-768x768.png 768w, https:\/\/privadohotels.com\/wp-content\/uploads\/2025\/02\/2-6-12x12.png 12w\" \/><span class=\"the7-hover-icon\"><svg aria-hidden=\"true\" class=\"e-font-icon-svg e-fas-plus\" viewbox=\"0 0 448 512\" xmlns=\"http:\/\/www.w3.org\/2000\/svg\"><path d=\"M416 208H272V64c0-17.67-14.33-32-32-32h-32c-17.67 0-32 14.33-32 32v144H32c-17.67 0-32 14.33-32 32v32c0 17.67 14.33 32 32 32h144v144c0 17.67 14.33 32 32 32h32c17.67 0 32-14.33 32-32V304h144c17.67 0 32-14.33 32-32v-32c0-17.67-14.33-32-32-32z\"><\/path><\/svg><\/span><\/a>\n\t\t<\/div>\n\t<\/div>\n\n\n<div class=\"post-entry-content\">\n\n\t<h3 class=\"ele-entry-title\"><a href=\"https:\/\/privadohotels.com\/de\/antalyada-tatilinizi-daha-keyifli-hale-getirecek-5-aktivite\/\" rel=\"bookmark\" title=\"5 Aktivit\u00e4ten, die Ihren Urlaub in Antalya noch angenehmer machen\">5 Aktivit\u00e4ten, die Ihren Urlaub in Antalya noch angenehmer machen<\/a><\/h3><div class=\"entry-excerpt\"><p>Antalya spricht mit seinem vielf\u00e4ltigen Aktivit\u00e4tsangebot alle Arten von Urlaubern an. Hier sind f\u00fcnf Vorschl\u00e4ge, die Ihren Urlaub noch spezieller machen: Bootstouren: Verbringen Sie einen Tag im k\u00fchlen Wasser des Mittelmeers und erkunden Sie die umliegenden Buchten. Tauchen: Das kristallklare Wasser von Antalya ist ideal, um die herrliche Unterwasserwelt zu erkunden. Jeep-Safari: Erleben Sie ein unvergessliches Abenteuer inmitten der beeindruckenden Landschaft des Taurusgebirges. Seilbahnfahrt: Tahtal\u0131\u2026<\/p>\n<\/div><a href=\"https:\/\/privadohotels.com\/de\/antalyada-tatilinizi-daha-keyifli-hale-getirecek-5-aktivite\/\" target=\"\" aria-label=\"Lesen Sie mehr \u00fcber 5 Aktivit\u00e4ten, die Ihren Urlaub in Antalya noch sch\u00f6ner machen.\" class=\"box-button elementor-button elementor-size-xs\">Mehr lesen<\/a>\n<\/div><\/article><\/div><div class=\"visible wf-cell iso-item\" data-post-id=\"94962\" data-date=\"2025-02-13T01:23:13+03:00\" data-name=\"Antalya\u2019da Gezilecek En G\u00fczel 10 Yer\"><article class=\"post visible post-94962 type-post status-publish format-standard has-post-thumbnail hentry category-privado-hotels tag-privado-hotels category-1 description-off\" data-name=\"Antalya\u2019da Gezilecek En G\u00fczel 10 Yer\" data-date=\"2025-02-13T01:23:13+03:00\">\n\n\t<div class=\"post-thumbnail-wrap\">\n\t\t<div class=\"post-thumbnail\">\n\n\t\t\t<a class=\"post-thumbnail-rollover layzr-bg img-css-resize-wrapper\" aria-label=\"Beitragsbild\" href=\"https:\/\/privadohotels.com\/de\/antalyada-gezilecek-en-guzel-10-yer\/\"><img decoding=\"async\" width=\"1024\" height=\"1024\" src=\"data:image\/svg+xml,%3Csvg%20xmlns%3D&#039;http%3A%2F%2Fwww.w3.org%2F2000%2Fsvg&#039;%20viewBox%3D&#039;0%200%201024%201024&#039;%2F%3E\" class=\"attachment-full size-full preload-me aspect lazy lazy-load\" alt=\"\" sizes=\"(max-width: 1024px) 100vw, 1024px\" style=\"--ratio: 1024 \/ 1024;\" data-src=\"https:\/\/privadohotels.com\/wp-content\/uploads\/2025\/02\/1-6.png\" loading=\"eager\" data-srcset=\"https:\/\/privadohotels.com\/wp-content\/uploads\/2025\/02\/1-6.png 1024w, https:\/\/privadohotels.com\/wp-content\/uploads\/2025\/02\/1-6-300x300.png 300w, https:\/\/privadohotels.com\/wp-content\/uploads\/2025\/02\/1-6-150x150.png 150w, https:\/\/privadohotels.com\/wp-content\/uploads\/2025\/02\/1-6-768x768.png 768w, https:\/\/privadohotels.com\/wp-content\/uploads\/2025\/02\/1-6-12x12.png 12w\" \/><span class=\"the7-hover-icon\"><svg aria-hidden=\"true\" class=\"e-font-icon-svg e-fas-plus\" viewbox=\"0 0 448 512\" xmlns=\"http:\/\/www.w3.org\/2000\/svg\"><path d=\"M416 208H272V64c0-17.67-14.33-32-32-32h-32c-17.67 0-32 14.33-32 32v144H32c-17.67 0-32 14.33-32 32v32c0 17.67 14.33 32 32 32h144v144c0 17.67 14.33 32 32 32h32c17.67 0 32-14.33 32-32V304h144c17.67 0 32-14.33 32-32v-32c0-17.67-14.33-32-32-32z\"><\/path><\/svg><\/span><\/a>\n\t\t<\/div>\n\t<\/div>\n\n\n<div class=\"post-entry-content\">\n\n\t<h3 class=\"ele-entry-title\"><a href=\"https:\/\/privadohotels.com\/de\/antalyada-gezilecek-en-guzel-10-yer\/\" rel=\"bookmark\" title=\"Die 10 sch\u00f6nsten Orte in Antalya\">Die 10 sch\u00f6nsten Orte in Antalya<\/a><\/h3><div class=\"entry-excerpt\"><p>Antalya ist mit seinen einzigartigen Natursch\u00f6nheiten, historischen Denkm\u00e4lern und modernen Attraktionen eines der beliebtesten Reiseziele in der T\u00fcrkei. Hier sind die 10 sch\u00f6nsten Orte, die Sie besuchen sollten: Kalei\u00e7i: Kalei\u00e7i, das historische Herz von Antalya, bietet Besuchern mit seinen engen Gassen, farbenfrohen Gesch\u00e4ften und historischen H\u00e4usern ein nostalgisches Erlebnis. Duden-Wasserfall: Dieser herrliche Wasserfall in der N\u00e4he des Stadtzentrums bietet nat\u00fcrliche Sch\u00f6nheit und erfrischende\u2026<\/p>\n<\/div><a href=\"https:\/\/privadohotels.com\/de\/antalyada-gezilecek-en-guzel-10-yer\/\" target=\"\" aria-label=\"Lesen Sie mehr \u00fcber die 10 sch\u00f6nsten Orte, die Sie in Antalya besuchen k\u00f6nnen.\" class=\"box-button elementor-button elementor-size-xs\">Mehr lesen<\/a>\n<\/div><\/article><\/div><\/div><!-- iso-container|iso-grid --><\/div>\t\t\t\t<\/div>\n\t\t\t\t<\/div>\n\t\t\t\t\t<\/div>\n\t\t\t\t<\/div>\n\t\t\t\t<\/div>","protected":false},"excerpt":{"rendered":"<p>Blog Hallo Welt! Willkommen bei WordPress. Dies ist Ihr erster Artikel. Bearbeiten oder l\u00f6schen Sie diesen Beitrag. Dann fang an zu schreiben! Weiterlesen Pellentesque habitant morbi tristique of 2023 Ut et ligula vel urna accumsan placerat uspendisse turpis urna, consectetur in sagittis et, vehicula quis riskus. Vestibulum eu sollicitudin nunc mattis tortor sit amet. Weiterlesen Die\u2026<\/p>","protected":false},"author":1,"featured_media":0,"parent":0,"menu_order":332,"comment_status":"closed","ping_status":"closed","template":"elementor_header_footer","meta":{"footnotes":""},"class_list":["post-5949","page","type-page","status-publish","hentry","category-1","description-off"],"yoast_head":"<!-- This site is optimized with the Yoast SEO plugin v24.3 - https:\/\/yoast.com\/wordpress\/plugins\/seo\/ -->\n<title>Blog - Privado Hotels<\/title>\n<meta name=\"robots\" content=\"index, follow, max-snippet:-1, max-image-preview:large, max-video-preview:-1\" \/>\n<link rel=\"canonical\" href=\"https:\/\/privadohotels.com\/de\/blog-1\/\" \/>\n<meta property=\"og:locale\" content=\"de_DE\" \/>\n<meta property=\"og:type\" content=\"article\" \/>\n<meta property=\"og:title\" content=\"Blog - Privado Hotels\" \/>\n<meta property=\"og:description\" content=\"Blog Merhaba d\u00fcnya! WordPress&#8217;e ho\u015f geldiniz. Bu sizin ilk yaz\u0131n\u0131z. Bu yaz\u0131y\u0131 d\u00fczenleyin ya da silin. Sonra yazmaya ba\u015flay\u0131n! Devam\u0131n\u0131 Oku Pellentesque habitant morbi tristique of 2023 Ut et ligula vel urna accumsan placerat uspendisse turpis urna, consectetur in sagittis et, vehicula quis risus. Vestibulum eu sollicitudin nunc mattis tortor sit amet. Devam\u0131n\u0131 Oku The&hellip;\" \/>\n<meta property=\"og:url\" content=\"https:\/\/privadohotels.com\/de\/blog-1\/\" \/>\n<meta property=\"og:site_name\" content=\"Privado Hotels\" \/>\n<meta property=\"article:modified_time\" content=\"2025-02-12T22:20:25+00:00\" \/>\n<meta name=\"twitter:card\" content=\"summary_large_image\" \/>\n<meta name=\"twitter:label1\" content=\"Gesch\u00e4tzte Lesezeit\" \/>\n\t<meta name=\"twitter:data1\" content=\"5\u00a0Minuten\" \/>\n<script type=\"application\/ld+json\" class=\"yoast-schema-graph\">{\"@context\":\"https:\/\/schema.org\",\"@graph\":[{\"@type\":\"WebPage\",\"@id\":\"https:\/\/privadohotels.com\/blog-1\/\",\"url\":\"https:\/\/privadohotels.com\/blog-1\/\",\"name\":\"Blog - Privado Hotels\",\"isPartOf\":{\"@id\":\"https:\/\/privadohotels.com\/#website\"},\"datePublished\":\"2020-10-25T17:12:23+00:00\",\"dateModified\":\"2025-02-12T22:20:25+00:00\",\"breadcrumb\":{\"@id\":\"https:\/\/privadohotels.com\/blog-1\/#breadcrumb\"},\"inLanguage\":\"de\",\"potentialAction\":[{\"@type\":\"ReadAction\",\"target\":[\"https:\/\/privadohotels.com\/blog-1\/\"]}]},{\"@type\":\"BreadcrumbList\",\"@id\":\"https:\/\/privadohotels.com\/blog-1\/#breadcrumb\",\"itemListElement\":[{\"@type\":\"ListItem\",\"position\":1,\"name\":\"Anasayfa\",\"item\":\"https:\/\/privadohotels.com\/\"},{\"@type\":\"ListItem\",\"position\":2,\"name\":\"Blog\"}]},{\"@type\":\"WebSite\",\"@id\":\"https:\/\/privadohotels.com\/#website\",\"url\":\"https:\/\/privadohotels.com\/\",\"name\":\"Privado Hotels\",\"description\":\"Privado Hotels - Antalya Hotel | Antalya Otel\",\"publisher\":{\"@id\":\"https:\/\/privadohotels.com\/#organization\"},\"potentialAction\":[{\"@type\":\"SearchAction\",\"target\":{\"@type\":\"EntryPoint\",\"urlTemplate\":\"https:\/\/privadohotels.com\/?s={search_term_string}\"},\"query-input\":{\"@type\":\"PropertyValueSpecification\",\"valueRequired\":true,\"valueName\":\"search_term_string\"}}],\"inLanguage\":\"de\"},{\"@type\":\"Organization\",\"@id\":\"https:\/\/privadohotels.com\/#organization\",\"name\":\"Privado Hotels\",\"url\":\"https:\/\/privadohotels.com\/\",\"logo\":{\"@type\":\"ImageObject\",\"inLanguage\":\"de\",\"@id\":\"https:\/\/privadohotels.com\/#\/schema\/logo\/image\/\",\"url\":\"https:\/\/privadohotels.com\/wp-content\/uploads\/2021\/12\/the7-logo-004.svg\",\"contentUrl\":\"https:\/\/privadohotels.com\/wp-content\/uploads\/2021\/12\/the7-logo-004.svg\",\"caption\":\"Privado Hotels\"},\"image\":{\"@id\":\"https:\/\/privadohotels.com\/#\/schema\/logo\/image\/\"}}]}<\/script>\n<!-- \/ Yoast SEO plugin. -->","yoast_head_json":{"title":"Blog - Privado Hotels","robots":{"index":"index","follow":"follow","max-snippet":"max-snippet:-1","max-image-preview":"max-image-preview:large","max-video-preview":"max-video-preview:-1"},"canonical":"https:\/\/privadohotels.com\/de\/blog-1\/","og_locale":"de_DE","og_type":"article","og_title":"Blog - Privado Hotels","og_description":"Blog Merhaba d\u00fcnya! WordPress&#8217;e ho\u015f geldiniz. Bu sizin ilk yaz\u0131n\u0131z. Bu yaz\u0131y\u0131 d\u00fczenleyin ya da silin. Sonra yazmaya ba\u015flay\u0131n! Devam\u0131n\u0131 Oku Pellentesque habitant morbi tristique of 2023 Ut et ligula vel urna accumsan placerat uspendisse turpis urna, consectetur in sagittis et, vehicula quis risus. Vestibulum eu sollicitudin nunc mattis tortor sit amet. Devam\u0131n\u0131 Oku The&hellip;","og_url":"https:\/\/privadohotels.com\/de\/blog-1\/","og_site_name":"Privado Hotels","article_modified_time":"2025-02-12T22:20:25+00:00","twitter_card":"summary_large_image","twitter_misc":{"Gesch\u00e4tzte Lesezeit":"5\u00a0Minuten"},"schema":{"@context":"https:\/\/schema.org","@graph":[{"@type":"WebPage","@id":"https:\/\/privadohotels.com\/blog-1\/","url":"https:\/\/privadohotels.com\/blog-1\/","name":"Blog - Privado Hotels","isPartOf":{"@id":"https:\/\/privadohotels.com\/#website"},"datePublished":"2020-10-25T17:12:23+00:00","dateModified":"2025-02-12T22:20:25+00:00","breadcrumb":{"@id":"https:\/\/privadohotels.com\/blog-1\/#breadcrumb"},"inLanguage":"de","potentialAction":[{"@type":"ReadAction","target":["https:\/\/privadohotels.com\/blog-1\/"]}]},{"@type":"BreadcrumbList","@id":"https:\/\/privadohotels.com\/blog-1\/#breadcrumb","itemListElement":[{"@type":"ListItem","position":1,"name":"Anasayfa","item":"https:\/\/privadohotels.com\/"},{"@type":"ListItem","position":2,"name":"Blog"}]},{"@type":"WebSite","@id":"https:\/\/privadohotels.com\/#website","url":"https:\/\/privadohotels.com\/","name":"Privado Hotels","description":"Privado Hotels - Antalya Hotel | Antalya Otel","publisher":{"@id":"https:\/\/privadohotels.com\/#organization"},"potentialAction":[{"@type":"SearchAction","target":{"@type":"EntryPoint","urlTemplate":"https:\/\/privadohotels.com\/?s={search_term_string}"},"query-input":{"@type":"PropertyValueSpecification","valueRequired":true,"valueName":"search_term_string"}}],"inLanguage":"de"},{"@type":"Organization","@id":"https:\/\/privadohotels.com\/#organization","name":"Privado Hotels","url":"https:\/\/privadohotels.com\/","logo":{"@type":"ImageObject","inLanguage":"de","@id":"https:\/\/privadohotels.com\/#\/schema\/logo\/image\/","url":"https:\/\/privadohotels.com\/wp-content\/uploads\/2021\/12\/the7-logo-004.svg","contentUrl":"https:\/\/privadohotels.com\/wp-content\/uploads\/2021\/12\/the7-logo-004.svg","caption":"Privado Hotels"},"image":{"@id":"https:\/\/privadohotels.com\/#\/schema\/logo\/image\/"}}]}},"_links":{"self":[{"href":"https:\/\/privadohotels.com\/de\/wp-json\/wp\/v2\/pages\/5949","targetHints":{"allow":["GET"]}}],"collection":[{"href":"https:\/\/privadohotels.com\/de\/wp-json\/wp\/v2\/pages"}],"about":[{"href":"https:\/\/privadohotels.com\/de\/wp-json\/wp\/v2\/types\/page"}],"author":[{"embeddable":true,"href":"https:\/\/privadohotels.com\/de\/wp-json\/wp\/v2\/users\/1"}],"replies":[{"embeddable":true,"href":"https:\/\/privadohotels.com\/de\/wp-json\/wp\/v2\/comments?post=5949"}],"version-history":[{"count":7,"href":"https:\/\/privadohotels.com\/de\/wp-json\/wp\/v2\/pages\/5949\/revisions"}],"predecessor-version":[{"id":94948,"href":"https:\/\/privadohotels.com\/de\/wp-json\/wp\/v2\/pages\/5949\/revisions\/94948"}],"wp:attachment":[{"href":"https:\/\/privadohotels.com\/de\/wp-json\/wp\/v2\/media?parent=5949"}],"curies":[{"name":"wp","href":"https:\/\/api.w.org\/{rel}","templated":true}]}}